{"id":8105,"date":"2025-01-15T14:17:40","date_gmt":"2025-01-15T14:17:40","guid":{"rendered":"https:\/\/cipa-plasticulture.com\/?post_type=product&#038;p=8105"},"modified":"2025-02-25T16:50:23","modified_gmt":"2025-02-25T16:50:23","slug":"plasticulture-magazine-2019-n-138","status":"publish","type":"product","link":"https:\/\/cipa-plasticulture.com\/fr\/produit\/plasticulture-magazine-2019-n-138\/","title":{"rendered":"Magazine Plasticulture 2019 - N\u00b0 138"},"content":{"rendered":"<p style=\"font-weight: 400;\"><strong>Les plastiques dans la temp\u00eate (2019 - N\u00b0138)<\/strong><\/p>\n<p style=\"font-weight: 400;\">D\u00e9couvrez l'\u00e9dition 2019 de Plasticulture Magazine, une ressource essentielle pour les professionnels de la plasticulture, avec un focus exclusif sur les plastiques dans la temp\u00eate. Cette \u00e9dition propose une analyse de l'\u00e9volution des normes agroplastiques en Europe, offre un aper\u00e7u du march\u00e9 de la plasticulture en Chine et explore les d\u00e9fis de l'\u00e9conomie circulaire et de la gestion des plastiques usag\u00e9s. Des discussions sur la coop\u00e9ration entre le CIPA et l'ISHS, ainsi que des \u00e9tudes approfondies sur la gestion durable des plastiques agricoles, compl\u00e8tent ce num\u00e9ro.<\/p>","protected":false},"excerpt":{"rendered":"<p>&nbsp;<\/p>\n<p>&nbsp;<\/p>\n<p>&nbsp;<\/p>\n<p>&nbsp;<\/p>\n<p>&nbsp;<\/p>","protected":false},"featured_media":10047,"comment_status":"closed","ping_status":"closed","template":"","meta":{"_acf_changed":false,"_themeisle_gutenberg_block_has_review":false},"product_brand":[],"product_cat":[15],"product_tag":[],"class_list":{"0":"post-8105","1":"product","2":"type-product","3":"status-publish","4":"has-post-thumbnail","6":"product_cat-uncategorized","8":"first","9":"instock","10":"shipping-taxable","11":"purchasable","12":"product-type-variable"},"acf":[],"aioseo_notices":[],"_links":{"self":[{"href":"https:\/\/cipa-plasticulture.com\/fr\/wp-json\/wp\/v2\/product\/8105","targetHints":{"allow":["GET"]}}],"collection":[{"href":"https:\/\/cipa-plasticulture.com\/fr\/wp-json\/wp\/v2\/product"}],"about":[{"href":"https:\/\/cipa-plasticulture.com\/fr\/wp-json\/wp\/v2\/types\/product"}],"replies":[{"embeddable":true,"href":"https:\/\/cipa-plasticulture.com\/fr\/wp-json\/wp\/v2\/comments?post=8105"}],"version-history":[{"count":0,"href":"https:\/\/cipa-plasticulture.com\/fr\/wp-json\/wp\/v2\/product\/8105\/revisions"}],"wp:featuredmedia":[{"embeddable":true,"href":"https:\/\/cipa-plasticulture.com\/fr\/wp-json\/wp\/v2\/media\/10047"}],"wp:attachment":[{"href":"https:\/\/cipa-plasticulture.com\/fr\/wp-json\/wp\/v2\/media?parent=8105"}],"wp:term":[{"taxonomy":"product_brand","embeddable":true,"href":"https:\/\/cipa-plasticulture.com\/fr\/wp-json\/wp\/v2\/product_brand?post=8105"},{"taxonomy":"product_cat","embeddable":true,"href":"https:\/\/cipa-plasticulture.com\/fr\/wp-json\/wp\/v2\/product_cat?post=8105"},{"taxonomy":"product_tag","embeddable":true,"href":"https:\/\/cipa-plasticulture.com\/fr\/wp-json\/wp\/v2\/product_tag?post=8105"}],"curies":[{"name":"wp","href":"https:\/\/api.w.org\/{rel}","templated":true}]}}