{"id":8091,"date":"2025-01-15T14:16:58","date_gmt":"2025-01-15T14:16:58","guid":{"rendered":"https:\/\/cipa-plasticulture.com\/?post_type=product&#038;p=8091"},"modified":"2025-02-25T16:44:24","modified_gmt":"2025-02-25T16:44:24","slug":"plasticulture-magazine-2018-n-137","status":"publish","type":"product","link":"https:\/\/cipa-plasticulture.com\/fr\/produit\/plasticulture-magazine-2018-n-137\/","title":{"rendered":"Magazine Plasticulture 2018 - N\u00b0 137"},"content":{"rendered":"<p style=\"font-weight: 400;\"><strong>Ma\u00eetriser les externalit\u00e9s n\u00e9gatives de l'agro-plastique (2018 - N\u00b0137)<\/strong><\/p>\n<p style=\"font-weight: 400;\">D\u00e9couvrez l'\u00e9dition 2018 de Plasticulture Magazine, ressource essentielle pour les professionnels de la plasticulture, avec un focus exclusif sur les externalit\u00e9s n\u00e9gatives agro-plastiques. Ce num\u00e9ro s'int\u00e9resse \u00e0 la strat\u00e9gie europ\u00e9enne en mati\u00e8re de plastiques et aux avanc\u00e9es en Ib\u00e9ro-Am\u00e9rique, notamment avec les 20 ans du CIDAPA. Il met en lumi\u00e8re le d\u00e9veloppement des serres photovolta\u00efques en France et la biod\u00e9gradation des plastiques dans le sol. Des articles sur les effets des films de serre sur les cultures et sur les normes des films agricoles compl\u00e8tent cette \u00e9dition.<\/p>","protected":false},"excerpt":{"rendered":"<p>&nbsp;<\/p>\n<p>&nbsp;<\/p>","protected":false},"featured_media":10048,"comment_status":"closed","ping_status":"closed","template":"","meta":{"_acf_changed":false,"_themeisle_gutenberg_block_has_review":false},"product_brand":[],"product_cat":[15],"product_tag":[],"class_list":{"0":"post-8091","1":"product","2":"type-product","3":"status-publish","4":"has-post-thumbnail","6":"product_cat-uncategorized","8":"first","9":"instock","10":"shipping-taxable","11":"purchasable","12":"product-type-variable"},"acf":[],"aioseo_notices":[],"_links":{"self":[{"href":"https:\/\/cipa-plasticulture.com\/fr\/wp-json\/wp\/v2\/product\/8091","targetHints":{"allow":["GET"]}}],"collection":[{"href":"https:\/\/cipa-plasticulture.com\/fr\/wp-json\/wp\/v2\/product"}],"about":[{"href":"https:\/\/cipa-plasticulture.com\/fr\/wp-json\/wp\/v2\/types\/product"}],"replies":[{"embeddable":true,"href":"https:\/\/cipa-plasticulture.com\/fr\/wp-json\/wp\/v2\/comments?post=8091"}],"version-history":[{"count":0,"href":"https:\/\/cipa-plasticulture.com\/fr\/wp-json\/wp\/v2\/product\/8091\/revisions"}],"wp:featuredmedia":[{"embeddable":true,"href":"https:\/\/cipa-plasticulture.com\/fr\/wp-json\/wp\/v2\/media\/10048"}],"wp:attachment":[{"href":"https:\/\/cipa-plasticulture.com\/fr\/wp-json\/wp\/v2\/media?parent=8091"}],"wp:term":[{"taxonomy":"product_brand","embeddable":true,"href":"https:\/\/cipa-plasticulture.com\/fr\/wp-json\/wp\/v2\/product_brand?post=8091"},{"taxonomy":"product_cat","embeddable":true,"href":"https:\/\/cipa-plasticulture.com\/fr\/wp-json\/wp\/v2\/product_cat?post=8091"},{"taxonomy":"product_tag","embeddable":true,"href":"https:\/\/cipa-plasticulture.com\/fr\/wp-json\/wp\/v2\/product_tag?post=8091"}],"curies":[{"name":"wp","href":"https:\/\/api.w.org\/{rel}","templated":true}]}}