{"id":8075,"date":"2025-01-15T14:11:43","date_gmt":"2025-01-15T14:11:43","guid":{"rendered":"https:\/\/cipa-plasticulture.com\/?post_type=product&#038;p=8075"},"modified":"2025-02-25T16:44:20","modified_gmt":"2025-02-25T16:44:20","slug":"plasticulture-magazine-2017-n-136","status":"publish","type":"product","link":"https:\/\/cipa-plasticulture.com\/fr\/produit\/plasticulture-magazine-2017-n-136\/","title":{"rendered":"Plasticulture Magazine 2017 - N\u00b0 136"},"content":{"rendered":"<p style=\"font-weight: 400;\"><strong>Le plastique \u00e9co-d\u00e9gradable dans l'agriculture (2017 - N\u00b0136)<\/strong><\/p>\n<p style=\"font-weight: 400;\">D\u00e9couvrez l'\u00e9dition 2017 de Plasticulture Magazine, une ressource essentielle pour les professionnels de la plasticulture, avec un focus exclusif sur le plastique \u00e9co-d\u00e9gradable. Explorez les solutions durables pour remplacer les plastiques traditionnels, tout en r\u00e9pondant aux d\u00e9fis environnementaux. Des investissements massifs dans les mat\u00e9riaux biod\u00e9gradables aux applications pratiques sur le terrain, ce num\u00e9ro pr\u00e9sente les derni\u00e8res avanc\u00e9es qui transforment l'industrie, alliant performance et respect de la nature.<\/p>","protected":false},"excerpt":{"rendered":"<p>&nbsp;<\/p>\n<p>&nbsp;<\/p>","protected":false},"featured_media":10049,"comment_status":"closed","ping_status":"closed","template":"","meta":{"_acf_changed":false,"_themeisle_gutenberg_block_has_review":false},"product_brand":[],"product_cat":[15],"product_tag":[],"class_list":{"0":"post-8075","1":"product","2":"type-product","3":"status-publish","4":"has-post-thumbnail","6":"product_cat-uncategorized","8":"first","9":"instock","10":"shipping-taxable","11":"purchasable","12":"product-type-variable"},"acf":[],"aioseo_notices":[],"_links":{"self":[{"href":"https:\/\/cipa-plasticulture.com\/fr\/wp-json\/wp\/v2\/product\/8075","targetHints":{"allow":["GET"]}}],"collection":[{"href":"https:\/\/cipa-plasticulture.com\/fr\/wp-json\/wp\/v2\/product"}],"about":[{"href":"https:\/\/cipa-plasticulture.com\/fr\/wp-json\/wp\/v2\/types\/product"}],"replies":[{"embeddable":true,"href":"https:\/\/cipa-plasticulture.com\/fr\/wp-json\/wp\/v2\/comments?post=8075"}],"version-history":[{"count":0,"href":"https:\/\/cipa-plasticulture.com\/fr\/wp-json\/wp\/v2\/product\/8075\/revisions"}],"wp:featuredmedia":[{"embeddable":true,"href":"https:\/\/cipa-plasticulture.com\/fr\/wp-json\/wp\/v2\/media\/10049"}],"wp:attachment":[{"href":"https:\/\/cipa-plasticulture.com\/fr\/wp-json\/wp\/v2\/media?parent=8075"}],"wp:term":[{"taxonomy":"product_brand","embeddable":true,"href":"https:\/\/cipa-plasticulture.com\/fr\/wp-json\/wp\/v2\/product_brand?post=8075"},{"taxonomy":"product_cat","embeddable":true,"href":"https:\/\/cipa-plasticulture.com\/fr\/wp-json\/wp\/v2\/product_cat?post=8075"},{"taxonomy":"product_tag","embeddable":true,"href":"https:\/\/cipa-plasticulture.com\/fr\/wp-json\/wp\/v2\/product_tag?post=8075"}],"curies":[{"name":"wp","href":"https:\/\/api.w.org\/{rel}","templated":true}]}}