{"id":6710,"date":"2024-12-25T18:10:09","date_gmt":"2024-12-25T18:10:09","guid":{"rendered":"https:\/\/cipa-plasticulture.com\/?post_type=product&#038;p=6710"},"modified":"2025-02-26T17:20:42","modified_gmt":"2025-02-26T17:20:42","slug":"plasticulture-magazine-2020-n-139","status":"publish","type":"product","link":"https:\/\/cipa-plasticulture.com\/fr\/produit\/plasticulture-magazine-2020-n-139\/","title":{"rendered":"Plasticulture Magazine 2020 - N\u00b0 139"},"content":{"rendered":"<p style=\"font-weight: 400;\"><strong>Plastique et biocontr\u00f4le (2020 - N\u00b0139)<\/strong><\/p>\n<p style=\"font-weight: 400;\">D\u00e9couvrez l'\u00e9dition 2020 de Plasticulture Magazine, une ressource essentielle pour les professionnels de la plasticulture, avec un accent exclusif sur le plastique et le biocontr\u00f4le. Cette \u00e9dition explore des innovations cl\u00e9s telles que les paillis biod\u00e9gradables, les filets anti-insectes biologiques et les solutions pour r\u00e9duire les d\u00e9chets plastiques agricoles. On y trouve \u00e9galement des analyses de la plasticulture mondiale, de l'Europe \u00e0 l'Am\u00e9rique du Nord, ainsi que des entretiens avec des experts de l'\u00e9conomie circulaire et de la durabilit\u00e9.<\/p>","protected":false},"excerpt":{"rendered":"<p>&nbsp;<\/p>\n<p>&nbsp;<\/p>\n<p>&nbsp;<\/p>\n<p>&nbsp;<\/p>\n<p>&nbsp;<\/p>","protected":false},"featured_media":10045,"comment_status":"closed","ping_status":"closed","template":"","meta":{"_acf_changed":false,"_themeisle_gutenberg_block_has_review":false},"product_brand":[],"product_cat":[15],"product_tag":[],"class_list":{"0":"post-6710","1":"product","2":"type-product","3":"status-publish","4":"has-post-thumbnail","6":"product_cat-uncategorized","8":"first","9":"instock","10":"shipping-taxable","11":"purchasable","12":"product-type-variable"},"acf":[],"aioseo_notices":[],"_links":{"self":[{"href":"https:\/\/cipa-plasticulture.com\/fr\/wp-json\/wp\/v2\/product\/6710","targetHints":{"allow":["GET"]}}],"collection":[{"href":"https:\/\/cipa-plasticulture.com\/fr\/wp-json\/wp\/v2\/product"}],"about":[{"href":"https:\/\/cipa-plasticulture.com\/fr\/wp-json\/wp\/v2\/types\/product"}],"replies":[{"embeddable":true,"href":"https:\/\/cipa-plasticulture.com\/fr\/wp-json\/wp\/v2\/comments?post=6710"}],"version-history":[{"count":0,"href":"https:\/\/cipa-plasticulture.com\/fr\/wp-json\/wp\/v2\/product\/6710\/revisions"}],"wp:featuredmedia":[{"embeddable":true,"href":"https:\/\/cipa-plasticulture.com\/fr\/wp-json\/wp\/v2\/media\/10045"}],"wp:attachment":[{"href":"https:\/\/cipa-plasticulture.com\/fr\/wp-json\/wp\/v2\/media?parent=6710"}],"wp:term":[{"taxonomy":"product_brand","embeddable":true,"href":"https:\/\/cipa-plasticulture.com\/fr\/wp-json\/wp\/v2\/product_brand?post=6710"},{"taxonomy":"product_cat","embeddable":true,"href":"https:\/\/cipa-plasticulture.com\/fr\/wp-json\/wp\/v2\/product_cat?post=6710"},{"taxonomy":"product_tag","embeddable":true,"href":"https:\/\/cipa-plasticulture.com\/fr\/wp-json\/wp\/v2\/product_tag?post=6710"}],"curies":[{"name":"wp","href":"https:\/\/api.w.org\/{rel}","templated":true}]}}