{"id":6678,"date":"2024-12-25T18:09:32","date_gmt":"2024-12-25T18:09:32","guid":{"rendered":"https:\/\/cipa-plasticulture.com\/?post_type=product&#038;p=6678"},"modified":"2025-02-26T17:26:09","modified_gmt":"2025-02-26T17:26:09","slug":"plasticulture-magazine-2021-n-140","status":"publish","type":"product","link":"https:\/\/cipa-plasticulture.com\/fr\/produit\/plasticulture-magazine-2021-n-140\/","title":{"rendered":"Plasticulture Magazine 2021 - N\u00b0 140"},"content":{"rendered":"<p style=\"font-weight: 400;\"><strong>Gestion int\u00e9gr\u00e9e des plastiques (2021 - N\u00b0140)<\/strong><\/p>\n<p style=\"font-weight: 400;\">D\u00e9couvrez l'\u00e9dition 2021 de Plasticulture Magazine, un aper\u00e7u complet de la gestion durable des plastiques agricoles. Focus sur les syst\u00e8mes de collecte nationaux, le recyclage chimique et les normes europ\u00e9ennes. D\u00e9couvrez \u00e9galement les innovations en mati\u00e8re de pr\u00e9-nettoyage, de paillage plastique et de r\u00e9duction de l'impact des plastiques dans les \u00e9levages.<\/p>","protected":false},"excerpt":{"rendered":"<p>&nbsp;<\/p>\n<p>&nbsp;<\/p>\n<p>&nbsp;<\/p>\n<p>&nbsp;<\/p>\n<p>&nbsp;<\/p>\n<p>&nbsp;<\/p>","protected":false},"featured_media":10044,"comment_status":"closed","ping_status":"closed","template":"","meta":{"_acf_changed":false,"_themeisle_gutenberg_block_has_review":false},"product_brand":[],"product_cat":[15],"product_tag":[],"class_list":{"0":"post-6678","1":"product","2":"type-product","3":"status-publish","4":"has-post-thumbnail","6":"product_cat-uncategorized","8":"first","9":"instock","10":"shipping-taxable","11":"purchasable","12":"product-type-variable"},"acf":[],"aioseo_notices":[],"_links":{"self":[{"href":"https:\/\/cipa-plasticulture.com\/fr\/wp-json\/wp\/v2\/product\/6678","targetHints":{"allow":["GET"]}}],"collection":[{"href":"https:\/\/cipa-plasticulture.com\/fr\/wp-json\/wp\/v2\/product"}],"about":[{"href":"https:\/\/cipa-plasticulture.com\/fr\/wp-json\/wp\/v2\/types\/product"}],"replies":[{"embeddable":true,"href":"https:\/\/cipa-plasticulture.com\/fr\/wp-json\/wp\/v2\/comments?post=6678"}],"version-history":[{"count":0,"href":"https:\/\/cipa-plasticulture.com\/fr\/wp-json\/wp\/v2\/product\/6678\/revisions"}],"wp:featuredmedia":[{"embeddable":true,"href":"https:\/\/cipa-plasticulture.com\/fr\/wp-json\/wp\/v2\/media\/10044"}],"wp:attachment":[{"href":"https:\/\/cipa-plasticulture.com\/fr\/wp-json\/wp\/v2\/media?parent=6678"}],"wp:term":[{"taxonomy":"product_brand","embeddable":true,"href":"https:\/\/cipa-plasticulture.com\/fr\/wp-json\/wp\/v2\/product_brand?post=6678"},{"taxonomy":"product_cat","embeddable":true,"href":"https:\/\/cipa-plasticulture.com\/fr\/wp-json\/wp\/v2\/product_cat?post=6678"},{"taxonomy":"product_tag","embeddable":true,"href":"https:\/\/cipa-plasticulture.com\/fr\/wp-json\/wp\/v2\/product_tag?post=6678"}],"curies":[{"name":"wp","href":"https:\/\/api.w.org\/{rel}","templated":true}]}}