{"id":6646,"date":"2024-12-25T18:08:55","date_gmt":"2024-12-25T18:08:55","guid":{"rendered":"https:\/\/cipa-plasticulture.com\/?post_type=product&#038;p=6646"},"modified":"2025-02-26T17:35:59","modified_gmt":"2025-02-26T17:35:59","slug":"plasticulture-magazine-2022-n-141","status":"publish","type":"product","link":"https:\/\/cipa-plasticulture.com\/fr\/produit\/plasticulture-magazine-2022-n-141\/","title":{"rendered":"Plasticulture Magazine 2022 - N\u00b0 141"},"content":{"rendered":"<p style=\"font-weight: 400;\"><strong>Rapports de la FAO et d'Eunomia - Vers un trait\u00e9 sur les plastiques agricoles ? (2022 - N\u00b0141)<\/strong><\/p>\n<p style=\"font-weight: 400;\">D\u00e9couvrez l'\u00e9dition 2022 de Plasticulture Magazine, une ressource essentielle pour les professionnels de la plasticulture, avec un focus exclusif sur l'\u00e9conomie circulaire et des rapports cl\u00e9s d'Eunomia et de la FAO. Cette \u00e9dition offre une vision globale des questions d'actualit\u00e9 : innovations en mati\u00e8re de recyclage, pratiques de gestion int\u00e9gr\u00e9e et normes internationales. A lire \u00e9galement : le paillage en Chine, les plastiques biod\u00e9gradables et les bonnes pratiques de stockage agricole.<\/p>","protected":false},"excerpt":{"rendered":"<p>&nbsp;<\/p>\n<p>&nbsp;<\/p>\n<p>&nbsp;<\/p>\n<p>&nbsp;<\/p>\n<p>&nbsp;<\/p>\n<p>&nbsp;<\/p>\n<p>&nbsp;<\/p>","protected":false},"featured_media":10043,"comment_status":"closed","ping_status":"closed","template":"","meta":{"_acf_changed":false,"_themeisle_gutenberg_block_has_review":false},"product_brand":[],"product_cat":[15],"product_tag":[],"class_list":{"0":"post-6646","1":"product","2":"type-product","3":"status-publish","4":"has-post-thumbnail","6":"product_cat-uncategorized","8":"first","9":"instock","10":"shipping-taxable","11":"purchasable","12":"product-type-variable"},"acf":[],"aioseo_notices":[],"_links":{"self":[{"href":"https:\/\/cipa-plasticulture.com\/fr\/wp-json\/wp\/v2\/product\/6646","targetHints":{"allow":["GET"]}}],"collection":[{"href":"https:\/\/cipa-plasticulture.com\/fr\/wp-json\/wp\/v2\/product"}],"about":[{"href":"https:\/\/cipa-plasticulture.com\/fr\/wp-json\/wp\/v2\/types\/product"}],"replies":[{"embeddable":true,"href":"https:\/\/cipa-plasticulture.com\/fr\/wp-json\/wp\/v2\/comments?post=6646"}],"version-history":[{"count":0,"href":"https:\/\/cipa-plasticulture.com\/fr\/wp-json\/wp\/v2\/product\/6646\/revisions"}],"wp:featuredmedia":[{"embeddable":true,"href":"https:\/\/cipa-plasticulture.com\/fr\/wp-json\/wp\/v2\/media\/10043"}],"wp:attachment":[{"href":"https:\/\/cipa-plasticulture.com\/fr\/wp-json\/wp\/v2\/media?parent=6646"}],"wp:term":[{"taxonomy":"product_brand","embeddable":true,"href":"https:\/\/cipa-plasticulture.com\/fr\/wp-json\/wp\/v2\/product_brand?post=6646"},{"taxonomy":"product_cat","embeddable":true,"href":"https:\/\/cipa-plasticulture.com\/fr\/wp-json\/wp\/v2\/product_cat?post=6646"},{"taxonomy":"product_tag","embeddable":true,"href":"https:\/\/cipa-plasticulture.com\/fr\/wp-json\/wp\/v2\/product_tag?post=6646"}],"curies":[{"name":"wp","href":"https:\/\/api.w.org\/{rel}","templated":true}]}}