{"id":6612,"date":"2024-12-25T18:06:46","date_gmt":"2024-12-25T18:06:46","guid":{"rendered":"https:\/\/cipa-plasticulture.com\/?post_type=product&#038;p=6612"},"modified":"2025-02-26T17:38:57","modified_gmt":"2025-02-26T17:38:57","slug":"plasticulture-magazine-2023-n-142","status":"publish","type":"product","link":"https:\/\/cipa-plasticulture.com\/fr\/produit\/plasticulture-magazine-2023-n-142\/","title":{"rendered":"Plasticulture Magazine 2023 - N\u00b0 142"},"content":{"rendered":"<p style=\"font-weight: 400;\"><strong>Microplastiques dans les sols... De quoi parle-t-on ? (2023 - N\u00b0142)<\/strong><\/p>\n<p style=\"font-weight: 400;\">D\u00e9couvrez l'\u00e9dition 2023 de Plasticulture Magazine, une ressource essentielle pour les professionnels de la plasticulture, avec un focus exclusif sur les Microplastiques dans les sols. Vous y trouverez des analyses d\u00e9taill\u00e9es de leur impact, des innovations prometteuses telles que le recyclage des plastiques agricoles et les serres photovolta\u00efques, ainsi qu'un large \u00e9ventail de perspectives d'experts, d'ONG, de fabricants et de d\u00e9cideurs.<\/p>","protected":false},"excerpt":{"rendered":"<p>&nbsp;<\/p>\n<p>&nbsp;<\/p>\n<p>&nbsp;<\/p>","protected":false},"featured_media":10042,"comment_status":"closed","ping_status":"closed","template":"","meta":{"_acf_changed":false,"_themeisle_gutenberg_block_has_review":false},"product_brand":[],"product_cat":[15],"product_tag":[],"class_list":{"0":"post-6612","1":"product","2":"type-product","3":"status-publish","4":"has-post-thumbnail","6":"product_cat-uncategorized","8":"first","9":"instock","10":"shipping-taxable","11":"purchasable","12":"product-type-variable"},"acf":[],"aioseo_notices":[],"_links":{"self":[{"href":"https:\/\/cipa-plasticulture.com\/fr\/wp-json\/wp\/v2\/product\/6612","targetHints":{"allow":["GET"]}}],"collection":[{"href":"https:\/\/cipa-plasticulture.com\/fr\/wp-json\/wp\/v2\/product"}],"about":[{"href":"https:\/\/cipa-plasticulture.com\/fr\/wp-json\/wp\/v2\/types\/product"}],"replies":[{"embeddable":true,"href":"https:\/\/cipa-plasticulture.com\/fr\/wp-json\/wp\/v2\/comments?post=6612"}],"version-history":[{"count":0,"href":"https:\/\/cipa-plasticulture.com\/fr\/wp-json\/wp\/v2\/product\/6612\/revisions"}],"wp:featuredmedia":[{"embeddable":true,"href":"https:\/\/cipa-plasticulture.com\/fr\/wp-json\/wp\/v2\/media\/10042"}],"wp:attachment":[{"href":"https:\/\/cipa-plasticulture.com\/fr\/wp-json\/wp\/v2\/media?parent=6612"}],"wp:term":[{"taxonomy":"product_brand","embeddable":true,"href":"https:\/\/cipa-plasticulture.com\/fr\/wp-json\/wp\/v2\/product_brand?post=6612"},{"taxonomy":"product_cat","embeddable":true,"href":"https:\/\/cipa-plasticulture.com\/fr\/wp-json\/wp\/v2\/product_cat?post=6612"},{"taxonomy":"product_tag","embeddable":true,"href":"https:\/\/cipa-plasticulture.com\/fr\/wp-json\/wp\/v2\/product_tag?post=6612"}],"curies":[{"name":"wp","href":"https:\/\/api.w.org\/{rel}","templated":true}]}}