{"id":6316,"date":"2024-12-25T12:25:55","date_gmt":"2024-12-25T12:25:55","guid":{"rendered":"https:\/\/cipa-plasticulture.com\/?post_type=product&#038;p=6316"},"modified":"2025-04-21T16:00:47","modified_gmt":"2025-04-21T16:00:47","slug":"plasticulture-magazine-2024-n-143","status":"publish","type":"product","link":"https:\/\/cipa-plasticulture.com\/fr\/produit\/plasticulture-magazine-2024-n-143\/","title":{"rendered":"Plasticulture Magazine 2024 - N\u00b0 143"},"content":{"rendered":"<p style=\"font-weight: 400;\"><strong>Les additifs plastiques et leurs effets (2024 - N\u00b0143)<\/strong><\/p>\n<p style=\"font-weight: 400;\">D\u00e9couvrez l'\u00e9dition 2024 de\u00a0<strong>Magazine Plasticulture<\/strong>Ce num\u00e9ro est une ressource essentielle pour les professionnels de la plasticulture, avec un rapport exclusif sur les additifs dans les plastiques agricoles. Ce num\u00e9ro met en lumi\u00e8re des pratiques innovantes pour relever les d\u00e9fis de l'\u00e9levage, explore les derni\u00e8res avanc\u00e9es en mati\u00e8re de recherche et de d\u00e9veloppement, et se concentre sur des solutions durables pour la gestion des d\u00e9chets plastiques. Une mine d'expertise pour une agriculture innovante et respectueuse de l'environnement.<\/p>","protected":false},"excerpt":{"rendered":"<p>&nbsp;<\/p>\n<p>&nbsp;<\/p>\n<p>&nbsp;<\/p>","protected":false},"featured_media":10038,"comment_status":"closed","ping_status":"closed","template":"","meta":{"_acf_changed":false,"_themeisle_gutenberg_block_has_review":false},"product_brand":[],"product_cat":[15],"product_tag":[],"class_list":{"0":"post-6316","1":"product","2":"type-product","3":"status-publish","4":"has-post-thumbnail","6":"product_cat-uncategorized","8":"first","9":"instock","10":"shipping-taxable","11":"purchasable","12":"product-type-variable"},"acf":[],"aioseo_notices":[],"_links":{"self":[{"href":"https:\/\/cipa-plasticulture.com\/fr\/wp-json\/wp\/v2\/product\/6316","targetHints":{"allow":["GET"]}}],"collection":[{"href":"https:\/\/cipa-plasticulture.com\/fr\/wp-json\/wp\/v2\/product"}],"about":[{"href":"https:\/\/cipa-plasticulture.com\/fr\/wp-json\/wp\/v2\/types\/product"}],"replies":[{"embeddable":true,"href":"https:\/\/cipa-plasticulture.com\/fr\/wp-json\/wp\/v2\/comments?post=6316"}],"version-history":[{"count":0,"href":"https:\/\/cipa-plasticulture.com\/fr\/wp-json\/wp\/v2\/product\/6316\/revisions"}],"wp:featuredmedia":[{"embeddable":true,"href":"https:\/\/cipa-plasticulture.com\/fr\/wp-json\/wp\/v2\/media\/10038"}],"wp:attachment":[{"href":"https:\/\/cipa-plasticulture.com\/fr\/wp-json\/wp\/v2\/media?parent=6316"}],"wp:term":[{"taxonomy":"product_brand","embeddable":true,"href":"https:\/\/cipa-plasticulture.com\/fr\/wp-json\/wp\/v2\/product_brand?post=6316"},{"taxonomy":"product_cat","embeddable":true,"href":"https:\/\/cipa-plasticulture.com\/fr\/wp-json\/wp\/v2\/product_cat?post=6316"},{"taxonomy":"product_tag","embeddable":true,"href":"https:\/\/cipa-plasticulture.com\/fr\/wp-json\/wp\/v2\/product_tag?post=6316"}],"curies":[{"name":"wp","href":"https:\/\/api.w.org\/{rel}","templated":true}]}}