{"id":12930,"date":"2025-05-21T08:27:08","date_gmt":"2025-05-21T08:27:08","guid":{"rendered":"https:\/\/cipa-plasticulture.com\/?post_type=product&#038;p=12930"},"modified":"2025-11-07T13:04:47","modified_gmt":"2025-11-07T13:04:47","slug":"plasticulture-magazine-2025-n-144","status":"publish","type":"product","link":"https:\/\/cipa-plasticulture.com\/fr\/produit\/plasticulture-magazine-2025-n-144\/","title":{"rendered":"Plasticulture Magazine 2025 - N\u00b0 144"},"content":{"rendered":"<p class=\"p1\"><b>Plasticulture Magazine 2025 - N\u00b0144<\/b><b><\/b><\/p>\n<p class=\"p2\">Cette \u00e9dition se concentre sur l'impact environnemental et le cycle de vie des plastiques dans l'agriculture, avec un aper\u00e7u approfondi du projet europ\u00e9en PAPILLONS sur les films de paillage biod\u00e9gradables et les microplastiques. Elle pr\u00e9sente des \u00e9tudes de cas fran\u00e7aises et chinoises sur l'utilisation des plastiques dans l'agriculture, le d\u00e9veloppement de syst\u00e8mes de recyclage avanc\u00e9s et le r\u00f4le des mod\u00e8les coop\u00e9ratifs dans la collecte des d\u00e9chets. Les points forts comprennent des r\u00e9sultats exp\u00e9rimentaux sur les films biod\u00e9gradables, des mises \u00e0 jour r\u00e9glementaires de l'UE et des perspectives d'experts du Br\u00e9sil, d'Isra\u00ebl et d'Europe sur la construction d'une \u00e9conomie circulaire du plastique dans l'agriculture.<\/p>","protected":false},"excerpt":{"rendered":"<p class=\"p1\">D\u00e9couvrez l'\u00e9dition 2025 de Plasticulture Magazine, qui pr\u00e9sente des recherches de pointe sur les paillis biod\u00e9gradables, les microplastiques et les strat\u00e9gies d'\u00e9conomie circulaire dans l'agriculture. Vous y trouverez des \u00e9tudes de cas en Europe, en Chine et au Br\u00e9sil, ainsi que les derniers r\u00e9sultats du projet PAPILLONS.<\/p>\n<p>&nbsp;<\/p>\n<p>&nbsp;<\/p>","protected":false},"featured_media":12969,"comment_status":"closed","ping_status":"closed","template":"","meta":{"_acf_changed":false,"_themeisle_gutenberg_block_has_review":false},"product_brand":[],"product_cat":[15],"product_tag":[],"class_list":{"0":"post-12930","1":"product","2":"type-product","3":"status-publish","4":"has-post-thumbnail","6":"product_cat-uncategorized","8":"first","9":"instock","10":"shipping-taxable","11":"purchasable","12":"product-type-variable"},"acf":[],"aioseo_notices":[],"_links":{"self":[{"href":"https:\/\/cipa-plasticulture.com\/fr\/wp-json\/wp\/v2\/product\/12930","targetHints":{"allow":["GET"]}}],"collection":[{"href":"https:\/\/cipa-plasticulture.com\/fr\/wp-json\/wp\/v2\/product"}],"about":[{"href":"https:\/\/cipa-plasticulture.com\/fr\/wp-json\/wp\/v2\/types\/product"}],"replies":[{"embeddable":true,"href":"https:\/\/cipa-plasticulture.com\/fr\/wp-json\/wp\/v2\/comments?post=12930"}],"version-history":[{"count":0,"href":"https:\/\/cipa-plasticulture.com\/fr\/wp-json\/wp\/v2\/product\/12930\/revisions"}],"wp:featuredmedia":[{"embeddable":true,"href":"https:\/\/cipa-plasticulture.com\/fr\/wp-json\/wp\/v2\/media\/12969"}],"wp:attachment":[{"href":"https:\/\/cipa-plasticulture.com\/fr\/wp-json\/wp\/v2\/media?parent=12930"}],"wp:term":[{"taxonomy":"product_brand","embeddable":true,"href":"https:\/\/cipa-plasticulture.com\/fr\/wp-json\/wp\/v2\/product_brand?post=12930"},{"taxonomy":"product_cat","embeddable":true,"href":"https:\/\/cipa-plasticulture.com\/fr\/wp-json\/wp\/v2\/product_cat?post=12930"},{"taxonomy":"product_tag","embeddable":true,"href":"https:\/\/cipa-plasticulture.com\/fr\/wp-json\/wp\/v2\/product_tag?post=12930"}],"curies":[{"name":"wp","href":"https:\/\/api.w.org\/{rel}","templated":true}]}}