{"id":12925,"date":"2025-05-15T11:48:34","date_gmt":"2025-05-15T11:48:34","guid":{"rendered":"https:\/\/cipa-plasticulture.com\/?post_type=product&#038;p=12925"},"modified":"2025-05-15T11:50:36","modified_gmt":"2025-05-15T11:50:36","slug":"plasticulture-magazine-1968-n-01","status":"publish","type":"product","link":"https:\/\/cipa-plasticulture.com\/fr\/produit\/plasticulture-magazine-1968-n-01\/","title":{"rendered":"Magazine Plasticulture 1968 - N\u00b0 01"},"content":{"rendered":"<p class=\"p1\"><b>Magazine Plasticulture 1968 - N\u00b01<\/b><b><\/b><\/p>\n<p class=\"p2\">Le tout premier num\u00e9ro de Plasticulture Magazine pr\u00e9sente la mission du tout nouveau Comit\u00e9 international des plastiques en agriculture (CIPA). Il contient des articles fondamentaux sur le r\u00f4le des plastiques dans l'agriculture moderne, les premi\u00e8res recherches men\u00e9es par les stations exp\u00e9rimentales fran\u00e7aises et les premiers \u00e9changes internationaux sur les technologies de serre et le paillage. Un lancement historique qui a ouvert la voie \u00e0 des d\u00e9cennies d'innovation.<\/p>","protected":false},"excerpt":{"rendered":"<p>&nbsp;<\/p>\n<p>&nbsp;<\/p>\n<p>&nbsp;<\/p>","protected":false},"featured_media":12928,"comment_status":"closed","ping_status":"closed","template":"","meta":{"_acf_changed":false,"_themeisle_gutenberg_block_has_review":false},"product_brand":[],"product_cat":[15],"product_tag":[],"class_list":{"0":"post-12925","1":"product","2":"type-product","3":"status-publish","4":"has-post-thumbnail","6":"product_cat-uncategorized","8":"first","9":"instock","10":"shipping-taxable","11":"purchasable","12":"product-type-variable"},"acf":[],"aioseo_notices":[],"_links":{"self":[{"href":"https:\/\/cipa-plasticulture.com\/fr\/wp-json\/wp\/v2\/product\/12925","targetHints":{"allow":["GET"]}}],"collection":[{"href":"https:\/\/cipa-plasticulture.com\/fr\/wp-json\/wp\/v2\/product"}],"about":[{"href":"https:\/\/cipa-plasticulture.com\/fr\/wp-json\/wp\/v2\/types\/product"}],"replies":[{"embeddable":true,"href":"https:\/\/cipa-plasticulture.com\/fr\/wp-json\/wp\/v2\/comments?post=12925"}],"version-history":[{"count":0,"href":"https:\/\/cipa-plasticulture.com\/fr\/wp-json\/wp\/v2\/product\/12925\/revisions"}],"wp:featuredmedia":[{"embeddable":true,"href":"https:\/\/cipa-plasticulture.com\/fr\/wp-json\/wp\/v2\/media\/12928"}],"wp:attachment":[{"href":"https:\/\/cipa-plasticulture.com\/fr\/wp-json\/wp\/v2\/media?parent=12925"}],"wp:term":[{"taxonomy":"product_brand","embeddable":true,"href":"https:\/\/cipa-plasticulture.com\/fr\/wp-json\/wp\/v2\/product_brand?post=12925"},{"taxonomy":"product_cat","embeddable":true,"href":"https:\/\/cipa-plasticulture.com\/fr\/wp-json\/wp\/v2\/product_cat?post=12925"},{"taxonomy":"product_tag","embeddable":true,"href":"https:\/\/cipa-plasticulture.com\/fr\/wp-json\/wp\/v2\/product_tag?post=12925"}],"curies":[{"name":"wp","href":"https:\/\/api.w.org\/{rel}","templated":true}]}}