{"id":12919,"date":"2025-05-15T11:38:53","date_gmt":"2025-05-15T11:38:53","guid":{"rendered":"https:\/\/cipa-plasticulture.com\/?post_type=product&#038;p=12919"},"modified":"2025-05-15T11:43:15","modified_gmt":"2025-05-15T11:43:15","slug":"plasticulture-magazine-1969-n-02-03-04","status":"publish","type":"product","link":"https:\/\/cipa-plasticulture.com\/fr\/produit\/plasticulture-magazine-1969-n-02-03-04\/","title":{"rendered":"Magazine Plasticulture 1969 - N\u00b0 02-03-04"},"content":{"rendered":"<p class=\"p1\"><b>Magazine Plasticulture 1969 - N\u00b02<\/b><b><\/b><\/p>\n<p class=\"p2\">Ce num\u00e9ro d\u00e9crit l'expansion des comit\u00e9s nationaux sur les plastiques agricoles et pr\u00e9sente des mises \u00e0 jour des \u00c9tats-Unis, de la France et de l'Italie. Parmi les points forts de ce num\u00e9ro figurent les sessions techniques des colloques fran\u00e7ais et italien, les premi\u00e8res informations sur le paillage plastique et des d\u00e9tails sur les \u00e9v\u00e9nements internationaux \u00e0 venir qui fa\u00e7onneront le secteur de la plasticulture en Europe et en Am\u00e9rique du Nord.<\/p>\n<p class=\"p1\"><b>Plasticulture Magazine 1969 - N\u00b03 &amp; 4<\/b><b><\/b><\/p>\n<p class=\"p2\">Ce num\u00e9ro double marque la reconnaissance officielle du CIPA et fait le point sur son rayonnement international. Il pr\u00e9sente des nouvelles de la Bulgarie, de l'Angleterre, de la France, de l'Espagne et de l'Italie, ainsi que des informations sur l'organisation des congr\u00e8s pass\u00e9s et \u00e0 venir. Une \u00e9tape cruciale dans la structuration de la coop\u00e9ration mondiale dans le domaine des plastiques agricoles.<\/p>","protected":false},"excerpt":{"rendered":"<p>&nbsp;<\/p>\n<p>&nbsp;<\/p>\n<p>&nbsp;<\/p>","protected":false},"featured_media":12923,"comment_status":"closed","ping_status":"closed","template":"","meta":{"_acf_changed":false,"_themeisle_gutenberg_block_has_review":false},"product_brand":[],"product_cat":[15],"product_tag":[],"class_list":{"0":"post-12919","1":"product","2":"type-product","3":"status-publish","4":"has-post-thumbnail","6":"product_cat-uncategorized","8":"first","9":"instock","10":"shipping-taxable","11":"purchasable","12":"product-type-variable"},"acf":[],"aioseo_notices":[],"_links":{"self":[{"href":"https:\/\/cipa-plasticulture.com\/fr\/wp-json\/wp\/v2\/product\/12919","targetHints":{"allow":["GET"]}}],"collection":[{"href":"https:\/\/cipa-plasticulture.com\/fr\/wp-json\/wp\/v2\/product"}],"about":[{"href":"https:\/\/cipa-plasticulture.com\/fr\/wp-json\/wp\/v2\/types\/product"}],"replies":[{"embeddable":true,"href":"https:\/\/cipa-plasticulture.com\/fr\/wp-json\/wp\/v2\/comments?post=12919"}],"version-history":[{"count":0,"href":"https:\/\/cipa-plasticulture.com\/fr\/wp-json\/wp\/v2\/product\/12919\/revisions"}],"wp:featuredmedia":[{"embeddable":true,"href":"https:\/\/cipa-plasticulture.com\/fr\/wp-json\/wp\/v2\/media\/12923"}],"wp:attachment":[{"href":"https:\/\/cipa-plasticulture.com\/fr\/wp-json\/wp\/v2\/media?parent=12919"}],"wp:term":[{"taxonomy":"product_brand","embeddable":true,"href":"https:\/\/cipa-plasticulture.com\/fr\/wp-json\/wp\/v2\/product_brand?post=12919"},{"taxonomy":"product_cat","embeddable":true,"href":"https:\/\/cipa-plasticulture.com\/fr\/wp-json\/wp\/v2\/product_cat?post=12919"},{"taxonomy":"product_tag","embeddable":true,"href":"https:\/\/cipa-plasticulture.com\/fr\/wp-json\/wp\/v2\/product_tag?post=12919"}],"curies":[{"name":"wp","href":"https:\/\/api.w.org\/{rel}","templated":true}]}}