{"id":12903,"date":"2025-05-15T10:25:21","date_gmt":"2025-05-15T10:25:21","guid":{"rendered":"https:\/\/cipa-plasticulture.com\/?post_type=product&#038;p=12903"},"modified":"2025-05-15T10:28:19","modified_gmt":"2025-05-15T10:28:19","slug":"plasticulture-magazine-1973-n-20","status":"publish","type":"product","link":"https:\/\/cipa-plasticulture.com\/fr\/produit\/plasticulture-magazine-1973-n-20\/","title":{"rendered":"Plasticulture Magazine 1973 - N\u00b0 20"},"content":{"rendered":"<p class=\"p1\"><b>Magazine Plasticulture 1973 - N\u00b020<\/b><b><\/b><\/p>\n<p class=\"p2\">Ce num\u00e9ro pr\u00e9sente une revue des d\u00e9veloppements techniques du 6e colloque international de Bucarest. Les sujets abord\u00e9s comprennent l'optimisation de la conception des tunnels, les additifs pour les films anti-gouttes, la productivit\u00e9 des plantes dans des conditions de paillage et le r\u00f4le croissant des plastiques dans l'irrigation et la floriculture.<\/p>","protected":false},"excerpt":{"rendered":"<p>&nbsp;<\/p>\n<p>&nbsp;<\/p>\n<p>&nbsp;<\/p>","protected":false},"featured_media":12908,"comment_status":"closed","ping_status":"closed","template":"","meta":{"_acf_changed":false,"_themeisle_gutenberg_block_has_review":false},"product_brand":[],"product_cat":[15],"product_tag":[],"class_list":{"0":"post-12903","1":"product","2":"type-product","3":"status-publish","4":"has-post-thumbnail","6":"product_cat-uncategorized","8":"first","9":"instock","10":"shipping-taxable","11":"purchasable","12":"product-type-variable"},"acf":[],"aioseo_notices":[],"_links":{"self":[{"href":"https:\/\/cipa-plasticulture.com\/fr\/wp-json\/wp\/v2\/product\/12903","targetHints":{"allow":["GET"]}}],"collection":[{"href":"https:\/\/cipa-plasticulture.com\/fr\/wp-json\/wp\/v2\/product"}],"about":[{"href":"https:\/\/cipa-plasticulture.com\/fr\/wp-json\/wp\/v2\/types\/product"}],"replies":[{"embeddable":true,"href":"https:\/\/cipa-plasticulture.com\/fr\/wp-json\/wp\/v2\/comments?post=12903"}],"version-history":[{"count":0,"href":"https:\/\/cipa-plasticulture.com\/fr\/wp-json\/wp\/v2\/product\/12903\/revisions"}],"wp:featuredmedia":[{"embeddable":true,"href":"https:\/\/cipa-plasticulture.com\/fr\/wp-json\/wp\/v2\/media\/12908"}],"wp:attachment":[{"href":"https:\/\/cipa-plasticulture.com\/fr\/wp-json\/wp\/v2\/media?parent=12903"}],"wp:term":[{"taxonomy":"product_brand","embeddable":true,"href":"https:\/\/cipa-plasticulture.com\/fr\/wp-json\/wp\/v2\/product_brand?post=12903"},{"taxonomy":"product_cat","embeddable":true,"href":"https:\/\/cipa-plasticulture.com\/fr\/wp-json\/wp\/v2\/product_cat?post=12903"},{"taxonomy":"product_tag","embeddable":true,"href":"https:\/\/cipa-plasticulture.com\/fr\/wp-json\/wp\/v2\/product_tag?post=12903"}],"curies":[{"name":"wp","href":"https:\/\/api.w.org\/{rel}","templated":true}]}}