{"id":12733,"date":"2025-04-21T15:10:57","date_gmt":"2025-04-21T15:10:57","guid":{"rendered":"https:\/\/cipa-plasticulture.com\/?post_type=product&#038;p=12733"},"modified":"2025-05-15T11:05:30","modified_gmt":"2025-05-15T11:05:30","slug":"plasticulture-magazine-1970-n-05-06-08","status":"publish","type":"product","link":"https:\/\/cipa-plasticulture.com\/fr\/produit\/plasticulture-magazine-1970-n-05-06-08\/","title":{"rendered":"Magazine Plasticulture 1970 - N\u00b0 05-06-08"},"content":{"rendered":"<p class=\"p1\"><strong>Magazine Plasticulture 1970 - N\u00b05<\/strong><\/p>\n<p class=\"p1\">Cette \u00e9dition pr\u00e9sente le programme d\u00e9taill\u00e9 du 4e colloque international sur les plastiques dans l'agriculture et fournit des rapports d'Australie, de France et des \u00c9tats-Unis. Les sujets abord\u00e9s comprennent des donn\u00e9es pr\u00e9liminaires sur l'adoption des serres, les syst\u00e8mes d'irrigation et les d\u00e9veloppements nationaux dans l'utilisation des plastiques pour la protection et le stockage des cultures.<\/p>\n<p class=\"p1\"><strong>Magazine Plasticulture 1970 - N\u00b06<\/strong><\/p>\n<p class=\"p1\">Un num\u00e9ro sp\u00e9cial consacr\u00e9 au 4e colloque international qui s'est tenu \u00e0 Paris et qui pr\u00e9sente des \u00e9tudes de cas et des avanc\u00e9es techniques \u00e0 l'\u00e9chelle mondiale. Il couvre les films de poly\u00e9thyl\u00e8ne pour les serres, les techniques d'ensilage, les r\u00e9servoirs d'eau et les strat\u00e9gies de paillage plastique. Une ressource fondamentale consolidant les meilleures pratiques mondiales en mati\u00e8re de plastiques agricoles.<\/p>\n<p>&nbsp;<\/p>\n<p class=\"p1\"><b>Bulletin de la Plasticulture No. 8 - D\u00e9cembre 1970<\/b><\/p>\n<p class=\"p3\">Cette \u00e9dition met l'accent sur le r\u00f4le global des plastiques dans l'agriculture, en soulignant les efforts pionniers de l'Argentine gr\u00e2ce \u00e0 des congr\u00e8s nationaux et \u00e0 la cr\u00e9ation d'un comit\u00e9 sp\u00e9cialis\u00e9. Un rapport d\u00e9taill\u00e9 du Chili pr\u00e9sente des innovations telles que les films de poly\u00e9thyl\u00e8ne pour l'ensilage et les d\u00e9fis de l'irrigation dans des conditions de s\u00e9cheresse. L'Italie annonce son cinqui\u00e8me colloque national sur les plastiques agricoles, qui pr\u00e9sente des recherches approfondies men\u00e9es par des universit\u00e9s de premier plan sur le paillage, l'am\u00e9lioration des sols et les technologies de serre. Au Maroc, la croissance rapide de la production de l\u00e9gumes est li\u00e9e \u00e0 l'augmentation des applications plastiques, en particulier dans les r\u00e9gions c\u00f4ti\u00e8res et montagneuses. Les sections techniques explorent de nouveaux films de poly\u00e9thyl\u00e8ne avec des propri\u00e9t\u00e9s anti-condensation et thermiques, des techniques de paillage plastique pour les pommes de terre et les plants de caf\u00e9, et des \u00e9tudes pr\u00e9liminaires sur le paillage plastique pour les vergers de poires.<\/p>\n<div id=\"gtx-trans\" style=\"position: absolute; left: 116px; top: 48px;\">\n<div class=\"gtx-trans-icon\"><\/div>\n<\/div>","protected":false},"excerpt":{"rendered":"<p>&nbsp;<\/p>\n<p>&nbsp;<\/p>\n<p>&nbsp;<\/p>","protected":false},"featured_media":12736,"comment_status":"closed","ping_status":"closed","template":"","meta":{"_acf_changed":false,"_themeisle_gutenberg_block_has_review":false},"product_brand":[],"product_cat":[15],"product_tag":[],"class_list":{"0":"post-12733","1":"product","2":"type-product","3":"status-publish","4":"has-post-thumbnail","6":"product_cat-uncategorized","8":"first","9":"instock","10":"shipping-taxable","11":"purchasable","12":"product-type-variable"},"acf":[],"aioseo_notices":[],"_links":{"self":[{"href":"https:\/\/cipa-plasticulture.com\/fr\/wp-json\/wp\/v2\/product\/12733","targetHints":{"allow":["GET"]}}],"collection":[{"href":"https:\/\/cipa-plasticulture.com\/fr\/wp-json\/wp\/v2\/product"}],"about":[{"href":"https:\/\/cipa-plasticulture.com\/fr\/wp-json\/wp\/v2\/types\/product"}],"replies":[{"embeddable":true,"href":"https:\/\/cipa-plasticulture.com\/fr\/wp-json\/wp\/v2\/comments?post=12733"}],"version-history":[{"count":0,"href":"https:\/\/cipa-plasticulture.com\/fr\/wp-json\/wp\/v2\/product\/12733\/revisions"}],"wp:featuredmedia":[{"embeddable":true,"href":"https:\/\/cipa-plasticulture.com\/fr\/wp-json\/wp\/v2\/media\/12736"}],"wp:attachment":[{"href":"https:\/\/cipa-plasticulture.com\/fr\/wp-json\/wp\/v2\/media?parent=12733"}],"wp:term":[{"taxonomy":"product_brand","embeddable":true,"href":"https:\/\/cipa-plasticulture.com\/fr\/wp-json\/wp\/v2\/product_brand?post=12733"},{"taxonomy":"product_cat","embeddable":true,"href":"https:\/\/cipa-plasticulture.com\/fr\/wp-json\/wp\/v2\/product_cat?post=12733"},{"taxonomy":"product_tag","embeddable":true,"href":"https:\/\/cipa-plasticulture.com\/fr\/wp-json\/wp\/v2\/product_tag?post=12733"}],"curies":[{"name":"wp","href":"https:\/\/api.w.org\/{rel}","templated":true}]}}