{"id":12728,"date":"2025-04-21T15:06:32","date_gmt":"2025-04-21T15:06:32","guid":{"rendered":"https:\/\/cipa-plasticulture.com\/?post_type=product&#038;p=12728"},"modified":"2025-05-15T10:57:28","modified_gmt":"2025-05-15T10:57:28","slug":"plasticulture-magazine-1971-n-09-12","status":"publish","type":"product","link":"https:\/\/cipa-plasticulture.com\/fr\/produit\/plasticulture-magazine-1971-n-09-12\/","title":{"rendered":"Plasticulture Magazine 1971 - N\u00b0 09-12"},"content":{"rendered":"<p class=\"p1\"><b>Magazine Plasticulture 1971 - N\u00b009<\/b><\/p>\n<p class=\"p2\">Cette \u00e9dition met en lumi\u00e8re l'expansion mondiale de la plasticulture, avec un accent particulier sur l'adoption rapide par l'Espagne du paillage, des tunnels et des serres en poly\u00e9thyl\u00e8ne. Parmi les principaux d\u00e9veloppements, citons les avanc\u00e9es dans le domaine des tuyaux en plastique pour l'irrigation, les filets de protection pour les cultures et les premiers succ\u00e8s dans l'extension des saisons de r\u00e9colte pour les melons et les fraises. Des mises \u00e0 jour internationales et des recherches techniques compl\u00e8tent cet aper\u00e7u essentiel des plastiques agricoles au d\u00e9but des ann\u00e9es 1970.<\/p>\n<p class=\"p1\"><b>Magazine Plasticulture 1970 - N\u00b012<\/b><b><\/b><\/p>\n<p class=\"p2\">Ce num\u00e9ro couvre le 5e colloque international sur les plastiques dans l'agriculture qui s'est tenu \u00e0 Bologne et qui a mis l'accent sur les \u00e9changes techniques entre les pays m\u00e9diterran\u00e9ens et latino-am\u00e9ricains. Il pr\u00e9sente des rapports de l'Alg\u00e9rie, de l'Argentine, du Chili, de la France, de la Hongrie et de la Tunisie sur l'utilisation des films plastiques dans les serres, la solarisation des sols, l'irrigation au goutte-\u00e0-goutte et l'ensilage.<\/p>","protected":false},"excerpt":{"rendered":"<p>&nbsp;<\/p>\n<p>&nbsp;<\/p>\n<p>&nbsp;<\/p>","protected":false},"featured_media":12730,"comment_status":"closed","ping_status":"closed","template":"","meta":{"_acf_changed":false,"_themeisle_gutenberg_block_has_review":false},"product_brand":[],"product_cat":[15],"product_tag":[],"class_list":{"0":"post-12728","1":"product","2":"type-product","3":"status-publish","4":"has-post-thumbnail","6":"product_cat-uncategorized","8":"first","9":"instock","10":"shipping-taxable","11":"purchasable","12":"product-type-variable"},"acf":[],"aioseo_notices":[],"_links":{"self":[{"href":"https:\/\/cipa-plasticulture.com\/fr\/wp-json\/wp\/v2\/product\/12728","targetHints":{"allow":["GET"]}}],"collection":[{"href":"https:\/\/cipa-plasticulture.com\/fr\/wp-json\/wp\/v2\/product"}],"about":[{"href":"https:\/\/cipa-plasticulture.com\/fr\/wp-json\/wp\/v2\/types\/product"}],"replies":[{"embeddable":true,"href":"https:\/\/cipa-plasticulture.com\/fr\/wp-json\/wp\/v2\/comments?post=12728"}],"version-history":[{"count":0,"href":"https:\/\/cipa-plasticulture.com\/fr\/wp-json\/wp\/v2\/product\/12728\/revisions"}],"wp:featuredmedia":[{"embeddable":true,"href":"https:\/\/cipa-plasticulture.com\/fr\/wp-json\/wp\/v2\/media\/12730"}],"wp:attachment":[{"href":"https:\/\/cipa-plasticulture.com\/fr\/wp-json\/wp\/v2\/media?parent=12728"}],"wp:term":[{"taxonomy":"product_brand","embeddable":true,"href":"https:\/\/cipa-plasticulture.com\/fr\/wp-json\/wp\/v2\/product_brand?post=12728"},{"taxonomy":"product_cat","embeddable":true,"href":"https:\/\/cipa-plasticulture.com\/fr\/wp-json\/wp\/v2\/product_cat?post=12728"},{"taxonomy":"product_tag","embeddable":true,"href":"https:\/\/cipa-plasticulture.com\/fr\/wp-json\/wp\/v2\/product_tag?post=12728"}],"curies":[{"name":"wp","href":"https:\/\/api.w.org\/{rel}","templated":true}]}}