{"id":12722,"date":"2025-04-21T15:01:19","date_gmt":"2025-04-21T15:01:19","guid":{"rendered":"https:\/\/cipa-plasticulture.com\/?post_type=product&#038;p=12722"},"modified":"2025-05-15T10:32:11","modified_gmt":"2025-05-15T10:32:11","slug":"plasticulture-magazine-1972-n-13-14","status":"publish","type":"product","link":"https:\/\/cipa-plasticulture.com\/fr\/produit\/plasticulture-magazine-1972-n-13-14\/","title":{"rendered":"Plasticulture Magazine 1972 - N\u00b0 13-14"},"content":{"rendered":"<p class=\"p1\"><b>Plasticulture Magazine n\u00b0 13 - mars 1972<\/b><\/p>\n<p class=\"p2\">D\u00e9couvrez les principales tendances des plastiques agricoles depuis le d\u00e9but des ann\u00e9es 1970. Cette \u00e9dition met en lumi\u00e8re l'expansion de la plasticulture aux \u00c9tats-Unis, en Espagne, en Italie, en Gr\u00e8ce et en France. Elle d\u00e9taille des techniques telles que le paillage, les petits tunnels et les serres, en mettant l'accent sur leur impact sur les rendements des cultures et les pratiques agricoles. Une attention particuli\u00e8re est accord\u00e9e \u00e0 l'utilisation des plastiques dans la production de fraises, notamment en Californie, o\u00f9 des innovations telles que la fumigation des sols et le paillage en poly\u00e9thyl\u00e8ne ont r\u00e9volutionn\u00e9 le secteur. En outre, le bulletin donne un aper\u00e7u du 5e colloque international sur les plastiques dans l'agriculture, avec un programme provisoire complet comprenant des contributions mondiales sur la culture prot\u00e9g\u00e9e, l'irrigation, l'emballage et les nouvelles technologies. Un hommage est rendu au Dr Bonfiglioli pour sa contribution au d\u00e9veloppement du CIPA. Un aper\u00e7u pr\u00e9cieux des premi\u00e8res innovations qui ont fa\u00e7onn\u00e9 les pratiques agricoles modernes utilisant les plastiques.<\/p>\n<p class=\"p1\"><b>Magazine Plasticulture 1971 - N\u00b014<\/b><b><\/b><\/p>\n<p class=\"p2\">Cette \u00e9dition met en lumi\u00e8re l'adoption des plastiques dans divers climats, avec des mises \u00e0 jour du Japon, de la Tunisie et de la Colombie. Les sujets abord\u00e9s comprennent l'utilisation de tunnels et de paillis dans la production de fruits m\u00e9diterran\u00e9ens, des essais en serre \u00e0 faible co\u00fbt et des recherches pr\u00e9liminaires sur l'utilisation du poly\u00e9thyl\u00e8ne noir pour le contr\u00f4le des mauvaises herbes et le chauffage du sol.<\/p>","protected":false},"excerpt":{"rendered":"<p>&nbsp;<\/p>\n<p>&nbsp;<\/p>\n<p>&nbsp;<\/p>","protected":false},"featured_media":12725,"comment_status":"closed","ping_status":"closed","template":"","meta":{"_acf_changed":false,"_themeisle_gutenberg_block_has_review":false},"product_brand":[],"product_cat":[15],"product_tag":[],"class_list":{"0":"post-12722","1":"product","2":"type-product","3":"status-publish","4":"has-post-thumbnail","6":"product_cat-uncategorized","8":"first","9":"instock","10":"shipping-taxable","11":"purchasable","12":"product-type-variable"},"acf":[],"aioseo_notices":[],"_links":{"self":[{"href":"https:\/\/cipa-plasticulture.com\/fr\/wp-json\/wp\/v2\/product\/12722","targetHints":{"allow":["GET"]}}],"collection":[{"href":"https:\/\/cipa-plasticulture.com\/fr\/wp-json\/wp\/v2\/product"}],"about":[{"href":"https:\/\/cipa-plasticulture.com\/fr\/wp-json\/wp\/v2\/types\/product"}],"replies":[{"embeddable":true,"href":"https:\/\/cipa-plasticulture.com\/fr\/wp-json\/wp\/v2\/comments?post=12722"}],"version-history":[{"count":0,"href":"https:\/\/cipa-plasticulture.com\/fr\/wp-json\/wp\/v2\/product\/12722\/revisions"}],"wp:featuredmedia":[{"embeddable":true,"href":"https:\/\/cipa-plasticulture.com\/fr\/wp-json\/wp\/v2\/media\/12725"}],"wp:attachment":[{"href":"https:\/\/cipa-plasticulture.com\/fr\/wp-json\/wp\/v2\/media?parent=12722"}],"wp:term":[{"taxonomy":"product_brand","embeddable":true,"href":"https:\/\/cipa-plasticulture.com\/fr\/wp-json\/wp\/v2\/product_brand?post=12722"},{"taxonomy":"product_cat","embeddable":true,"href":"https:\/\/cipa-plasticulture.com\/fr\/wp-json\/wp\/v2\/product_cat?post=12722"},{"taxonomy":"product_tag","embeddable":true,"href":"https:\/\/cipa-plasticulture.com\/fr\/wp-json\/wp\/v2\/product_tag?post=12722"}],"curies":[{"name":"wp","href":"https:\/\/api.w.org\/{rel}","templated":true}]}}