{"id":12714,"date":"2025-04-21T14:56:47","date_gmt":"2025-04-21T14:56:47","guid":{"rendered":"https:\/\/cipa-plasticulture.com\/?post_type=product&#038;p=12714"},"modified":"2025-05-15T10:26:34","modified_gmt":"2025-05-15T10:26:34","slug":"plasticulture-magazine-1974-n-21-22-23-24","status":"publish","type":"product","link":"https:\/\/cipa-plasticulture.com\/fr\/produit\/plasticulture-magazine-1974-n-21-22-23-24\/","title":{"rendered":"Plasticulture Magazine 1974 - N\u00b0 21-22-23-24"},"content":{"rendered":"<p class=\"p1\"><b>Magazine Plasticulture 1973 - N\u00b021<\/b><b><\/b><\/p>\n<p class=\"p2\">Cette \u00e9dition se concentre sur la croissance de la plasticulture dans des pays comme la Yougoslavie, le Portugal et le Canada. Elle pr\u00e9sente des \u00e9tudes de cas sur les rendements des concombres sous tunnels plastiques, les syst\u00e8mes de support plastique de la vigne et l'int\u00e9gration de films thermiques dans la production de l\u00e9gumes prot\u00e9g\u00e9s.<\/p>\n<p class=\"p1\"><b>Plasticulture Magazine 1974 - N\u00b022<\/b><b><\/b><\/p>\n<p class=\"p2\">Ce num\u00e9ro rassemble les d\u00e9veloppements r\u00e9cents dans le domaine de l'ing\u00e9nierie des serres et de la gestion de l'eau par les plastiques. Les articles traitent de l'am\u00e9lioration de la circulation de l'air dans les cultures couvertes, du rendement \u00e9conomique des syst\u00e8mes d'irrigation au goutte-\u00e0-goutte et des donn\u00e9es statistiques sur l'utilisation mondiale des paillis plastiques.<\/p>\n<p class=\"p1\"><b>Septembre 1974 - Num\u00e9ro 23<\/b><\/p>\n<p class=\"p2\">Cette \u00e9dition de <i>Plasticulture<\/i> met en \u00e9vidence l'influence du climat ext\u00e9rieur sur les conditions de culture en serre, en soulignant l'importance du choix des mat\u00e9riaux et de l'orientation de la structure pour optimiser la lumi\u00e8re et la temp\u00e9rature pour les cultures. Il examine les avantages des paillis plastiques \u00e0 fentes pour diverses cultures telles que le ma\u00efs, les pommes de terre, les haricots, les pois, les tomates, les courges et les gla\u00efeuls. Une analyse approfondie pr\u00e9sente le d\u00e9veloppement des plastiques agricoles en Suisse, tandis qu'une \u00e9tude de cas au Japon explique comment les films vinyles stimulent la production de cultures prot\u00e9g\u00e9es. D'autres informations sont fournies sur le r\u00f4le du PVC dans la construction de serres et un aper\u00e7u des principaux \u00e9v\u00e9nements et mises \u00e0 jour de l'industrie.<\/p>\n<p class=\"p1\"><b>D\u00e9cembre 1974 - Num\u00e9ro 24<\/b><\/p>\n<p class=\"p2\">Ce num\u00e9ro est consacr\u00e9 au 6e colloque international sur les plastiques dans l'agriculture, qui s'est tenu \u00e0 Buenos Aires. Les principaux th\u00e8mes abord\u00e9s sont la collaboration entre l'ONUDI et le CIPA, la croissance rapide de la plasticulture au niveau mondial et les applications novatrices des plastiques dans l'agriculture pour les pays en d\u00e9veloppement. Les rapports comprennent l'\u00e9volution de la plasticulture entre 1971 et 1973, avec des pr\u00e9visions pour 1975. Les points forts sont le leadership de l'Argentine dans ce domaine, des \u00e9tudes d\u00e9taill\u00e9es sur l'industrie des plastiques au Mexique, et des avanc\u00e9es r\u00e9volutionnaires dans la technologie de l'irrigation et des serres visant \u00e0 am\u00e9liorer la gestion de l'eau et l'efficacit\u00e9 \u00e9nerg\u00e9tique.<\/p>","protected":false},"excerpt":{"rendered":"<p>&nbsp;<\/p>\n<p>&nbsp;<\/p>\n<p>&nbsp;<\/p>","protected":false},"featured_media":12879,"comment_status":"closed","ping_status":"closed","template":"","meta":{"_acf_changed":false,"_themeisle_gutenberg_block_has_review":false},"product_brand":[],"product_cat":[15],"product_tag":[],"class_list":{"0":"post-12714","1":"product","2":"type-product","3":"status-publish","4":"has-post-thumbnail","6":"product_cat-uncategorized","8":"first","9":"instock","10":"shipping-taxable","11":"purchasable","12":"product-type-variable"},"acf":[],"aioseo_notices":[],"_links":{"self":[{"href":"https:\/\/cipa-plasticulture.com\/fr\/wp-json\/wp\/v2\/product\/12714","targetHints":{"allow":["GET"]}}],"collection":[{"href":"https:\/\/cipa-plasticulture.com\/fr\/wp-json\/wp\/v2\/product"}],"about":[{"href":"https:\/\/cipa-plasticulture.com\/fr\/wp-json\/wp\/v2\/types\/product"}],"replies":[{"embeddable":true,"href":"https:\/\/cipa-plasticulture.com\/fr\/wp-json\/wp\/v2\/comments?post=12714"}],"version-history":[{"count":0,"href":"https:\/\/cipa-plasticulture.com\/fr\/wp-json\/wp\/v2\/product\/12714\/revisions"}],"wp:featuredmedia":[{"embeddable":true,"href":"https:\/\/cipa-plasticulture.com\/fr\/wp-json\/wp\/v2\/media\/12879"}],"wp:attachment":[{"href":"https:\/\/cipa-plasticulture.com\/fr\/wp-json\/wp\/v2\/media?parent=12714"}],"wp:term":[{"taxonomy":"product_brand","embeddable":true,"href":"https:\/\/cipa-plasticulture.com\/fr\/wp-json\/wp\/v2\/product_brand?post=12714"},{"taxonomy":"product_cat","embeddable":true,"href":"https:\/\/cipa-plasticulture.com\/fr\/wp-json\/wp\/v2\/product_cat?post=12714"},{"taxonomy":"product_tag","embeddable":true,"href":"https:\/\/cipa-plasticulture.com\/fr\/wp-json\/wp\/v2\/product_tag?post=12714"}],"curies":[{"name":"wp","href":"https:\/\/api.w.org\/{rel}","templated":true}]}}