{"id":12705,"date":"2025-04-21T14:50:41","date_gmt":"2025-04-21T14:50:41","guid":{"rendered":"https:\/\/cipa-plasticulture.com\/?post_type=product&#038;p=12705"},"modified":"2025-05-15T10:23:06","modified_gmt":"2025-05-15T10:23:06","slug":"plasticulture-magazine-1975-n-25-26-27-28","status":"publish","type":"product","link":"https:\/\/cipa-plasticulture.com\/fr\/produit\/plasticulture-magazine-1975-n-25-26-27-28\/","title":{"rendered":"Plasticulture Magazine 1975 - N\u00b0 25-26-27-28"},"content":{"rendered":"<p><strong>Plasticulture Magazine 1975 - N\u00b025<\/strong><br \/>\nD\u00e9couvrez l'\u00e9dition de mars 1975 de Plasticulture Magazine, qui offre un aper\u00e7u des d\u00e9veloppements de la plasticulture en Europe. Ce num\u00e9ro explore les innovations en mati\u00e8re de couverture des serres, l'impact des plastiques sur les techniques de for\u00e7age des l\u00e9gumes et l'adoption de m\u00e9thodes de paillage pour une meilleure gestion des sols. Une ressource essentielle pour comprendre les d\u00e9buts de l'expansion des plastiques dans l'agriculture durable.<\/p>\n<p><strong>Plasticulture Magazine 1975 - N\u00b026<\/strong><br \/>\nD\u00e9couvrez l'\u00e9dition de juin 1975 de Plasticulture Magazine, une ressource essentielle pour les professionnels de l'horticulture et de l'agriculture. Ce num\u00e9ro est consacr\u00e9 \u00e0 l'utilisation croissante des plastiques dans les techniques horticoles en France, en particulier le paillage, les tunnels bas et les serres. Des aper\u00e7us d\u00e9taill\u00e9s couvrent les innovations dans la culture des fraises et des melons, la culture des champignons dans des sacs en plastique, et les pratiques durables visant \u00e0 am\u00e9liorer la productivit\u00e9 et l'efficacit\u00e9 des ressources. Un ouvrage incontournable pour tous ceux qui souhaitent faire progresser les techniques agricoles gr\u00e2ce aux solutions de la plasticulture.<\/p>\n<p><strong>Plasticulture Magazine 1975 - N\u00b027<\/strong><br \/>\nD\u00e9couvrez l'\u00e9dition de septembre 1975 de Plasticulture Magazine, consacr\u00e9e aux applications innovantes du plastique dans l'agriculture. Ce num\u00e9ro pr\u00e9sente des m\u00e9thodes pour r\u00e9duire les pertes de chaleur dans les serres \u00e0 l'aide de doubles parois et d'\u00e9crans en plastique, des structures flexibles de Venise \u00e0 l'agriculture, et des r\u00e9servoirs en poly\u00e9thyl\u00e8ne int\u00e9gr\u00e9s dans les paysages. Il pr\u00e9sente \u00e9galement des \u00e9tudes sur les ampoules de pr\u00e9refroidissement, les brise-vent en plastique et les innovations en mati\u00e8re de chauffage des serres. Une ressource essentielle pour stimuler les \u00e9conomies d'\u00e9nergie et la durabilit\u00e9 des pratiques agricoles.<\/p>\n<p class=\"p1\"><b>Magazine Plasticulture 1975 - N\u00b028<\/b><b><\/b><\/p>\n<p class=\"p2\">Cette \u00e9dition met l'accent sur l'utilisation des plastiques dans l'agriculture en climat froid, avec des innovations dans l'isolation des serres en Europe de l'Est, des composants plastiques pr\u00e9fabriqu\u00e9s pour les installations de p\u00e9pini\u00e8res, et des applications avanc\u00e9es de films de paillage dans les exploitations mara\u00eech\u00e8res commerciales.<\/p>","protected":false},"excerpt":{"rendered":"<p>&nbsp;<\/p>\n<p>&nbsp;<\/p>\n<p>&nbsp;<\/p>","protected":false},"featured_media":12709,"comment_status":"closed","ping_status":"closed","template":"","meta":{"_acf_changed":false,"_themeisle_gutenberg_block_has_review":false},"product_brand":[],"product_cat":[15],"product_tag":[],"class_list":{"0":"post-12705","1":"product","2":"type-product","3":"status-publish","4":"has-post-thumbnail","6":"product_cat-uncategorized","8":"first","9":"instock","10":"shipping-taxable","11":"purchasable","12":"product-type-variable"},"acf":[],"aioseo_notices":[],"_links":{"self":[{"href":"https:\/\/cipa-plasticulture.com\/fr\/wp-json\/wp\/v2\/product\/12705","targetHints":{"allow":["GET"]}}],"collection":[{"href":"https:\/\/cipa-plasticulture.com\/fr\/wp-json\/wp\/v2\/product"}],"about":[{"href":"https:\/\/cipa-plasticulture.com\/fr\/wp-json\/wp\/v2\/types\/product"}],"replies":[{"embeddable":true,"href":"https:\/\/cipa-plasticulture.com\/fr\/wp-json\/wp\/v2\/comments?post=12705"}],"version-history":[{"count":0,"href":"https:\/\/cipa-plasticulture.com\/fr\/wp-json\/wp\/v2\/product\/12705\/revisions"}],"wp:featuredmedia":[{"embeddable":true,"href":"https:\/\/cipa-plasticulture.com\/fr\/wp-json\/wp\/v2\/media\/12709"}],"wp:attachment":[{"href":"https:\/\/cipa-plasticulture.com\/fr\/wp-json\/wp\/v2\/media?parent=12705"}],"wp:term":[{"taxonomy":"product_brand","embeddable":true,"href":"https:\/\/cipa-plasticulture.com\/fr\/wp-json\/wp\/v2\/product_brand?post=12705"},{"taxonomy":"product_cat","embeddable":true,"href":"https:\/\/cipa-plasticulture.com\/fr\/wp-json\/wp\/v2\/product_cat?post=12705"},{"taxonomy":"product_tag","embeddable":true,"href":"https:\/\/cipa-plasticulture.com\/fr\/wp-json\/wp\/v2\/product_tag?post=12705"}],"curies":[{"name":"wp","href":"https:\/\/api.w.org\/{rel}","templated":true}]}}