{"id":12696,"date":"2025-04-21T14:43:37","date_gmt":"2025-04-21T14:43:37","guid":{"rendered":"https:\/\/cipa-plasticulture.com\/?post_type=product&#038;p=12696"},"modified":"2025-05-15T10:20:12","modified_gmt":"2025-05-15T10:20:12","slug":"plasticulture-magazine-1976-n-29-30-31-32","status":"publish","type":"product","link":"https:\/\/cipa-plasticulture.com\/fr\/produit\/plasticulture-magazine-1976-n-29-30-31-32\/","title":{"rendered":"Plasticulture Magazine 1976 - N\u00b0 29-30-31-32"},"content":{"rendered":"<p><strong>Magazine Plasticulture 1976 - N\u00b029<\/strong><br \/>\nD\u00e9couvrez le magazine Plasticulture N\u00b029 (mars 1976), qui pr\u00e9sente des informations de pointe sur les plastiques agricoles. Ce num\u00e9ro explore les innovations dans les syst\u00e8mes d'irrigation au goutte-\u00e0-goutte, examine l'avenir du paillage du sol et pr\u00e9sente les d\u00e9veloppements internationaux dans les technologies de serre. Une lecture incontournable pour les professionnels qui cherchent \u00e0 am\u00e9liorer la durabilit\u00e9 et l'efficacit\u00e9 de l'agriculture moderne.<\/p>\n<p class=\"p1\"><b>Magazine Plasticulture 1976 - N\u00b030<\/b><b><\/b><\/p>\n<p class=\"p2\">Cette \u00e9dition pr\u00e9sente les points forts du symposium international sur la culture des l\u00e9gumes en serre qui s'est tenu \u00e0 Bucarest. Parmi les sujets abord\u00e9s figurent les innovations en mati\u00e8re de d\u00e9veloppement de semences hybrides, de syst\u00e8mes d'irrigation et de techniques de contr\u00f4le climatique utilisant des tunnels en plastique et des paillis. Ce num\u00e9ro explore \u00e9galement les films de poly\u00e9thyl\u00e8ne photod\u00e9gradables en Isra\u00ebl, les mousses plastiques pour l'am\u00e9lioration des sols et les nouvelles approches de la protection des plantes et de l'emballage dans les pays socialistes. Une lecture incontournable pour les professionnels de l'agriculture durable et \u00e9conome en \u00e9nergie.<\/p>\n<p><strong>Magazine Plasticulture 1976 - N\u00b031<\/strong><br \/>\nPlasticulture Magazine N\u00b031 (septembre 1976) offre un aper\u00e7u d\u00e9taill\u00e9 des progr\u00e8s r\u00e9alis\u00e9s dans le domaine de la plasticulture au Royaume-Uni, avec un accent particulier sur la gestion des ressources en eau \u00e0 l'aide de mati\u00e8res plastiques. Il aborde \u00e9galement les innovations en mati\u00e8re de conservation de l'\u00e9nergie dans les serres et met en lumi\u00e8re les \u00e9v\u00e9nements agricoles internationaux. Une \u00e9dition compl\u00e8te pour les experts de l'industrie et les chercheurs.<\/p>\n<p><strong>Magazine Plasticulture 1976 - N\u00b032<\/strong><br \/>\nPlasticulture Magazine N\u00b032 (d\u00e9cembre 1976) met en \u00e9vidence les th\u00e8mes cl\u00e9s du VIIe Congr\u00e8s international de San Diego et explore les derni\u00e8res applications des plastiques dans la floriculture et la construction de serres. Il pr\u00e9sente \u00e9galement des recherches pionni\u00e8res sur les propri\u00e9t\u00e9s photom\u00e9triques des rev\u00eatements plastiques. Une ressource pr\u00e9cieuse pour ceux qui s'investissent dans l'avenir de l'agriculture durable.<\/p>","protected":false},"excerpt":{"rendered":"<p>&nbsp;<\/p>\n<p>&nbsp;<\/p>\n<p>&nbsp;<\/p>","protected":false},"featured_media":12699,"comment_status":"closed","ping_status":"closed","template":"","meta":{"_acf_changed":false,"_themeisle_gutenberg_block_has_review":false},"product_brand":[],"product_cat":[15],"product_tag":[],"class_list":{"0":"post-12696","1":"product","2":"type-product","3":"status-publish","4":"has-post-thumbnail","6":"product_cat-uncategorized","8":"first","9":"instock","10":"shipping-taxable","11":"purchasable","12":"product-type-variable"},"acf":[],"aioseo_notices":[],"_links":{"self":[{"href":"https:\/\/cipa-plasticulture.com\/fr\/wp-json\/wp\/v2\/product\/12696","targetHints":{"allow":["GET"]}}],"collection":[{"href":"https:\/\/cipa-plasticulture.com\/fr\/wp-json\/wp\/v2\/product"}],"about":[{"href":"https:\/\/cipa-plasticulture.com\/fr\/wp-json\/wp\/v2\/types\/product"}],"replies":[{"embeddable":true,"href":"https:\/\/cipa-plasticulture.com\/fr\/wp-json\/wp\/v2\/comments?post=12696"}],"version-history":[{"count":0,"href":"https:\/\/cipa-plasticulture.com\/fr\/wp-json\/wp\/v2\/product\/12696\/revisions"}],"wp:featuredmedia":[{"embeddable":true,"href":"https:\/\/cipa-plasticulture.com\/fr\/wp-json\/wp\/v2\/media\/12699"}],"wp:attachment":[{"href":"https:\/\/cipa-plasticulture.com\/fr\/wp-json\/wp\/v2\/media?parent=12696"}],"wp:term":[{"taxonomy":"product_brand","embeddable":true,"href":"https:\/\/cipa-plasticulture.com\/fr\/wp-json\/wp\/v2\/product_brand?post=12696"},{"taxonomy":"product_cat","embeddable":true,"href":"https:\/\/cipa-plasticulture.com\/fr\/wp-json\/wp\/v2\/product_cat?post=12696"},{"taxonomy":"product_tag","embeddable":true,"href":"https:\/\/cipa-plasticulture.com\/fr\/wp-json\/wp\/v2\/product_tag?post=12696"}],"curies":[{"name":"wp","href":"https:\/\/api.w.org\/{rel}","templated":true}]}}