{"id":12674,"date":"2025-04-21T14:20:34","date_gmt":"2025-04-21T14:20:34","guid":{"rendered":"https:\/\/cipa-plasticulture.com\/?post_type=product&#038;p=12674"},"modified":"2025-05-15T10:14:10","modified_gmt":"2025-05-15T10:14:10","slug":"plasticulture-magazine-1978-n-37-39-40","status":"publish","type":"product","link":"https:\/\/cipa-plasticulture.com\/fr\/produit\/plasticulture-magazine-1978-n-37-39-40\/","title":{"rendered":"Plasticulture Magazine 1978 - N\u00b0 37-39-40"},"content":{"rendered":"<p class=\"p1\"><b>Magazine Plasticulture 1978 - N\u00b037<\/b><b><\/b><\/p>\n<p class=\"p2\">Cette \u00e9dition se concentre sur la r\u00e9duction des pertes d'\u00e9nergie dans les serres, en pr\u00e9sentant des m\u00e9thodes d'isolation innovantes utilisant des films de poly\u00e9thyl\u00e8ne, des \u00e9crans thermiques et des adaptations structurelles. Elle met \u00e9galement en lumi\u00e8re un projet de collecte des eaux de pluie en Tanzanie, montrant comment les mat\u00e9riaux plastiques peuvent am\u00e9liorer l'acc\u00e8s \u00e0 l'eau dans les zones rurales. D'autres articles explorent l'utilisation du paillage plastique dans les p\u00e9pini\u00e8res de vigne et les strat\u00e9gies pratiques d'int\u00e9gration des plastiques dans la gestion moderne des exploitations agricoles.<\/p>\n<p><strong>Magazine Plasticulture 1978 - N\u00b039<\/strong><\/p>\n<p>D\u00e9couvrez l'\u00e9dition de septembre 1978 de Plasticulture Magazine, qui c\u00e9l\u00e8bre les 20 ans du Comit\u00e9 fran\u00e7ais des plastiques en agriculture. Ce num\u00e9ro met en lumi\u00e8re l'impact social de la plasticulture sur les agriculteurs espagnols, explore l'utilisation d'\u00e9crans thermiques dans les serres qu\u00e9b\u00e9coises et pr\u00e9sente des innovations telles que les silos en plastique pour le stockage du fourrage. Il pr\u00e9sente \u00e9galement un examen statistique des cultures prot\u00e9g\u00e9es en Gr\u00e8ce et des mises \u00e0 jour importantes de la communaut\u00e9 mondiale de la plasticulture.<\/p>\n<p><strong>Magazine Plasticulture 1978 - N\u00b040<\/strong><\/p>\n<p>D\u00e9couvrez l'\u00e9dition de d\u00e9cembre 1978 de Plasticulture Magazine, qui met l'accent sur les utilisations novatrices des plastiques dans la r\u00e9gion du Sahel. Ce num\u00e9ro examine les applications du plastique pour l'agriculture au Mexique, analyse les propri\u00e9t\u00e9s photom\u00e9triques des couvertures plastiques agricoles et discute de l'\u00e9volution de techniques telles que le semi-for\u00e7age pour les raisins de table. Des informations essentielles pour les professionnels qui souhaitent am\u00e9liorer la r\u00e9sistance et la durabilit\u00e9 des cultures gr\u00e2ce aux technologies plastiques.<\/p>","protected":false},"excerpt":{"rendered":"<p>&nbsp;<\/p>\n<p>&nbsp;<\/p>\n<p>&nbsp;<\/p>","protected":false},"featured_media":12679,"comment_status":"closed","ping_status":"closed","template":"","meta":{"_acf_changed":false,"_themeisle_gutenberg_block_has_review":false},"product_brand":[],"product_cat":[15],"product_tag":[],"class_list":{"0":"post-12674","1":"product","2":"type-product","3":"status-publish","4":"has-post-thumbnail","6":"product_cat-uncategorized","8":"first","9":"instock","10":"shipping-taxable","11":"purchasable","12":"product-type-variable"},"acf":[],"aioseo_notices":[],"_links":{"self":[{"href":"https:\/\/cipa-plasticulture.com\/fr\/wp-json\/wp\/v2\/product\/12674","targetHints":{"allow":["GET"]}}],"collection":[{"href":"https:\/\/cipa-plasticulture.com\/fr\/wp-json\/wp\/v2\/product"}],"about":[{"href":"https:\/\/cipa-plasticulture.com\/fr\/wp-json\/wp\/v2\/types\/product"}],"replies":[{"embeddable":true,"href":"https:\/\/cipa-plasticulture.com\/fr\/wp-json\/wp\/v2\/comments?post=12674"}],"version-history":[{"count":0,"href":"https:\/\/cipa-plasticulture.com\/fr\/wp-json\/wp\/v2\/product\/12674\/revisions"}],"wp:featuredmedia":[{"embeddable":true,"href":"https:\/\/cipa-plasticulture.com\/fr\/wp-json\/wp\/v2\/media\/12679"}],"wp:attachment":[{"href":"https:\/\/cipa-plasticulture.com\/fr\/wp-json\/wp\/v2\/media?parent=12674"}],"wp:term":[{"taxonomy":"product_brand","embeddable":true,"href":"https:\/\/cipa-plasticulture.com\/fr\/wp-json\/wp\/v2\/product_brand?post=12674"},{"taxonomy":"product_cat","embeddable":true,"href":"https:\/\/cipa-plasticulture.com\/fr\/wp-json\/wp\/v2\/product_cat?post=12674"},{"taxonomy":"product_tag","embeddable":true,"href":"https:\/\/cipa-plasticulture.com\/fr\/wp-json\/wp\/v2\/product_tag?post=12674"}],"curies":[{"name":"wp","href":"https:\/\/api.w.org\/{rel}","templated":true}]}}