{"id":12663,"date":"2025-04-20T13:59:31","date_gmt":"2025-04-20T13:59:31","guid":{"rendered":"https:\/\/cipa-plasticulture.com\/?post_type=product&#038;p=12663"},"modified":"2025-05-08T15:58:45","modified_gmt":"2025-05-08T15:58:45","slug":"plasticulture-magazine-1979-n-41-42-43-44","status":"publish","type":"product","link":"https:\/\/cipa-plasticulture.com\/fr\/produit\/plasticulture-magazine-1979-n-41-42-43-44\/","title":{"rendered":"Plasticulture Magazine 1979 - N\u00b0 41-42-43-44"},"content":{"rendered":"<p><strong>Plasticulture Magazine 1979 - N\u00b041<\/strong><br \/>\nD\u00e9couvrez le premier num\u00e9ro de 1979 de Plasticulture Magazine, consacr\u00e9 \u00e0 l'\u00e9volution des techniques de plasticulture dans le monde. Cette \u00e9dition met en lumi\u00e8re les applications innovantes des plastiques dans l'agriculture, les premi\u00e8res \u00e9tudes de cas, et pose les jalons de d\u00e9cennies de modernisation de l'agriculture gr\u00e2ce \u00e0 la science des polym\u00e8res. Une v\u00e9ritable pierre angulaire pour les sp\u00e9cialistes d\u00e9sireux de comprendre les fondements de l'industrie.<\/p>\n<p><strong>Plasticulture Magazine 1979 - N\u00b042<\/strong><br \/>\nPlongez dans l'\u00e9dition de juin 1979 de Plasticulture Magazine, qui pr\u00e9sente une analyse approfondie de la capture de l'\u00e9nergie solaire par les plastiques dans l'agriculture. D\u00e9couvrez les progr\u00e8s r\u00e9alis\u00e9s en mati\u00e8re de chauffage des serres, le paillage plastique innovant pour les \u00e9chalotes et le d\u00e9veloppement de la culture hydroponique dans les climats tropicaux. Un num\u00e9ro essentiel pour comprendre l'agriculture \u00e9conome en \u00e9nergie gr\u00e2ce aux plastiques.<\/p>\n<p><strong>Plasticulture Magazine 1979 - N\u00b043<\/strong><br \/>\nD\u00e9couvrez l'\u00e9dition de septembre 1979 de Plasticulture Magazine, qui traite des perc\u00e9es dans les techniques de semi-for\u00e7age et des paillis plastiques photod\u00e9gradables pour les cultures de plein champ. Ce num\u00e9ro pr\u00e9sente des \u00e9tudes d\u00e9taill\u00e9es d'Isra\u00ebl \u00e0 la Champagne et examine l'impact des plastiques sur l'innovation agricole dans de nombreux pays.<\/p>\n<p><strong>Plasticulture Magazine 1979 - N\u00b044<\/strong><br \/>\nL'\u00e9dition de d\u00e9cembre 1979 de Plasticulture Magazine propose un index analytique sp\u00e9cial r\u00e9sumant les num\u00e9ros 7 \u00e0 44, cr\u00e9ant ainsi un outil pr\u00e9cieux pour naviguer dans deux d\u00e9cennies de progr\u00e8s dans le domaine des plastiques agricoles. Il refl\u00e8te l'\u00e9volution du magazine en un instrument de travail essentiel pour les professionnels du monde entier.<\/p>\n<div id=\"gtx-trans\" style=\"position: absolute; left: 61px; top: 384px;\">\n<div class=\"gtx-trans-icon\"><\/div>\n<\/div>","protected":false},"excerpt":{"rendered":"<p>&nbsp;<\/p>\n<p>&nbsp;<\/p>\n<p>&nbsp;<\/p>","protected":false},"featured_media":12668,"comment_status":"closed","ping_status":"closed","template":"","meta":{"_acf_changed":false,"_themeisle_gutenberg_block_has_review":false},"product_brand":[],"product_cat":[15],"product_tag":[],"class_list":{"0":"post-12663","1":"product","2":"type-product","3":"status-publish","4":"has-post-thumbnail","6":"product_cat-uncategorized","8":"first","9":"instock","10":"shipping-taxable","11":"purchasable","12":"product-type-variable"},"acf":[],"aioseo_notices":[],"_links":{"self":[{"href":"https:\/\/cipa-plasticulture.com\/fr\/wp-json\/wp\/v2\/product\/12663","targetHints":{"allow":["GET"]}}],"collection":[{"href":"https:\/\/cipa-plasticulture.com\/fr\/wp-json\/wp\/v2\/product"}],"about":[{"href":"https:\/\/cipa-plasticulture.com\/fr\/wp-json\/wp\/v2\/types\/product"}],"replies":[{"embeddable":true,"href":"https:\/\/cipa-plasticulture.com\/fr\/wp-json\/wp\/v2\/comments?post=12663"}],"version-history":[{"count":0,"href":"https:\/\/cipa-plasticulture.com\/fr\/wp-json\/wp\/v2\/product\/12663\/revisions"}],"wp:featuredmedia":[{"embeddable":true,"href":"https:\/\/cipa-plasticulture.com\/fr\/wp-json\/wp\/v2\/media\/12668"}],"wp:attachment":[{"href":"https:\/\/cipa-plasticulture.com\/fr\/wp-json\/wp\/v2\/media?parent=12663"}],"wp:term":[{"taxonomy":"product_brand","embeddable":true,"href":"https:\/\/cipa-plasticulture.com\/fr\/wp-json\/wp\/v2\/product_brand?post=12663"},{"taxonomy":"product_cat","embeddable":true,"href":"https:\/\/cipa-plasticulture.com\/fr\/wp-json\/wp\/v2\/product_cat?post=12663"},{"taxonomy":"product_tag","embeddable":true,"href":"https:\/\/cipa-plasticulture.com\/fr\/wp-json\/wp\/v2\/product_tag?post=12663"}],"curies":[{"name":"wp","href":"https:\/\/api.w.org\/{rel}","templated":true}]}}