{"id":12653,"date":"2025-04-20T13:49:29","date_gmt":"2025-04-20T13:49:29","guid":{"rendered":"https:\/\/cipa-plasticulture.com\/?post_type=product&#038;p=12653"},"modified":"2026-02-02T00:14:37","modified_gmt":"2026-02-02T00:14:37","slug":"plasticulture-magazine-1980-n-46-47-48","status":"publish","type":"product","link":"https:\/\/cipa-plasticulture.com\/fr\/produit\/plasticulture-magazine-1980-n-46-47-48\/","title":{"rendered":"Plasticulture Magazine 1980 - N\u00b0 46-47-48"},"content":{"rendered":"<p><strong>Magazine Plasticulture 1980 - N\u00b046<\/strong><br \/>\nD\u00e9couvrez l'\u00e9dition de mars 1980 de Plasticulture Magazine, une r\u00e9f\u00e9rence essentielle pour les professionnels travaillant avec des plastiques dans l'agriculture. Ce num\u00e9ro explore les premi\u00e8res recherches sur les applications des films plastiques dans la culture en serre, les syst\u00e8mes d'irrigation et l'am\u00e9lioration des sols. Il met en lumi\u00e8re les innovations cl\u00e9s qui permettent d'augmenter les rendements des cultures et d'am\u00e9liorer la gestion des ressources. Un aper\u00e7u historique du d\u00e9veloppement des pratiques agricoles durables.<\/p>\n<p><strong>Plasticulture Magazine 1980 - N\u00b047<\/strong><br \/>\nPlongez dans l'\u00e9dition de septembre 1980 de Plasticulture Magazine, consacr\u00e9e \u00e0 l'utilisation des plastiques dans l'agriculture, en mettant l'accent sur les \u00e9conomies d'\u00e9nergie et les nouvelles technologies agricoles. Ce num\u00e9ro examine les capteurs d'\u00e9nergie solaire fabriqu\u00e9s avec des films de poly\u00e9thyl\u00e8ne, les progr\u00e8s de l'irrigation localis\u00e9e et les emballages plastiques innovants pour les fruits et l\u00e9gumes. \u00c0 lire absolument pour comprendre l'\u00e9volution de l'agriculture intelligente et \u00e9conome en \u00e9nergie.<\/p>\n<p><strong>Plasticulture Magazine 1980 - N\u00b048<\/strong><br \/>\nD\u00e9couvrez l'\u00e9dition de d\u00e9cembre 1980 de Plasticulture Magazine, qui contient des informations exclusives sur le 8e Congr\u00e8s international sur les plastiques dans l'agriculture. Il y est question des avanc\u00e9es mondiales en mati\u00e8re de plasticulture, de syst\u00e8mes de chauffage et de refroidissement innovants pour les serres, et de solutions durables pour stimuler la productivit\u00e9 agricole, en particulier dans les r\u00e9gions arides. Une ressource pr\u00e9cieuse pour tous ceux qui s'engagent en faveur d'une agriculture moderne et r\u00e9siliente.<\/p>\n<div id=\"gtx-trans\" style=\"position: absolute; left: 117px; top: 320px;\">\n<div class=\"gtx-trans-icon\"><\/div>\n<\/div>","protected":false},"excerpt":{"rendered":"<p>&nbsp;<\/p>\n<p>&nbsp;<\/p>\n<p>&nbsp;<\/p>","protected":false},"featured_media":12658,"comment_status":"closed","ping_status":"closed","template":"","meta":{"_acf_changed":false,"_themeisle_gutenberg_block_has_review":false},"product_brand":[],"product_cat":[15],"product_tag":[],"class_list":{"0":"post-12653","1":"product","2":"type-product","3":"status-publish","4":"has-post-thumbnail","6":"product_cat-uncategorized","8":"first","9":"instock","10":"shipping-taxable","11":"purchasable","12":"product-type-variable"},"acf":[],"aioseo_notices":[],"_links":{"self":[{"href":"https:\/\/cipa-plasticulture.com\/fr\/wp-json\/wp\/v2\/product\/12653","targetHints":{"allow":["GET"]}}],"collection":[{"href":"https:\/\/cipa-plasticulture.com\/fr\/wp-json\/wp\/v2\/product"}],"about":[{"href":"https:\/\/cipa-plasticulture.com\/fr\/wp-json\/wp\/v2\/types\/product"}],"replies":[{"embeddable":true,"href":"https:\/\/cipa-plasticulture.com\/fr\/wp-json\/wp\/v2\/comments?post=12653"}],"version-history":[{"count":1,"href":"https:\/\/cipa-plasticulture.com\/fr\/wp-json\/wp\/v2\/product\/12653\/revisions"}],"predecessor-version":[{"id":14076,"href":"https:\/\/cipa-plasticulture.com\/fr\/wp-json\/wp\/v2\/product\/12653\/revisions\/14076"}],"wp:featuredmedia":[{"embeddable":true,"href":"https:\/\/cipa-plasticulture.com\/fr\/wp-json\/wp\/v2\/media\/12658"}],"wp:attachment":[{"href":"https:\/\/cipa-plasticulture.com\/fr\/wp-json\/wp\/v2\/media?parent=12653"}],"wp:term":[{"taxonomy":"product_brand","embeddable":true,"href":"https:\/\/cipa-plasticulture.com\/fr\/wp-json\/wp\/v2\/product_brand?post=12653"},{"taxonomy":"product_cat","embeddable":true,"href":"https:\/\/cipa-plasticulture.com\/fr\/wp-json\/wp\/v2\/product_cat?post=12653"},{"taxonomy":"product_tag","embeddable":true,"href":"https:\/\/cipa-plasticulture.com\/fr\/wp-json\/wp\/v2\/product_tag?post=12653"}],"curies":[{"name":"wp","href":"https:\/\/api.w.org\/{rel}","templated":true}]}}