{"id":12642,"date":"2025-04-20T13:42:01","date_gmt":"2025-04-20T13:42:01","guid":{"rendered":"https:\/\/cipa-plasticulture.com\/?post_type=product&#038;p=12642"},"modified":"2026-02-02T00:08:56","modified_gmt":"2026-02-02T00:08:56","slug":"plasticulture-magazine-1981-n-49-50-51-52","status":"publish","type":"product","link":"https:\/\/cipa-plasticulture.com\/fr\/produit\/plasticulture-magazine-1981-n-49-50-51-52\/","title":{"rendered":"Magazine Plasticulture 1981 - N\u00b0 49-50-51-52"},"content":{"rendered":"<p><strong>Magazine Plasticulture 1981 - N\u00b049<\/strong><\/p>\n<p>D\u00e9couvrez la premi\u00e8re \u00e9dition de 1981 de Plasticulture Magazine, un incontournable pour les professionnels des plastiques agricoles. Ce num\u00e9ro pr\u00e9sente les progr\u00e8s r\u00e9alis\u00e9s dans les technologies des serres solaires, les utilisations novatrices des plastiques dans les syst\u00e8mes d'irrigation et les premi\u00e8res applications de l'irrigation au goutte-\u00e0-goutte dans les pays en d\u00e9veloppement. Riche en \u00e9tudes de cas et en informations pratiques, il offre des perspectives pr\u00e9cieuses pour une agriculture durable et efficace.<\/p>\n<p><strong>Magazine Plasticulture 1981 - N\u00b050<\/strong><\/p>\n<p>Plongez dans le num\u00e9ro de juin 1981 de Plasticulture Magazine, qui pr\u00e9sente un rapport exclusif sur les tendances et les perspectives d'avenir de la plasticulture britannique. D\u00e9couvrez des exp\u00e9riences concr\u00e8tes sur les \u00e9crans thermiques dans les serres anglaises, l'irrigation au goutte-\u00e0-goutte de la noix de coco et la durabilit\u00e9 des panneaux FFRP. Une \u00e9dition de r\u00e9f\u00e9rence pour ceux qui recherchent des innovations de pointe en mati\u00e8re de plastique agricole et des \u00e9tudes de cas internationales.<\/p>\n<p><strong>Magazine Plasticulture 1981 - N\u00b051<\/strong><\/p>\n<p>Le num\u00e9ro de septembre 1981 de Plasticulture Magazine pr\u00e9sente les principales techniques de contr\u00f4le du climat dans la production v\u00e9g\u00e9tale et animale. Il met en lumi\u00e8re une d\u00e9cennie d'exp\u00e9riences de paillage en Champagne, examine la plasticulture en Jordanie et analyse l'adaptation de l'irrigation au goutte-\u00e0-goutte pour les agriculteurs indiens. Une ressource compl\u00e8te pour ma\u00eetriser le contr\u00f4le de l'environnement gr\u00e2ce aux plastiques.<\/p>\n<p><strong>Magazine Plasticulture 1981 - N\u00b052<\/strong><\/p>\n<p>Fin 1981 avec le num\u00e9ro de d\u00e9cembre de Plasticulture Magazine, qui met l'accent sur l'importance strat\u00e9gique de la cr\u00e9ation d'associations nationales pour les plastiques dans l'agriculture. Avec des aper\u00e7us sur le stockage de la chaleur dans les serres solaires, la production de semis de l\u00e9gumes \u00e0 grande \u00e9chelle sous poly\u00e9thyl\u00e8ne et les innovations des serres m\u00e9diterran\u00e9ennes, ce num\u00e9ro regorge d'expertise pour une agriculture pr\u00eate pour l'avenir.<\/p>\n<div id=\"gtx-trans\" style=\"position: absolute; left: 164px; top: 456px;\">\n<div class=\"gtx-trans-icon\"><\/div>\n<\/div>","protected":false},"excerpt":{"rendered":"<p>&nbsp;<\/p>\n<p>&nbsp;<\/p>\n<p>&nbsp;<\/p>","protected":false},"featured_media":12647,"comment_status":"closed","ping_status":"closed","template":"","meta":{"_acf_changed":false,"_themeisle_gutenberg_block_has_review":false},"product_brand":[],"product_cat":[15],"product_tag":[],"class_list":{"0":"post-12642","1":"product","2":"type-product","3":"status-publish","4":"has-post-thumbnail","6":"product_cat-uncategorized","8":"first","9":"instock","10":"shipping-taxable","11":"purchasable","12":"product-type-variable"},"acf":[],"aioseo_notices":[],"_links":{"self":[{"href":"https:\/\/cipa-plasticulture.com\/fr\/wp-json\/wp\/v2\/product\/12642","targetHints":{"allow":["GET"]}}],"collection":[{"href":"https:\/\/cipa-plasticulture.com\/fr\/wp-json\/wp\/v2\/product"}],"about":[{"href":"https:\/\/cipa-plasticulture.com\/fr\/wp-json\/wp\/v2\/types\/product"}],"replies":[{"embeddable":true,"href":"https:\/\/cipa-plasticulture.com\/fr\/wp-json\/wp\/v2\/comments?post=12642"}],"version-history":[{"count":1,"href":"https:\/\/cipa-plasticulture.com\/fr\/wp-json\/wp\/v2\/product\/12642\/revisions"}],"predecessor-version":[{"id":14072,"href":"https:\/\/cipa-plasticulture.com\/fr\/wp-json\/wp\/v2\/product\/12642\/revisions\/14072"}],"wp:featuredmedia":[{"embeddable":true,"href":"https:\/\/cipa-plasticulture.com\/fr\/wp-json\/wp\/v2\/media\/12647"}],"wp:attachment":[{"href":"https:\/\/cipa-plasticulture.com\/fr\/wp-json\/wp\/v2\/media?parent=12642"}],"wp:term":[{"taxonomy":"product_brand","embeddable":true,"href":"https:\/\/cipa-plasticulture.com\/fr\/wp-json\/wp\/v2\/product_brand?post=12642"},{"taxonomy":"product_cat","embeddable":true,"href":"https:\/\/cipa-plasticulture.com\/fr\/wp-json\/wp\/v2\/product_cat?post=12642"},{"taxonomy":"product_tag","embeddable":true,"href":"https:\/\/cipa-plasticulture.com\/fr\/wp-json\/wp\/v2\/product_tag?post=12642"}],"curies":[{"name":"wp","href":"https:\/\/api.w.org\/{rel}","templated":true}]}}