{"id":12631,"date":"2025-04-20T13:35:30","date_gmt":"2025-04-20T13:35:30","guid":{"rendered":"https:\/\/cipa-plasticulture.com\/?post_type=product&#038;p=12631"},"modified":"2026-02-02T00:07:10","modified_gmt":"2026-02-02T00:07:10","slug":"plasticulture-magazine-1982-n-53-54-55-56","status":"publish","type":"product","link":"https:\/\/cipa-plasticulture.com\/fr\/produit\/plasticulture-magazine-1982-n-53-54-55-56\/","title":{"rendered":"Plasticulture Magazine 1982 - N\u00b0 53-54-55-56"},"content":{"rendered":"<p><strong>Plasticulture Magazine 1982 - N\u00b053<\/strong><br \/>\nD\u00e9couvrez la premi\u00e8re \u00e9dition de 1982 de Plasticulture Magazine, une lecture incontournable pour les professionnels passionn\u00e9s par l'innovation dans l'agriculture. Ce num\u00e9ro explore les exp\u00e9riences r\u00e9volutionnaires en mati\u00e8re d'isolation des serres, les nouvelles techniques de paillage et les progr\u00e8s de la plasticulture sur plusieurs continents. Une source riche d'expertise pour une agriculture plus efficace et durable.<\/p>\n<p><strong>Plasticulture Magazine 1982 - N\u00b054<\/strong><br \/>\nD\u00e9couvrez l'\u00e9dition de juin 1982 de Plasticulture Magazine, qui met en lumi\u00e8re les principales innovations de la station horticole exp\u00e9rimentale d'Efford. D\u00e9couvrez les mat\u00e9riaux avanc\u00e9s de couverture des serres, la production pr\u00e9coce de fraises sous film plat et le r\u00f4le essentiel du poly\u00e9thyl\u00e8ne lin\u00e9aire dans l'agriculture. Des informations essentielles pour am\u00e9liorer la protection des cultures et optimiser la gestion des ressources.<\/p>\n<p><strong>Plasticulture Magazine 1982 - N\u00b055<\/strong><br \/>\nPlongez dans l'\u00e9dition de septembre 1982 de Plasticulture Magazine, qui met l'accent sur les applications de la plasticulture dans les zones arides, pr\u00e9sent\u00e9es \u00e0 Europlastique \u201982. D\u00e9couvrez des solutions pratiques pour la gestion de l'eau, le chauffage des serres et la protection des cultures contre les climats rigoureux. Une ressource essentielle pour renforcer la r\u00e9silience de l'agriculture.<\/p>\n<p><strong>Plasticulture Magazine 1982 - N\u00b056<\/strong><br \/>\nD\u00e9couvrez l'\u00e9dition de d\u00e9cembre 1982 de Plasticulture Magazine, qui met l'accent sur le r\u00f4le croissant du Mexique dans le domaine des plastiques agricoles. Ce num\u00e9ro pr\u00e9sente des recherches comparatives sur les m\u00e9thodes de chauffage solaire, des innovations dans la couverture des serres et de nouvelles solutions pour simplifier la manipulation des plantes. Un guide prospectif des progr\u00e8s mondiaux en mati\u00e8re d'efficacit\u00e9 agricole.<\/p>\n<div id=\"gtx-trans\" style=\"position: absolute; left: 224px; top: 337px;\">\n<div class=\"gtx-trans-icon\"><\/div>\n<\/div>","protected":false},"excerpt":{"rendered":"<p>&nbsp;<\/p>\n<p>&nbsp;<\/p>\n<p>&nbsp;<\/p>","protected":false},"featured_media":12636,"comment_status":"closed","ping_status":"closed","template":"","meta":{"_acf_changed":false,"_themeisle_gutenberg_block_has_review":false},"product_brand":[],"product_cat":[15],"product_tag":[],"class_list":{"0":"post-12631","1":"product","2":"type-product","3":"status-publish","4":"has-post-thumbnail","6":"product_cat-uncategorized","8":"first","9":"instock","10":"shipping-taxable","11":"purchasable","12":"product-type-variable"},"acf":[],"aioseo_notices":[],"_links":{"self":[{"href":"https:\/\/cipa-plasticulture.com\/fr\/wp-json\/wp\/v2\/product\/12631","targetHints":{"allow":["GET"]}}],"collection":[{"href":"https:\/\/cipa-plasticulture.com\/fr\/wp-json\/wp\/v2\/product"}],"about":[{"href":"https:\/\/cipa-plasticulture.com\/fr\/wp-json\/wp\/v2\/types\/product"}],"replies":[{"embeddable":true,"href":"https:\/\/cipa-plasticulture.com\/fr\/wp-json\/wp\/v2\/comments?post=12631"}],"version-history":[{"count":1,"href":"https:\/\/cipa-plasticulture.com\/fr\/wp-json\/wp\/v2\/product\/12631\/revisions"}],"predecessor-version":[{"id":14032,"href":"https:\/\/cipa-plasticulture.com\/fr\/wp-json\/wp\/v2\/product\/12631\/revisions\/14032"}],"wp:featuredmedia":[{"embeddable":true,"href":"https:\/\/cipa-plasticulture.com\/fr\/wp-json\/wp\/v2\/media\/12636"}],"wp:attachment":[{"href":"https:\/\/cipa-plasticulture.com\/fr\/wp-json\/wp\/v2\/media?parent=12631"}],"wp:term":[{"taxonomy":"product_brand","embeddable":true,"href":"https:\/\/cipa-plasticulture.com\/fr\/wp-json\/wp\/v2\/product_brand?post=12631"},{"taxonomy":"product_cat","embeddable":true,"href":"https:\/\/cipa-plasticulture.com\/fr\/wp-json\/wp\/v2\/product_cat?post=12631"},{"taxonomy":"product_tag","embeddable":true,"href":"https:\/\/cipa-plasticulture.com\/fr\/wp-json\/wp\/v2\/product_tag?post=12631"}],"curies":[{"name":"wp","href":"https:\/\/api.w.org\/{rel}","templated":true}]}}