{"id":12620,"date":"2025-04-20T13:28:09","date_gmt":"2025-04-20T13:28:09","guid":{"rendered":"https:\/\/cipa-plasticulture.com\/?post_type=product&#038;p=12620"},"modified":"2026-02-02T00:02:15","modified_gmt":"2026-02-02T00:02:15","slug":"plasticulture-magazine-1983-n-57-58-59-60","status":"publish","type":"product","link":"https:\/\/cipa-plasticulture.com\/fr\/produit\/plasticulture-magazine-1983-n-57-58-59-60\/","title":{"rendered":"Plasticulture Magazine 1983 - N\u00b0 57-58-59-60"},"content":{"rendered":"<p><strong>Magazine Plasticulture 1983 - N\u00b057<\/strong><\/p>\n<p>D\u00e9couvrez le num\u00e9ro de mars 1983 de Plasticulture Magazine, consacr\u00e9 \u00e0 l'analyse \u00e9conomique de la production de cultures sous serre \u00e0 l'aide de couvertures en plastique. Ce num\u00e9ro pr\u00e9sente des donn\u00e9es comparatives sur le rendement des investissements, les techniques de production de melons pr\u00e9coces sous tunnels plastiques et les innovations en mati\u00e8re de solarisation du sol contre les maladies transmises par le sol. Des mises \u00e0 jour mondiales en provenance de Tunisie, du Portugal et du Japon compl\u00e8tent cette ressource essentielle pour l'am\u00e9lioration de l'agriculture prot\u00e9g\u00e9e.<\/p>\n<p><strong>Magazine Plasticulture 1983 - N\u00b058<\/strong><br \/>\nD\u00e9couvrez l'\u00e9dition de juin 1983 de Plasticulture Magazine, une ressource essentielle pour les professionnels de la plasticulture. Ce num\u00e9ro explore l'utilisation de mat\u00e9riaux plastiques pour couvrir les serres non chauff\u00e9es sur la base des r\u00e9sultats de la campagne 1981-1982, \u00e9tudie l'interaction de la perforation plastique sur la morphogen\u00e8se pr\u00e9coce des carottes, et met en lumi\u00e8re la recherche internationale sur la r\u00e9cup\u00e9ration de l'eau de pluie, la conservation des fruits \u00e0 l'aide de films plastiques, et la lutte contre les maladies des pistachiers \u00e0 l'aide de paillis de poly\u00e9thyl\u00e8ne. Une lecture incontournable pour ceux qui recherchent l'innovation dans l'agriculture durable.<\/p>\n<p><strong>Magazine Plasticulture 1983 - N\u00b059<\/strong><br \/>\nD\u00e9couvrez l'\u00e9dition de septembre 1983 de Plasticulture Magazine, consacr\u00e9e aux progr\u00e8s des films en poly\u00e9thyl\u00e8ne modifi\u00e9 et \u00e0 leurs applications dans l'agriculture. Ce num\u00e9ro \u00e9value l'impact des \u00e9crans thermiques mobiles, traite de la phytotoxicit\u00e9 des vitrages en PVC et examine l'influence des tunnels de protection sur les populations d'insectes. Des informations sur l'Am\u00e9rique du Nord et les d\u00e9veloppements internationaux dans le domaine de la plasticulture compl\u00e8tent cette \u00e9dition compl\u00e8te destin\u00e9e aux professionnels de l'agriculture.<\/p>\n<p><strong>Magazine Plasticulture 1983 - N\u00b060<\/strong><br \/>\nPlongez dans l'\u00e9dition de d\u00e9cembre 1983 de Plasticulture Magazine, qui pr\u00e9sente une couverture compl\u00e8te du 9e Congr\u00e8s international des plastiques dans l'agriculture qui s'est tenu \u00e0 Guadalajara. Ce num\u00e9ro traite de l'utilisation des plastiques dans l'agriculture en Italie, des innovations dans l'enseignement horticole au Royaume-Uni, des avantages des serres de construction l\u00e9g\u00e8re et des perspectives des couvertures plastiques sans support pour le for\u00e7age pr\u00e9coce. Indispensable pour tous ceux qui suivent les tendances mondiales en mati\u00e8re de plastiques agricoles.<\/p>\n<div id=\"gtx-trans\" style=\"position: absolute; left: 235px; top: 496px;\">\n<div class=\"gtx-trans-icon\"><\/div>\n<\/div>","protected":false},"excerpt":{"rendered":"<p>&nbsp;<\/p>\n<p>&nbsp;<\/p>\n<p>&nbsp;<\/p>","protected":false},"featured_media":12625,"comment_status":"closed","ping_status":"closed","template":"","meta":{"_acf_changed":false,"_themeisle_gutenberg_block_has_review":false},"product_brand":[],"product_cat":[15],"product_tag":[],"class_list":{"0":"post-12620","1":"product","2":"type-product","3":"status-publish","4":"has-post-thumbnail","6":"product_cat-uncategorized","8":"first","9":"instock","10":"shipping-taxable","11":"purchasable","12":"product-type-variable"},"acf":[],"aioseo_notices":[],"_links":{"self":[{"href":"https:\/\/cipa-plasticulture.com\/fr\/wp-json\/wp\/v2\/product\/12620","targetHints":{"allow":["GET"]}}],"collection":[{"href":"https:\/\/cipa-plasticulture.com\/fr\/wp-json\/wp\/v2\/product"}],"about":[{"href":"https:\/\/cipa-plasticulture.com\/fr\/wp-json\/wp\/v2\/types\/product"}],"replies":[{"embeddable":true,"href":"https:\/\/cipa-plasticulture.com\/fr\/wp-json\/wp\/v2\/comments?post=12620"}],"version-history":[{"count":1,"href":"https:\/\/cipa-plasticulture.com\/fr\/wp-json\/wp\/v2\/product\/12620\/revisions"}],"predecessor-version":[{"id":14062,"href":"https:\/\/cipa-plasticulture.com\/fr\/wp-json\/wp\/v2\/product\/12620\/revisions\/14062"}],"wp:featuredmedia":[{"embeddable":true,"href":"https:\/\/cipa-plasticulture.com\/fr\/wp-json\/wp\/v2\/media\/12625"}],"wp:attachment":[{"href":"https:\/\/cipa-plasticulture.com\/fr\/wp-json\/wp\/v2\/media?parent=12620"}],"wp:term":[{"taxonomy":"product_brand","embeddable":true,"href":"https:\/\/cipa-plasticulture.com\/fr\/wp-json\/wp\/v2\/product_brand?post=12620"},{"taxonomy":"product_cat","embeddable":true,"href":"https:\/\/cipa-plasticulture.com\/fr\/wp-json\/wp\/v2\/product_cat?post=12620"},{"taxonomy":"product_tag","embeddable":true,"href":"https:\/\/cipa-plasticulture.com\/fr\/wp-json\/wp\/v2\/product_tag?post=12620"}],"curies":[{"name":"wp","href":"https:\/\/api.w.org\/{rel}","templated":true}]}}