{"id":12608,"date":"2025-04-20T13:21:47","date_gmt":"2025-04-20T13:21:47","guid":{"rendered":"https:\/\/cipa-plasticulture.com\/?post_type=product&#038;p=12608"},"modified":"2026-02-01T23:59:21","modified_gmt":"2026-02-01T23:59:21","slug":"plasticulture-magazine-1984-n-61-62-63-64","status":"publish","type":"product","link":"https:\/\/cipa-plasticulture.com\/fr\/produit\/plasticulture-magazine-1984-n-61-62-63-64\/","title":{"rendered":"Plasticulture Magazine 1984 - N\u00b0 61-62-63-64"},"content":{"rendered":"<p><strong>Plasticulture Magazine 1984 - N\u00b061<\/strong><\/p>\n<p>Cette \u00e9dition met en lumi\u00e8re l'impact croissant des plastiques dans l'agriculture tropicale. Les sujets abord\u00e9s comprennent l'application de tunnels en poly\u00e9thyl\u00e8ne pour la production de l\u00e9gumes hors saison, les techniques de solarisation du sol pour lutter contre les maladies transmises par le sol et l'utilisation de tunnels bas dans les r\u00e9gions arides. Des mises \u00e0 jour techniques sur les mat\u00e9riaux de couverture des serres et les syst\u00e8mes de gestion durable de l'eau sont \u00e9galement pr\u00e9sent\u00e9es.<\/p>\n<p><strong>Plasticulture Magazine 1984 - N\u00b062<\/strong><br \/>\nD\u00e9couvrez l'\u00e9dition de juin 1984 de Plasticulture Magazine, une ressource pr\u00e9cieuse pour les experts en plastiques agricoles. Ce num\u00e9ro explore le d\u00e9veloppement rapide de l'industrie des plastiques en \u00c9gypte, les innovations en mati\u00e8re de couvertures de serres \u00e0 parois multiples en Bulgarie et l'influence des films plastiques sur la qualit\u00e9 des l\u00e9gumes. Il met \u00e9galement en lumi\u00e8re des solutions durables telles que la d\u00e9sinfection solaire des sols et pr\u00e9sente les actualit\u00e9s internationales du secteur des plastiques agricoles. Un ouvrage incontournable pour ceux qui fa\u00e7onnent l'avenir de l'agriculture respectueuse de l'environnement.<\/p>\n<p><strong>Plasticulture Magazine 1984 - N\u00b063<\/strong><br \/>\nPlongez dans l'\u00e9dition sp\u00e9ciale de septembre 1984 de Plasticulture Magazine, consacr\u00e9e aux techniques et aux innovations en mati\u00e8re d'ensilage. Ce num\u00e9ro traite des progr\u00e8s r\u00e9alis\u00e9s en mati\u00e8re de certification des films d'ensilage en France, en Allemagne et aux Pays-Bas, de l'impact de la qualit\u00e9 de l'ensilage sur la production laiti\u00e8re, et pr\u00e9sente les derni\u00e8res m\u00e9thodes d'ensilage d'herbe et de balles rondes. Une r\u00e9f\u00e9rence technique riche d'enseignements pour les professionnels qui cherchent \u00e0 optimiser la conservation des fourrages.<\/p>\n<p><strong>Plasticulture Magazine 1984 - N\u00b064<\/strong><br \/>\nExplorez le num\u00e9ro de d\u00e9cembre 1984 de Plasticulture Magazine, qui met l'accent sur les innovations agricoles internationales. D\u00e9couvrez comment le Polimerstroy bulgare stimule la productivit\u00e9 agricole, l'\u00e9volution des cultures mara\u00eech\u00e8res prot\u00e9g\u00e9es au Portugal et les progr\u00e8s des vari\u00e9t\u00e9s de fraises. Le magazine met \u00e9galement en lumi\u00e8re les perc\u00e9es de l'irrigation au goutte-\u00e0-goutte et les nouveaux \u00e9quipements agricoles, offrant ainsi une vue d'ensemble des progr\u00e8s technologiques dans le domaine de l'agriculture.<\/p>\n<div id=\"gtx-trans\" style=\"position: absolute; left: 8px; top: 401px;\">\n<div class=\"gtx-trans-icon\"><\/div>\n<\/div>","protected":false},"excerpt":{"rendered":"<p>&nbsp;<\/p>\n<p>&nbsp;<\/p>\n<p>&nbsp;<\/p>","protected":false},"featured_media":12613,"comment_status":"closed","ping_status":"closed","template":"","meta":{"_acf_changed":false,"_themeisle_gutenberg_block_has_review":false},"product_brand":[],"product_cat":[15],"product_tag":[],"class_list":{"0":"post-12608","1":"product","2":"type-product","3":"status-publish","4":"has-post-thumbnail","6":"product_cat-uncategorized","8":"first","9":"instock","10":"shipping-taxable","11":"purchasable","12":"product-type-variable"},"acf":[],"aioseo_notices":[],"_links":{"self":[{"href":"https:\/\/cipa-plasticulture.com\/fr\/wp-json\/wp\/v2\/product\/12608","targetHints":{"allow":["GET"]}}],"collection":[{"href":"https:\/\/cipa-plasticulture.com\/fr\/wp-json\/wp\/v2\/product"}],"about":[{"href":"https:\/\/cipa-plasticulture.com\/fr\/wp-json\/wp\/v2\/types\/product"}],"replies":[{"embeddable":true,"href":"https:\/\/cipa-plasticulture.com\/fr\/wp-json\/wp\/v2\/comments?post=12608"}],"version-history":[{"count":1,"href":"https:\/\/cipa-plasticulture.com\/fr\/wp-json\/wp\/v2\/product\/12608\/revisions"}],"predecessor-version":[{"id":14059,"href":"https:\/\/cipa-plasticulture.com\/fr\/wp-json\/wp\/v2\/product\/12608\/revisions\/14059"}],"wp:featuredmedia":[{"embeddable":true,"href":"https:\/\/cipa-plasticulture.com\/fr\/wp-json\/wp\/v2\/media\/12613"}],"wp:attachment":[{"href":"https:\/\/cipa-plasticulture.com\/fr\/wp-json\/wp\/v2\/media?parent=12608"}],"wp:term":[{"taxonomy":"product_brand","embeddable":true,"href":"https:\/\/cipa-plasticulture.com\/fr\/wp-json\/wp\/v2\/product_brand?post=12608"},{"taxonomy":"product_cat","embeddable":true,"href":"https:\/\/cipa-plasticulture.com\/fr\/wp-json\/wp\/v2\/product_cat?post=12608"},{"taxonomy":"product_tag","embeddable":true,"href":"https:\/\/cipa-plasticulture.com\/fr\/wp-json\/wp\/v2\/product_tag?post=12608"}],"curies":[{"name":"wp","href":"https:\/\/api.w.org\/{rel}","templated":true}]}}