{"id":12585,"date":"2025-04-20T13:08:52","date_gmt":"2025-04-20T13:08:52","guid":{"rendered":"https:\/\/cipa-plasticulture.com\/?post_type=product&#038;p=12585"},"modified":"2026-02-01T23:52:33","modified_gmt":"2026-02-01T23:52:33","slug":"plasticulture-magazine-1986-n-69-70-71-72","status":"publish","type":"product","link":"https:\/\/cipa-plasticulture.com\/fr\/produit\/plasticulture-magazine-1986-n-69-70-71-72\/","title":{"rendered":"Plasticulture Magazine 1986 - N\u00b0 69-70-71-72"},"content":{"rendered":"<p><strong>Magazine Plasticulture 1986 - N\u00b069<\/strong><\/p>\n<p>Cette \u00e9dition pr\u00e9sente la recherche sur les couvertures plastiques innovantes pour l'horticulture, en mettant l'accent sur la diffusion de la lumi\u00e8re et la r\u00e9gulation thermique pour am\u00e9liorer le rendement des cultures. Elle pr\u00e9sente des avanc\u00e9es dans les techniques de solarisation pour la d\u00e9sinfection des sols, la durabilit\u00e9 des films de poly\u00e9thyl\u00e8ne dans des conditions agricoles et le recyclage des plastiques agricoles usag\u00e9s. Une question cl\u00e9 pour une agriculture durable et efficace.<\/p>\n<p><strong>Magazine Plasticulture 1986 - N\u00b070<\/strong><\/p>\n<p>Plongez dans l'\u00e9dition 1986 de Plasticulture Magazine, avec un rapport sp\u00e9cial sur le 10e Congr\u00e8s international sur les plastiques dans l'agriculture. Ce num\u00e9ro pr\u00e9sente des \u00e9tudes novatrices sur les couvertures en plastique pour l'hivernage, des progr\u00e8s dans les b\u00e2ches en poly\u00e9thyl\u00e8ne pour le stockage des c\u00e9r\u00e9ales et des innovations dans les films thermiques pour les serres. Une lecture essentielle pour les professionnels qui cherchent \u00e0 optimiser l'efficacit\u00e9 de l'agriculture gr\u00e2ce \u00e0 des solutions plastiques.<\/p>\n<p><strong>Magazine Plasticulture 1986 - N\u00b071<\/strong><\/p>\n<p>Explorez l'\u00e9dition 1986\/3 de Plasticulture Magazine, qui met en lumi\u00e8re l'essor de la culture de la banane sous abri plastique au Maroc. D\u00e9couvrez de nouvelles normes pour les serres en France, des innovations dans les syst\u00e8mes NFT pour les tomates et les concombres, et les derni\u00e8res technologies en mati\u00e8re de feuilles rigides en PVC. Une lecture incontournable pour ceux qui recherchent des pratiques agricoles durables et efficaces avec les plastiques.<\/p>\n<p><strong>Plasticulture Magazine 1986 - N\u00b072<\/strong><\/p>\n<p>D\u00e9couvrez le dernier num\u00e9ro de 1986 de Plasticulture Magazine, consacr\u00e9 \u00e0 la Hongrie qui accueillera le dixi\u00e8me congr\u00e8s international sur les plastiques dans l'agriculture. Cette \u00e9dition aborde le r\u00f4le des plastiques dans l'irrigation, le paillage des cultures et met en lumi\u00e8re les d\u00e9veloppements internationaux en mati\u00e8re de plasticulture, du Mexique au Japon. Une ressource essentielle pour les tendances mondiales et les avanc\u00e9es techniques dans le domaine des plastiques agricoles.<\/p>\n<div id=\"gtx-trans\" style=\"position: absolute; left: 72px; top: 1px;\">\n<div class=\"gtx-trans-icon\"><\/div>\n<\/div>","protected":false},"excerpt":{"rendered":"<p>&nbsp;<\/p>\n<p>&nbsp;<\/p>\n<p>&nbsp;<\/p>","protected":false},"featured_media":12590,"comment_status":"closed","ping_status":"closed","template":"","meta":{"_acf_changed":false,"_themeisle_gutenberg_block_has_review":false},"product_brand":[],"product_cat":[15],"product_tag":[],"class_list":{"0":"post-12585","1":"product","2":"type-product","3":"status-publish","4":"has-post-thumbnail","6":"product_cat-uncategorized","8":"first","9":"instock","10":"shipping-taxable","11":"purchasable","12":"product-type-variable"},"acf":[],"aioseo_notices":[],"_links":{"self":[{"href":"https:\/\/cipa-plasticulture.com\/fr\/wp-json\/wp\/v2\/product\/12585","targetHints":{"allow":["GET"]}}],"collection":[{"href":"https:\/\/cipa-plasticulture.com\/fr\/wp-json\/wp\/v2\/product"}],"about":[{"href":"https:\/\/cipa-plasticulture.com\/fr\/wp-json\/wp\/v2\/types\/product"}],"replies":[{"embeddable":true,"href":"https:\/\/cipa-plasticulture.com\/fr\/wp-json\/wp\/v2\/comments?post=12585"}],"version-history":[{"count":1,"href":"https:\/\/cipa-plasticulture.com\/fr\/wp-json\/wp\/v2\/product\/12585\/revisions"}],"predecessor-version":[{"id":14046,"href":"https:\/\/cipa-plasticulture.com\/fr\/wp-json\/wp\/v2\/product\/12585\/revisions\/14046"}],"wp:featuredmedia":[{"embeddable":true,"href":"https:\/\/cipa-plasticulture.com\/fr\/wp-json\/wp\/v2\/media\/12590"}],"wp:attachment":[{"href":"https:\/\/cipa-plasticulture.com\/fr\/wp-json\/wp\/v2\/media?parent=12585"}],"wp:term":[{"taxonomy":"product_brand","embeddable":true,"href":"https:\/\/cipa-plasticulture.com\/fr\/wp-json\/wp\/v2\/product_brand?post=12585"},{"taxonomy":"product_cat","embeddable":true,"href":"https:\/\/cipa-plasticulture.com\/fr\/wp-json\/wp\/v2\/product_cat?post=12585"},{"taxonomy":"product_tag","embeddable":true,"href":"https:\/\/cipa-plasticulture.com\/fr\/wp-json\/wp\/v2\/product_tag?post=12585"}],"curies":[{"name":"wp","href":"https:\/\/api.w.org\/{rel}","templated":true}]}}