{"id":12574,"date":"2025-04-20T13:00:16","date_gmt":"2025-04-20T13:00:16","guid":{"rendered":"https:\/\/cipa-plasticulture.com\/?post_type=product&#038;p=12574"},"modified":"2026-02-01T23:50:28","modified_gmt":"2026-02-01T23:50:28","slug":"plasticulture-magazine-1987-n-73-74-75-76","status":"publish","type":"product","link":"https:\/\/cipa-plasticulture.com\/fr\/produit\/plasticulture-magazine-1987-n-73-74-75-76\/","title":{"rendered":"Plasticulture Magazine 1987 - N\u00b0 73-74-75-76"},"content":{"rendered":"<p><strong>Magazine Plasticulture 1987 - N\u00b073<\/strong><\/p>\n<p>Ce num\u00e9ro explore l'optimisation des couvertures de serres, y compris une \u00e9tude sur l'utilisation de films de poly\u00e9thyl\u00e8ne \u00e0 faible densit\u00e9 pour am\u00e9liorer la diffusion de la lumi\u00e8re et la r\u00e9tention thermique. Il aborde \u00e9galement les avanc\u00e9es en mati\u00e8re de paillage plastique pour la production de l\u00e9gumes, les techniques hydroponiques pour la laitue, et l'utilisation des plastiques dans l'aquaculture et l'irrigation rurale dans les pays en d\u00e9veloppement.<\/p>\n<p><strong>Magazine Plasticulture 1987 - N\u00b074<\/strong><\/p>\n<p>Cette \u00e9dition se concentre sur le r\u00f4le des plastiques dans l'am\u00e9lioration de la qualit\u00e9 et de la dur\u00e9e de conservation des produits agricoles. Elle pr\u00e9sente des \u00e9tudes sur les additifs anti-bu\u00e9e dans les films de serre, les solutions d'emballage en plastique pour les fruits et l\u00e9gumes et les techniques de solarisation pour la d\u00e9sinfection des sols. Des applications cl\u00e9s dans la conservation des aliments et l'agriculture durable sont \u00e9galement explor\u00e9es.<\/p>\n<p><strong>Magazine Plasticulture 1987 - N\u00b075<\/strong><\/p>\n<p>Consacr\u00e9 \u00e0 l'impact croissant des films multicouches coextrud\u00e9s, ce num\u00e9ro pr\u00e9sente les avanc\u00e9es en mati\u00e8re de stabilisation des UV et de technologies de contr\u00f4le de la lumi\u00e8re. Il met en lumi\u00e8re les essais de films copolym\u00e8res EVA dans les serres, les pratiques de plasticulture pour la production de raisins et de melons, et les \u00e9tudes sur les syst\u00e8mes de tunnels \u00e0 faible co\u00fbt pour les climats chauds.<\/p>\n<p><strong>Magazine Plasticulture 1987 - N\u00b076<\/strong><\/p>\n<p>Ce num\u00e9ro traite des avantages agronomiques des nouveaux films \u00e0 base de LDPE et d'EVA enrichis de charges min\u00e9rales. Les recherches portent notamment sur leurs effets sur la performance thermique des serres, la formation des kiwis sous abris plastiques, les innovations en mati\u00e8re de gestion des p\u00e9pini\u00e8res et les pratiques culturales prot\u00e9g\u00e9es adapt\u00e9es aux r\u00e9gions semi-arides.<\/p>\n<div id=\"gtx-trans\" style=\"position: absolute; left: 65px; top: 385px;\">\n<div class=\"gtx-trans-icon\"><\/div>\n<\/div>","protected":false},"excerpt":{"rendered":"<p>&nbsp;<\/p>\n<p>&nbsp;<\/p>\n<p>&nbsp;<\/p>","protected":false},"featured_media":12579,"comment_status":"closed","ping_status":"closed","template":"","meta":{"_acf_changed":false,"_themeisle_gutenberg_block_has_review":false},"product_brand":[],"product_cat":[15],"product_tag":[],"class_list":{"0":"post-12574","1":"product","2":"type-product","3":"status-publish","4":"has-post-thumbnail","6":"product_cat-uncategorized","8":"first","9":"instock","10":"shipping-taxable","11":"purchasable","12":"product-type-variable"},"acf":[],"aioseo_notices":[],"_links":{"self":[{"href":"https:\/\/cipa-plasticulture.com\/fr\/wp-json\/wp\/v2\/product\/12574","targetHints":{"allow":["GET"]}}],"collection":[{"href":"https:\/\/cipa-plasticulture.com\/fr\/wp-json\/wp\/v2\/product"}],"about":[{"href":"https:\/\/cipa-plasticulture.com\/fr\/wp-json\/wp\/v2\/types\/product"}],"replies":[{"embeddable":true,"href":"https:\/\/cipa-plasticulture.com\/fr\/wp-json\/wp\/v2\/comments?post=12574"}],"version-history":[{"count":1,"href":"https:\/\/cipa-plasticulture.com\/fr\/wp-json\/wp\/v2\/product\/12574\/revisions"}],"predecessor-version":[{"id":14041,"href":"https:\/\/cipa-plasticulture.com\/fr\/wp-json\/wp\/v2\/product\/12574\/revisions\/14041"}],"wp:featuredmedia":[{"embeddable":true,"href":"https:\/\/cipa-plasticulture.com\/fr\/wp-json\/wp\/v2\/media\/12579"}],"wp:attachment":[{"href":"https:\/\/cipa-plasticulture.com\/fr\/wp-json\/wp\/v2\/media?parent=12574"}],"wp:term":[{"taxonomy":"product_brand","embeddable":true,"href":"https:\/\/cipa-plasticulture.com\/fr\/wp-json\/wp\/v2\/product_brand?post=12574"},{"taxonomy":"product_cat","embeddable":true,"href":"https:\/\/cipa-plasticulture.com\/fr\/wp-json\/wp\/v2\/product_cat?post=12574"},{"taxonomy":"product_tag","embeddable":true,"href":"https:\/\/cipa-plasticulture.com\/fr\/wp-json\/wp\/v2\/product_tag?post=12574"}],"curies":[{"name":"wp","href":"https:\/\/api.w.org\/{rel}","templated":true}]}}