{"id":12563,"date":"2025-04-20T12:52:49","date_gmt":"2025-04-20T12:52:49","guid":{"rendered":"https:\/\/cipa-plasticulture.com\/?post_type=product&#038;p=12563"},"modified":"2026-01-26T23:09:07","modified_gmt":"2026-01-26T23:09:07","slug":"plasticulture-magazine-1988-n-77-78-79-80","status":"publish","type":"product","link":"https:\/\/cipa-plasticulture.com\/fr\/produit\/plasticulture-magazine-1988-n-77-78-79-80\/","title":{"rendered":"Plasticulture Magazine 1988 - N\u00b0 77-78-79-80"},"content":{"rendered":"<p><strong>Plasticulture Magazine 1988 - N\u00b077<\/strong><\/p>\n<p>D\u00e9couvrez la premi\u00e8re \u00e9dition de 1988 de Plasticulture Magazine, une ressource cl\u00e9 pour l'innovation dans le domaine des plastiques agricoles. Ce num\u00e9ro met en avant des solutions pionni\u00e8res pour les films de serre, les couvertures d'ensilage, les films de paillage et la culture des champignons. Plongez dans les avanc\u00e9es techniques et les pratiques durables qui soutiennent l'agriculture moderne dans le monde entier.<\/p>\n<p><strong>Plasticulture Magazine 1988 - N\u00b078<\/strong><\/p>\n<p>D\u00e9couvrez le num\u00e9ro 78 de Plasticulture Magazine 1988, consacr\u00e9 aux derniers mat\u00e9riaux utilis\u00e9s dans l'agriculture et l'horticulture. Avec des informations sur les effets de l'ombrage sur la qualit\u00e9 des tomates, les pratiques de plasticulture en Bulgarie et les innovations en mati\u00e8re de protection des cultures contre les virus, cette \u00e9dition donne un aper\u00e7u de l'\u00e9volution du paysage des plastiques agricoles.<\/p>\n<p><strong>Plasticulture Magazine 1988 - N\u00b079<\/strong><\/p>\n<p>D\u00e9couvrez le troisi\u00e8me num\u00e9ro de 1988 de Plasticulture Magazine, consacr\u00e9 aux additifs min\u00e9raux pour les films thermiques, aux nouveaux stabilisateurs de poly\u00e9thyl\u00e8ne et au r\u00f4le des plastiques dans l'industrie irlandaise des champignons en plein essor. Ce num\u00e9ro traite \u00e9galement de la pr\u00e9vention des virus des plantes et de la r\u00e9colte pr\u00e9coce du c\u00e9leri sous des housses en plastique, refl\u00e9tant ainsi les principaux d\u00e9fis et perc\u00e9es dans le domaine de l'agriculture.<\/p>\n<p><strong>Magazine Plasticulture 1988 - N\u00b080<\/strong><\/p>\n<p>Le dernier num\u00e9ro de 1988 de Plasticulture Magazine traite de la stabilisation des films de serre, des lits paill\u00e9s en poly\u00e9thyl\u00e8ne pour les cultures successives et de la gestion des d\u00e9chets plastiques en Allemagne. Les lecteurs y trouveront \u00e9galement des informations sur la culture hydroponique de la m\u00e2che et les syst\u00e8mes de micro-irrigation, ce qui en fait un ouvrage incontournable pour les amateurs d'agriculture durable.<\/p>\n<div id=\"gtx-trans\" style=\"position: absolute; left: 120px; top: 432px;\">\n<div class=\"gtx-trans-icon\"><\/div>\n<\/div>","protected":false},"excerpt":{"rendered":"<p>&nbsp;<\/p>\n<p>&nbsp;<\/p>\n<p>&nbsp;<\/p>","protected":false},"featured_media":12568,"comment_status":"closed","ping_status":"closed","template":"","meta":{"_acf_changed":false,"_themeisle_gutenberg_block_has_review":false},"product_brand":[],"product_cat":[15],"product_tag":[],"class_list":{"0":"post-12563","1":"product","2":"type-product","3":"status-publish","4":"has-post-thumbnail","6":"product_cat-uncategorized","8":"first","9":"instock","10":"shipping-taxable","11":"purchasable","12":"product-type-variable"},"acf":[],"aioseo_notices":[],"_links":{"self":[{"href":"https:\/\/cipa-plasticulture.com\/fr\/wp-json\/wp\/v2\/product\/12563","targetHints":{"allow":["GET"]}}],"collection":[{"href":"https:\/\/cipa-plasticulture.com\/fr\/wp-json\/wp\/v2\/product"}],"about":[{"href":"https:\/\/cipa-plasticulture.com\/fr\/wp-json\/wp\/v2\/types\/product"}],"replies":[{"embeddable":true,"href":"https:\/\/cipa-plasticulture.com\/fr\/wp-json\/wp\/v2\/comments?post=12563"}],"version-history":[{"count":1,"href":"https:\/\/cipa-plasticulture.com\/fr\/wp-json\/wp\/v2\/product\/12563\/revisions"}],"predecessor-version":[{"id":14031,"href":"https:\/\/cipa-plasticulture.com\/fr\/wp-json\/wp\/v2\/product\/12563\/revisions\/14031"}],"wp:featuredmedia":[{"embeddable":true,"href":"https:\/\/cipa-plasticulture.com\/fr\/wp-json\/wp\/v2\/media\/12568"}],"wp:attachment":[{"href":"https:\/\/cipa-plasticulture.com\/fr\/wp-json\/wp\/v2\/media?parent=12563"}],"wp:term":[{"taxonomy":"product_brand","embeddable":true,"href":"https:\/\/cipa-plasticulture.com\/fr\/wp-json\/wp\/v2\/product_brand?post=12563"},{"taxonomy":"product_cat","embeddable":true,"href":"https:\/\/cipa-plasticulture.com\/fr\/wp-json\/wp\/v2\/product_cat?post=12563"},{"taxonomy":"product_tag","embeddable":true,"href":"https:\/\/cipa-plasticulture.com\/fr\/wp-json\/wp\/v2\/product_tag?post=12563"}],"curies":[{"name":"wp","href":"https:\/\/api.w.org\/{rel}","templated":true}]}}