{"id":12552,"date":"2025-04-20T12:20:03","date_gmt":"2025-04-20T12:20:03","guid":{"rendered":"https:\/\/cipa-plasticulture.com\/?post_type=product&#038;p=12552"},"modified":"2026-01-26T23:06:09","modified_gmt":"2026-01-26T23:06:09","slug":"plasticulture-magazine-1989-n-81-82-83-84","status":"publish","type":"product","link":"https:\/\/cipa-plasticulture.com\/fr\/produit\/plasticulture-magazine-1989-n-81-82-83-84\/","title":{"rendered":"Plasticulture Magazine 1989 - N\u00b0 81-82-83-84"},"content":{"rendered":"<p><strong>Magazine Plasticulture 1989 - N\u00b081<\/strong><\/p>\n<p>Cette \u00e9dition met en lumi\u00e8re les d\u00e9fis et les opportunit\u00e9s li\u00e9s \u00e0 l'adaptation des technologies de serre aux climats tropicaux et subtropicaux. Les sujets abord\u00e9s comprennent l'utilisation de paillis plastiques pour les cultures de melons et de tomates, les innovations en mati\u00e8re de stabilisation des films de poly\u00e9thyl\u00e8ne et le d\u00e9veloppement pr\u00e9coce de la solarisation des sols. Des informations essentielles pour les professionnels qui cherchent \u00e0 optimiser les rendements dans des conditions climatiques chaudes.<\/p>\n<p><strong>Magazine Plasticulture 1989 - N\u00b082<\/strong><\/p>\n<p>Un num\u00e9ro sp\u00e9cial consacr\u00e9 \u00e0 la r\u00e9volution agricole de l'Espagne gr\u00e2ce \u00e0 la plasticulture. D\u00e9couvrez l'expansion rapide des serres, les applications de films de paillage, les syst\u00e8mes d'irrigation localis\u00e9s et les progr\u00e8s en mati\u00e8re de gestion des sols qui ont transform\u00e9 des r\u00e9gions arides en terres agricoles productives. Une ressource cl\u00e9 sur le r\u00f4le des plastiques dans le d\u00e9veloppement agricole durable.<\/p>\n<p><strong>Magazine Plasticulture 1989 - N\u00b083<\/strong><\/p>\n<p>Se concentrant sur les effets des plastiques sur les conditions du sol et la sant\u00e9 des cultures, ce num\u00e9ro traite du comportement environnemental des films de paillage, de la r\u00e9tention d'eau sous les couvertures en plastique et des technologies de protection contre les UV. Il pr\u00e9sente \u00e9galement des informations pratiques sur l'utilisation des plastiques pour la d\u00e9sinfection des sols et le contr\u00f4le des mauvaises herbes. Un guide technique pour une plasticulture \u00e9co-responsable.<\/p>\n<p><b>Plasticulture Magazine 1989 - N\u00b084<\/b><\/p>\n<p class=\"p3\">Ce num\u00e9ro examine les films anti-bu\u00e9e pour serres et clarifie les mythes et les faits concernant le contr\u00f4le de la condensation. Des \u00e9tudes sur la transmission de la lumi\u00e8re, la gestion de la chaleur par les couvertures et la solarisation pour l'am\u00e9lioration des sols sont pr\u00e9sent\u00e9es. Il comprend \u00e9galement des rapports sur les d\u00e9veloppements de la plasticulture au Yunnan, en Inde, et sur les conteneurs en plastique de nouvelle g\u00e9n\u00e9ration pour les produits agrochimiques.<\/p>","protected":false},"excerpt":{"rendered":"<p>&nbsp;<\/p>\n<p>&nbsp;<\/p>\n<p>&nbsp;<\/p>","protected":false},"featured_media":12852,"comment_status":"closed","ping_status":"closed","template":"","meta":{"_acf_changed":false,"_themeisle_gutenberg_block_has_review":false},"product_brand":[],"product_cat":[15],"product_tag":[],"class_list":{"0":"post-12552","1":"product","2":"type-product","3":"status-publish","4":"has-post-thumbnail","6":"product_cat-uncategorized","8":"first","9":"instock","10":"shipping-taxable","11":"purchasable","12":"product-type-variable"},"acf":[],"aioseo_notices":[],"_links":{"self":[{"href":"https:\/\/cipa-plasticulture.com\/fr\/wp-json\/wp\/v2\/product\/12552","targetHints":{"allow":["GET"]}}],"collection":[{"href":"https:\/\/cipa-plasticulture.com\/fr\/wp-json\/wp\/v2\/product"}],"about":[{"href":"https:\/\/cipa-plasticulture.com\/fr\/wp-json\/wp\/v2\/types\/product"}],"replies":[{"embeddable":true,"href":"https:\/\/cipa-plasticulture.com\/fr\/wp-json\/wp\/v2\/comments?post=12552"}],"version-history":[{"count":2,"href":"https:\/\/cipa-plasticulture.com\/fr\/wp-json\/wp\/v2\/product\/12552\/revisions"}],"predecessor-version":[{"id":14026,"href":"https:\/\/cipa-plasticulture.com\/fr\/wp-json\/wp\/v2\/product\/12552\/revisions\/14026"}],"wp:featuredmedia":[{"embeddable":true,"href":"https:\/\/cipa-plasticulture.com\/fr\/wp-json\/wp\/v2\/media\/12852"}],"wp:attachment":[{"href":"https:\/\/cipa-plasticulture.com\/fr\/wp-json\/wp\/v2\/media?parent=12552"}],"wp:term":[{"taxonomy":"product_brand","embeddable":true,"href":"https:\/\/cipa-plasticulture.com\/fr\/wp-json\/wp\/v2\/product_brand?post=12552"},{"taxonomy":"product_cat","embeddable":true,"href":"https:\/\/cipa-plasticulture.com\/fr\/wp-json\/wp\/v2\/product_cat?post=12552"},{"taxonomy":"product_tag","embeddable":true,"href":"https:\/\/cipa-plasticulture.com\/fr\/wp-json\/wp\/v2\/product_tag?post=12552"}],"curies":[{"name":"wp","href":"https:\/\/api.w.org\/{rel}","templated":true}]}}