{"id":12537,"date":"2025-04-14T21:20:17","date_gmt":"2025-04-14T21:20:17","guid":{"rendered":"https:\/\/cipa-plasticulture.com\/?post_type=product&#038;p=12537"},"modified":"2026-01-26T23:03:32","modified_gmt":"2026-01-26T23:03:32","slug":"plasticulture-magazine-1990-n-85-86-87-88","status":"publish","type":"product","link":"https:\/\/cipa-plasticulture.com\/fr\/produit\/plasticulture-magazine-1990-n-85-86-87-88\/","title":{"rendered":"Plasticulture Magazine 1990 - N\u00b0 85-86-87-88"},"content":{"rendered":"<p><strong>Plasticulture Magazine 1990 - N\u00b085<\/strong><\/p>\n<p>Cette \u00e9dition explore l'impact des films PVC fluorescents sur l'efficacit\u00e9 des serres et pr\u00e9sente les premi\u00e8res \u00e9tudes sur la manipulation de la lumi\u00e8re spectrale pour am\u00e9liorer les performances des cultures. Elle traite \u00e9galement du chauffage solaire passif dans les serres, de la solarisation \u00e0 l'aide de poly\u00e9thyl\u00e8ne transparent et des choix de substrats durables pour la culture de l'aubergine. Une plong\u00e9e technique dans les innovations fondamentales en mati\u00e8re de cultures prot\u00e9g\u00e9es.<\/p>\n<p><strong>Plasticulture Magazine 1990 - N\u00b086<\/strong><\/p>\n<p>Ce num\u00e9ro explore les am\u00e9liorations techniques et \u00e9conomiques dans la conception des serres, en particulier pour la culture des concombres et des poivrons. Les principaux sujets abord\u00e9s sont la transmission de la lumi\u00e8re et le contr\u00f4le de la temp\u00e9rature avec les nouveaux films de poly\u00e9thyl\u00e8ne, la dynamique de la ventilation dans les tunnels m\u00e9diterran\u00e9ens et le r\u00f4le des additifs dans la stabilisation des couvertures en plastique. Un num\u00e9ro de r\u00e9f\u00e9rence pour l'am\u00e9lioration de la productivit\u00e9 dans les cultures prot\u00e9g\u00e9es.<\/p>\n<p><strong>Plasticulture Magazine 1990 - N\u00b087<\/strong><\/p>\n<p>Consacr\u00e9e au contr\u00f4le du climat et \u00e0 la micro-irrigation, cette \u00e9dition pr\u00e9sente des innovations en mati\u00e8re d'\u00e9crans thermiques, de combinaisons de paillis et de tunnels en plastique pour la culture des fraises. Elle comprend \u00e9galement des r\u00e9sultats d\u00e9taill\u00e9s sur les effets du microclimat dans les serres et les syst\u00e8mes d'irrigation au goutte-\u00e0-goutte qui am\u00e9liorent le rendement et la qualit\u00e9 des tomates. Des outils pratiques pour une agriculture intelligente face au climat.<\/p>\n<p><strong>Plasticulture Magazine 1990 - N\u00b088<\/strong><\/p>\n<p>Cette \u00e9dition se concentre sur le r\u00f4le des plastiques dans la protection des plantes. Elle montre comment les films de paillage, les syst\u00e8mes de micro-irrigation et les couvertures perfor\u00e9es aident \u00e0 lutter contre les mauvaises herbes, les ravageurs et les maladies. Sont \u00e9galement pr\u00e9sent\u00e9s : les tests d'\u00e9metteurs pour les syst\u00e8mes de goutte-\u00e0-goutte en France, l'impact des emballages plastiques sur la dur\u00e9e de conservation des aliments, la normalisation des pots horticoles et l'utilisation de polyur\u00e9thane recycl\u00e9 (PUR) en tant que support de culture respectueux de l'environnement. Un num\u00e9ro complet sur la synergie entre la plasticulture et la sant\u00e9 des cultures.<\/p>\n<div id=\"gtx-trans\" style=\"position: absolute; left: 116px; top: 456px;\">\n<div class=\"gtx-trans-icon\"><\/div>\n<\/div>","protected":false},"excerpt":{"rendered":"<p>&nbsp;<\/p>\n<p>&nbsp;<\/p>\n<p>&nbsp;<\/p>","protected":false},"featured_media":12547,"comment_status":"closed","ping_status":"closed","template":"","meta":{"_acf_changed":false,"_themeisle_gutenberg_block_has_review":false},"product_brand":[],"product_cat":[15],"product_tag":[],"class_list":{"0":"post-12537","1":"product","2":"type-product","3":"status-publish","4":"has-post-thumbnail","6":"product_cat-uncategorized","8":"first","9":"instock","10":"shipping-taxable","11":"purchasable","12":"product-type-variable"},"acf":[],"aioseo_notices":[],"_links":{"self":[{"href":"https:\/\/cipa-plasticulture.com\/fr\/wp-json\/wp\/v2\/product\/12537","targetHints":{"allow":["GET"]}}],"collection":[{"href":"https:\/\/cipa-plasticulture.com\/fr\/wp-json\/wp\/v2\/product"}],"about":[{"href":"https:\/\/cipa-plasticulture.com\/fr\/wp-json\/wp\/v2\/types\/product"}],"replies":[{"embeddable":true,"href":"https:\/\/cipa-plasticulture.com\/fr\/wp-json\/wp\/v2\/comments?post=12537"}],"version-history":[{"count":1,"href":"https:\/\/cipa-plasticulture.com\/fr\/wp-json\/wp\/v2\/product\/12537\/revisions"}],"predecessor-version":[{"id":14020,"href":"https:\/\/cipa-plasticulture.com\/fr\/wp-json\/wp\/v2\/product\/12537\/revisions\/14020"}],"wp:featuredmedia":[{"embeddable":true,"href":"https:\/\/cipa-plasticulture.com\/fr\/wp-json\/wp\/v2\/media\/12547"}],"wp:attachment":[{"href":"https:\/\/cipa-plasticulture.com\/fr\/wp-json\/wp\/v2\/media?parent=12537"}],"wp:term":[{"taxonomy":"product_brand","embeddable":true,"href":"https:\/\/cipa-plasticulture.com\/fr\/wp-json\/wp\/v2\/product_brand?post=12537"},{"taxonomy":"product_cat","embeddable":true,"href":"https:\/\/cipa-plasticulture.com\/fr\/wp-json\/wp\/v2\/product_cat?post=12537"},{"taxonomy":"product_tag","embeddable":true,"href":"https:\/\/cipa-plasticulture.com\/fr\/wp-json\/wp\/v2\/product_tag?post=12537"}],"curies":[{"name":"wp","href":"https:\/\/api.w.org\/{rel}","templated":true}]}}