{"id":12527,"date":"2025-04-14T21:05:24","date_gmt":"2025-04-14T21:05:24","guid":{"rendered":"https:\/\/cipa-plasticulture.com\/?post_type=product&#038;p=12527"},"modified":"2026-01-26T23:01:23","modified_gmt":"2026-01-26T23:01:23","slug":"plasticulture-magazine-1991-n-89-90-91-92","status":"publish","type":"product","link":"https:\/\/cipa-plasticulture.com\/fr\/produit\/plasticulture-magazine-1991-n-89-90-91-92\/","title":{"rendered":"Plasticulture Magazine 1991 - N\u00b0 89-90-91-92"},"content":{"rendered":"<p><strong>Magazine Plasticulture 1991 - N\u00b089<\/strong><\/p>\n<p>Cette \u00e9dition explore le syst\u00e8me \u201ccascade-conteneur\u201d pour une production en serre efficace sur le plan \u00e9nerg\u00e9tique, en mettant l'accent sur les m\u00e9thodes de chauffage durable utilisant l'\u00e9nergie g\u00e9othermique. Elle aborde \u00e9galement l'effet des pesticides sur les films de serre, les nouveaux d\u00e9veloppements en mati\u00e8re de films de paillage r\u00e9fl\u00e9chissants en poly\u00e9thyl\u00e8ne et une \u00e9tude de cas sur les m\u00e9soclimats appropri\u00e9s pour les cultures prot\u00e9g\u00e9es au Maroc et en Alg\u00e9rie.<\/p>\n<p><strong>Magazine Plasticulture 1991 - N\u00b090<\/strong><\/p>\n<p>Avec des articles techniques sur l'am\u00e9lioration du type de serre Alm\u00e9ria, ce num\u00e9ro met l'accent sur le syst\u00e8me de micro-irrigation Ecodrip et l'utilisation d'\u00e9crans aluminis\u00e9s pour la production de tomates. Il pr\u00e9sente \u00e9galement les tendances en mati\u00e8re de culture prot\u00e9g\u00e9e en France, en Italie et en Espagne, ainsi que des informations sur le congr\u00e8s international sur la plasturgie en agriculture et sur les derni\u00e8res avanc\u00e9es en mati\u00e8re de conception de serres.<\/p>\n<p><strong>Magazine Plasticulture 1991 - N\u00b091<\/strong><\/p>\n<p>Cette \u00e9dition traite de l'efficacit\u00e9 des films de poly\u00e9thyl\u00e8ne pour la solarisation des sols, de l'utilisation de plastiques bon march\u00e9 pour la culture prot\u00e9g\u00e9e en \u00c9gypte et des avantages des mat\u00e9riaux de paillage r\u00e9fl\u00e9chissants. Elle explore \u00e9galement le recyclage des films de poly\u00e9thyl\u00e8ne et pr\u00e9sente des articles sur de nouvelles conceptions de serres adapt\u00e9es aux climats m\u00e9diterran\u00e9ens.<\/p>\n<p><strong>Magazine Plasticulture 1991 - N\u00b092<\/strong><\/p>\n<p>Dans ce num\u00e9ro, l'accent est mis sur le d\u00e9veloppement de la culture prot\u00e9g\u00e9e en Espagne, en particulier dans la r\u00e9gion de l'Andalousie. Les articles explorent les facteurs \u00e9conomiques et climatiques affectant les syst\u00e8mes de serres et de tunnels bas, y compris l'impact sur la production de l\u00e9gumes. Les progr\u00e8s r\u00e9alis\u00e9s dans la gestion de la temp\u00e9rature des serres et l'utilisation de bardages en poly\u00e9thyl\u00e8ne sont \u00e9galement pr\u00e9sent\u00e9s.<\/p>\n<div id=\"gtx-trans\" style=\"position: absolute; left: 90px; top: 432px;\">\n<div class=\"gtx-trans-icon\"><\/div>\n<\/div>","protected":false},"excerpt":{"rendered":"<p>&nbsp;<\/p>\n<p>&nbsp;<\/p>\n<p>&nbsp;<\/p>","protected":false},"featured_media":12542,"comment_status":"closed","ping_status":"closed","template":"","meta":{"_acf_changed":false,"_themeisle_gutenberg_block_has_review":false},"product_brand":[],"product_cat":[15],"product_tag":[],"class_list":{"0":"post-12527","1":"product","2":"type-product","3":"status-publish","4":"has-post-thumbnail","6":"product_cat-uncategorized","8":"first","9":"instock","10":"shipping-taxable","11":"purchasable","12":"product-type-variable"},"acf":[],"aioseo_notices":[],"_links":{"self":[{"href":"https:\/\/cipa-plasticulture.com\/fr\/wp-json\/wp\/v2\/product\/12527","targetHints":{"allow":["GET"]}}],"collection":[{"href":"https:\/\/cipa-plasticulture.com\/fr\/wp-json\/wp\/v2\/product"}],"about":[{"href":"https:\/\/cipa-plasticulture.com\/fr\/wp-json\/wp\/v2\/types\/product"}],"replies":[{"embeddable":true,"href":"https:\/\/cipa-plasticulture.com\/fr\/wp-json\/wp\/v2\/comments?post=12527"}],"version-history":[{"count":2,"href":"https:\/\/cipa-plasticulture.com\/fr\/wp-json\/wp\/v2\/product\/12527\/revisions"}],"predecessor-version":[{"id":14015,"href":"https:\/\/cipa-plasticulture.com\/fr\/wp-json\/wp\/v2\/product\/12527\/revisions\/14015"}],"wp:featuredmedia":[{"embeddable":true,"href":"https:\/\/cipa-plasticulture.com\/fr\/wp-json\/wp\/v2\/media\/12542"}],"wp:attachment":[{"href":"https:\/\/cipa-plasticulture.com\/fr\/wp-json\/wp\/v2\/media?parent=12527"}],"wp:term":[{"taxonomy":"product_brand","embeddable":true,"href":"https:\/\/cipa-plasticulture.com\/fr\/wp-json\/wp\/v2\/product_brand?post=12527"},{"taxonomy":"product_cat","embeddable":true,"href":"https:\/\/cipa-plasticulture.com\/fr\/wp-json\/wp\/v2\/product_cat?post=12527"},{"taxonomy":"product_tag","embeddable":true,"href":"https:\/\/cipa-plasticulture.com\/fr\/wp-json\/wp\/v2\/product_tag?post=12527"}],"curies":[{"name":"wp","href":"https:\/\/api.w.org\/{rel}","templated":true}]}}