{"id":12500,"date":"2025-04-14T20:40:58","date_gmt":"2025-04-14T20:40:58","guid":{"rendered":"https:\/\/cipa-plasticulture.com\/?post_type=product&#038;p=12500"},"modified":"2026-01-26T22:17:06","modified_gmt":"2026-01-26T22:17:06","slug":"plasticulture-magazine-1993-n-97-98-99-100","status":"publish","type":"product","link":"https:\/\/cipa-plasticulture.com\/fr\/produit\/plasticulture-magazine-1993-n-97-98-99-100\/","title":{"rendered":"Plasticulture Magazine 1993 - N\u00b0 97-98-99-100"},"content":{"rendered":"<p><strong>Magazine Plasticulture 1993 - N\u00b097<\/strong><\/p>\n<p>Ce num\u00e9ro pr\u00e9sente les progr\u00e8s r\u00e9alis\u00e9s dans la conception des serres, le contr\u00f4le du vieillissement des mat\u00e9riaux polym\u00e8res et le recyclage des plastiques agricoles. Il couvre \u00e9galement les serres de p\u00e9pini\u00e8res non chauff\u00e9es, les substrats de tomates durables et l'\u00e9volution du march\u00e9 des films de paillage photod\u00e9gradables. Une perspective globale sur l'utilisation des plastiques dans l'agriculture en Argentine, en Allemagne, en Espagne, en Afrique du Sud et en France.<\/p>\n<p><strong>Magazine Plasticulture 1993 - N\u00b098<\/strong><\/p>\n<p>L'accent est mis sur l'identification des m\u00e9soclimats id\u00e9aux pour les cultures prot\u00e9g\u00e9es en \u00c9gypte et en Syrie, avec des articles sur le coton sous plastique, le stockage de l'eau pour l'irrigation et la culture de courges d'hiver au Maroc. Des innovations comme les films photos\u00e9lectifs pour la volaille et la serre \u00e0 toit ouvrant \u201cRoll-Air\u201d sont \u00e9galement pr\u00e9sent\u00e9es. Un num\u00e9ro ax\u00e9 sur la M\u00e9diterran\u00e9e et riche en informations pratiques.<\/p>\n<p><strong>Magazine Plasticulture 1993 - N\u00b099<\/strong><\/p>\n<p>De l'Alaska \u00e0 Hawa\u00ef, ce num\u00e9ro explore la plasticulture dans le monde entier : utilisation de paillis et de tunnels dans les climats froids, culture hydroponique d'herbes et feuilles de poly\u00e9thyl\u00e8ne pour les r\u00e9servoirs d'eau. Ce num\u00e9ro pr\u00e9sente \u00e9galement le Biobarrier\u00ae, un syst\u00e8me r\u00e9volutionnaire d'administration d'herbicides, ainsi que des informations sur le prochain congr\u00e8s du CIPA \u00e0 V\u00e9rone. Une \u00e9dition v\u00e9ritablement internationale.<\/p>\n<p><strong>Plasticulture Magazine 1993 - N\u00b0100<\/strong><\/p>\n<p>Un num\u00e9ro important c\u00e9l\u00e9brant les 25 ans de Plasticulture Magazine et mettant \u00e0 l'honneur des contributeurs internationaux. Les points forts sont la plasticulture en Italie et en Hongrie, l'impact des pesticides sur les films de paillage, les syst\u00e8mes d'aquaculture intensive et l'efficacit\u00e9 des tissus non tiss\u00e9s dans la lutte contre les virus. Annonce \u00e9galement le XIIIe congr\u00e8s international de la CIPA.<\/p>\n<div id=\"gtx-trans\" style=\"position: absolute; left: 179px; top: 385px;\">\n<div class=\"gtx-trans-icon\"><\/div>\n<\/div>","protected":false},"excerpt":{"rendered":"<p>&nbsp;<\/p>\n<p>&nbsp;<\/p>\n<p>&nbsp;<\/p>","protected":false},"featured_media":12493,"comment_status":"closed","ping_status":"closed","template":"","meta":{"_acf_changed":false,"_themeisle_gutenberg_block_has_review":false},"product_brand":[],"product_cat":[15],"product_tag":[],"class_list":{"0":"post-12500","1":"product","2":"type-product","3":"status-publish","4":"has-post-thumbnail","6":"product_cat-uncategorized","8":"first","9":"instock","10":"shipping-taxable","11":"purchasable","12":"product-type-variable"},"acf":[],"aioseo_notices":[],"_links":{"self":[{"href":"https:\/\/cipa-plasticulture.com\/fr\/wp-json\/wp\/v2\/product\/12500","targetHints":{"allow":["GET"]}}],"collection":[{"href":"https:\/\/cipa-plasticulture.com\/fr\/wp-json\/wp\/v2\/product"}],"about":[{"href":"https:\/\/cipa-plasticulture.com\/fr\/wp-json\/wp\/v2\/types\/product"}],"replies":[{"embeddable":true,"href":"https:\/\/cipa-plasticulture.com\/fr\/wp-json\/wp\/v2\/comments?post=12500"}],"version-history":[{"count":1,"href":"https:\/\/cipa-plasticulture.com\/fr\/wp-json\/wp\/v2\/product\/12500\/revisions"}],"predecessor-version":[{"id":14009,"href":"https:\/\/cipa-plasticulture.com\/fr\/wp-json\/wp\/v2\/product\/12500\/revisions\/14009"}],"wp:featuredmedia":[{"embeddable":true,"href":"https:\/\/cipa-plasticulture.com\/fr\/wp-json\/wp\/v2\/media\/12493"}],"wp:attachment":[{"href":"https:\/\/cipa-plasticulture.com\/fr\/wp-json\/wp\/v2\/media?parent=12500"}],"wp:term":[{"taxonomy":"product_brand","embeddable":true,"href":"https:\/\/cipa-plasticulture.com\/fr\/wp-json\/wp\/v2\/product_brand?post=12500"},{"taxonomy":"product_cat","embeddable":true,"href":"https:\/\/cipa-plasticulture.com\/fr\/wp-json\/wp\/v2\/product_cat?post=12500"},{"taxonomy":"product_tag","embeddable":true,"href":"https:\/\/cipa-plasticulture.com\/fr\/wp-json\/wp\/v2\/product_tag?post=12500"}],"curies":[{"name":"wp","href":"https:\/\/api.w.org\/{rel}","templated":true}]}}