{"id":12488,"date":"2025-04-14T20:32:15","date_gmt":"2025-04-14T20:32:15","guid":{"rendered":"https:\/\/cipa-plasticulture.com\/?post_type=product&#038;p=12488"},"modified":"2026-01-26T22:14:03","modified_gmt":"2026-01-26T22:14:03","slug":"plasticulture-magazine-1994-n-101-102-103-104","status":"publish","type":"product","link":"https:\/\/cipa-plasticulture.com\/fr\/produit\/plasticulture-magazine-1994-n-101-102-103-104\/","title":{"rendered":"Plasticulture Magazine 1994 - N\u00b0 101-102-103-104"},"content":{"rendered":"<p><strong>Magazine Plasticulture 1994 - N\u00b0101<\/strong><\/p>\n<p>Cette \u00e9dition traite des strat\u00e9gies de contr\u00f4le du climat dans les serres de tomates, des films de paillage spectraux et de la culture des poireaux dans le respect de l'environnement. Elle pr\u00e9sente \u00e9galement une analyse \u00e9conomique des syst\u00e8mes d'irrigation au goutte-\u00e0-goutte et des rapports de soci\u00e9t\u00e9s de plasticulture am\u00e9ricaines et isra\u00e9liennes. Une perspective technique et internationale sur les agro-plastiques modernes.<\/p>\n<p><strong>Magazine Plasticulture 1994 - N\u00b0102<\/strong><\/p>\n<p>Une plong\u00e9e en profondeur dans les films de serre \u00e0 longue dur\u00e9e de vie fabriqu\u00e9s \u00e0 partir de m\u00e9langes LDPE\/LLDPE avec des stabilisateurs UV. Cette \u00e9dition examine \u00e9galement l'utilisation de films photos\u00e9lectifs pour le contr\u00f4le des agents pathog\u00e8nes, de films barri\u00e8res pour la d\u00e9sinfection des sols et la gestion du climat des serres au Portugal. Id\u00e9al pour les professionnels qui s'int\u00e9ressent \u00e0 l'innovation dans le domaine des polym\u00e8res et \u00e0 la protection durable des cultures.<\/p>\n<p><strong>Magazine Plasticulture 1994 - N\u00b0103<\/strong><\/p>\n<p>Ax\u00e9 sur les propri\u00e9t\u00e9s thermiques et de condensation des couvertures de serre, ce num\u00e9ro explore l'impact de l'humidit\u00e9 sur les performances des films plastiques. Sont \u00e9galement pr\u00e9sent\u00e9s : des comparaisons de mat\u00e9riaux de paillage pour les cultures de tomates, un syst\u00e8me de s\u00e9chage solaire et l'utilisation de paillis plastique pour la collecte de l'eau de pluie dans la culture du cantaloup.<\/p>\n<p><strong>Magazine Plasticulture 1994 - N\u00b0104<\/strong><\/p>\n<p>Un hommage au Dr Emery M. Emmert, figure fondatrice de la plasticulture am\u00e9ricaine. Cette \u00e9dition revient sur ses travaux pionniers dans le domaine des serres en plastique, du paillage et des tunnels. Elle pr\u00e9sente \u00e9galement des \u00e9tudes sur les films PE et les microclimats de tomates, la ventilation naturelle des tunnels et les r\u00e9actions des melons \u00e0 diff\u00e9rents paillis.<\/p>\n<div id=\"gtx-trans\" style=\"position: absolute; left: 101px; top: 385px;\">\n<div class=\"gtx-trans-icon\"><\/div>\n<\/div>","protected":false},"excerpt":{"rendered":"<p>&nbsp;<\/p>\n<p>&nbsp;<\/p>\n<p>&nbsp;<\/p>","protected":false},"featured_media":12493,"comment_status":"closed","ping_status":"closed","template":"","meta":{"_acf_changed":false,"_themeisle_gutenberg_block_has_review":false},"product_brand":[],"product_cat":[15],"product_tag":[],"class_list":{"0":"post-12488","1":"product","2":"type-product","3":"status-publish","4":"has-post-thumbnail","6":"product_cat-uncategorized","8":"first","9":"instock","10":"shipping-taxable","11":"purchasable","12":"product-type-variable"},"acf":[],"aioseo_notices":[],"_links":{"self":[{"href":"https:\/\/cipa-plasticulture.com\/fr\/wp-json\/wp\/v2\/product\/12488","targetHints":{"allow":["GET"]}}],"collection":[{"href":"https:\/\/cipa-plasticulture.com\/fr\/wp-json\/wp\/v2\/product"}],"about":[{"href":"https:\/\/cipa-plasticulture.com\/fr\/wp-json\/wp\/v2\/types\/product"}],"replies":[{"embeddable":true,"href":"https:\/\/cipa-plasticulture.com\/fr\/wp-json\/wp\/v2\/comments?post=12488"}],"version-history":[{"count":1,"href":"https:\/\/cipa-plasticulture.com\/fr\/wp-json\/wp\/v2\/product\/12488\/revisions"}],"predecessor-version":[{"id":14004,"href":"https:\/\/cipa-plasticulture.com\/fr\/wp-json\/wp\/v2\/product\/12488\/revisions\/14004"}],"wp:featuredmedia":[{"embeddable":true,"href":"https:\/\/cipa-plasticulture.com\/fr\/wp-json\/wp\/v2\/media\/12493"}],"wp:attachment":[{"href":"https:\/\/cipa-plasticulture.com\/fr\/wp-json\/wp\/v2\/media?parent=12488"}],"wp:term":[{"taxonomy":"product_brand","embeddable":true,"href":"https:\/\/cipa-plasticulture.com\/fr\/wp-json\/wp\/v2\/product_brand?post=12488"},{"taxonomy":"product_cat","embeddable":true,"href":"https:\/\/cipa-plasticulture.com\/fr\/wp-json\/wp\/v2\/product_cat?post=12488"},{"taxonomy":"product_tag","embeddable":true,"href":"https:\/\/cipa-plasticulture.com\/fr\/wp-json\/wp\/v2\/product_tag?post=12488"}],"curies":[{"name":"wp","href":"https:\/\/api.w.org\/{rel}","templated":true}]}}