{"id":12472,"date":"2025-04-14T19:53:55","date_gmt":"2025-04-14T19:53:55","guid":{"rendered":"https:\/\/cipa-plasticulture.com\/?post_type=product&#038;p=12472"},"modified":"2026-01-26T22:10:39","modified_gmt":"2026-01-26T22:10:39","slug":"plasticulture-magazine-1995-n-105-106-107-108","status":"publish","type":"product","link":"https:\/\/cipa-plasticulture.com\/fr\/produit\/plasticulture-magazine-1995-n-105-106-107-108\/","title":{"rendered":"Plasticulture Magazine 1995 - N\u00b0 105-106-107-108"},"content":{"rendered":"<p><strong>Magazine Plasticulture 1995 - N\u00b0105<\/strong><\/p>\n<p>Dans ce num\u00e9ro, des m\u00e9thodes avanc\u00e9es pour pr\u00e9dire la durabilit\u00e9 des films de serre sont pr\u00e9sent\u00e9es, en utilisant des syst\u00e8mes de vieillissement acc\u00e9l\u00e9r\u00e9. D'autres articles traitent des chambres \u00e0 toit ouvert pour la recherche sur le changement climatique, de la ventilation naturelle des tunnels dans les zones m\u00e9diterran\u00e9ennes et de l'utilisation de tissus non tiss\u00e9s dans la production de melons au S\u00e9n\u00e9gal. Une approche diversifi\u00e9e et scientifique de la plasticulture.<\/p>\n<p><strong>Magazine Plasticulture 1995 - N\u00b0106<\/strong><\/p>\n<p>Ax\u00e9e sur la solarisation des sols, cette \u00e9dition examine son impact sur la lutte contre les n\u00e9matodes dans les p\u00e9pini\u00e8res de tabac \u00e0 l'aide de films PEBD transparents. Les syst\u00e8mes hydroponiques pour la culture de la laitue, les films de paillage photod\u00e9gradables et l'utilisation de g\u00e9otextiles dans les p\u00e9pini\u00e8res et les am\u00e9nagements paysagers figurent parmi les points forts de cette \u00e9dition. Une question pratique pour la gestion durable des cultures.<\/p>\n<p><strong>Magazine Plasticulture 1995 - N\u00b0107<\/strong><\/p>\n<p>D\u00e9couvrez comment le contr\u00f4le du climat \u00e0 l'aide de couvertures non tiss\u00e9es Agryl P17 profite \u00e0 la culture de la laitue. Ce num\u00e9ro pr\u00e9sente \u00e9galement la solarisation du sol pour lutter contre les n\u00e9matodes dans les p\u00e9pini\u00e8res de tabac, les strat\u00e9gies de fertilisation hydroponique et les films nacr\u00e9s qui augmentent le rendement des \u00e9pinards. Plus : une plong\u00e9e dans les emballages sous atmosph\u00e8re modifi\u00e9e et les \u00e9v\u00e9nements internationaux dans le domaine de la plasticulture.<\/p>\n<p><strong>Magazine Plasticulture 1995 - N\u00b0108<\/strong><\/p>\n<p>Cette \u00e9dition se penche sur l'innovation mondiale en mati\u00e8re de culture prot\u00e9g\u00e9e, en mettant l'accent sur l'utilisation intensive de serres en plastique au Japon. Les articles explorent les films agricoles minces fabriqu\u00e9s \u00e0 partir de m\u00e9langes VLDPE\/LDPE, les pigments d'interf\u00e9rence dans les couvertures de serre et l'\u00e9volution de la plasticulture au Mexique et en Hongrie. La technologie des paillis flottants et le programme de recyclage des films d'ensilage au Royaume-Uni sont \u00e9galement abord\u00e9s.<\/p>\n<div id=\"gtx-trans\" style=\"position: absolute; left: 156px; top: 385px;\">\n<div class=\"gtx-trans-icon\"><\/div>\n<\/div>","protected":false},"excerpt":{"rendered":"<p>&nbsp;<\/p>\n<p>&nbsp;<\/p>\n<p>&nbsp;<\/p>","protected":false},"featured_media":12477,"comment_status":"closed","ping_status":"closed","template":"","meta":{"_acf_changed":false,"_themeisle_gutenberg_block_has_review":false},"product_brand":[],"product_cat":[15],"product_tag":[],"class_list":{"0":"post-12472","1":"product","2":"type-product","3":"status-publish","4":"has-post-thumbnail","6":"product_cat-uncategorized","8":"first","9":"instock","10":"shipping-taxable","11":"purchasable","12":"product-type-variable"},"acf":[],"aioseo_notices":[],"_links":{"self":[{"href":"https:\/\/cipa-plasticulture.com\/fr\/wp-json\/wp\/v2\/product\/12472","targetHints":{"allow":["GET"]}}],"collection":[{"href":"https:\/\/cipa-plasticulture.com\/fr\/wp-json\/wp\/v2\/product"}],"about":[{"href":"https:\/\/cipa-plasticulture.com\/fr\/wp-json\/wp\/v2\/types\/product"}],"replies":[{"embeddable":true,"href":"https:\/\/cipa-plasticulture.com\/fr\/wp-json\/wp\/v2\/comments?post=12472"}],"version-history":[{"count":1,"href":"https:\/\/cipa-plasticulture.com\/fr\/wp-json\/wp\/v2\/product\/12472\/revisions"}],"predecessor-version":[{"id":13998,"href":"https:\/\/cipa-plasticulture.com\/fr\/wp-json\/wp\/v2\/product\/12472\/revisions\/13998"}],"wp:featuredmedia":[{"embeddable":true,"href":"https:\/\/cipa-plasticulture.com\/fr\/wp-json\/wp\/v2\/media\/12477"}],"wp:attachment":[{"href":"https:\/\/cipa-plasticulture.com\/fr\/wp-json\/wp\/v2\/media?parent=12472"}],"wp:term":[{"taxonomy":"product_brand","embeddable":true,"href":"https:\/\/cipa-plasticulture.com\/fr\/wp-json\/wp\/v2\/product_brand?post=12472"},{"taxonomy":"product_cat","embeddable":true,"href":"https:\/\/cipa-plasticulture.com\/fr\/wp-json\/wp\/v2\/product_cat?post=12472"},{"taxonomy":"product_tag","embeddable":true,"href":"https:\/\/cipa-plasticulture.com\/fr\/wp-json\/wp\/v2\/product_tag?post=12472"}],"curies":[{"name":"wp","href":"https:\/\/api.w.org\/{rel}","templated":true}]}}