{"id":12460,"date":"2025-04-14T19:07:58","date_gmt":"2025-04-14T19:07:58","guid":{"rendered":"https:\/\/cipa-plasticulture.com\/?post_type=product&#038;p=12460"},"modified":"2026-01-18T23:05:57","modified_gmt":"2026-01-18T23:05:57","slug":"plasticulture-magazine-1996-n-109-110-111-112","status":"publish","type":"product","link":"https:\/\/cipa-plasticulture.com\/fr\/produit\/plasticulture-magazine-1996-n-109-110-111-112\/","title":{"rendered":"Plasticulture Magazine 1996 - N\u00b0 109-110-111-112"},"content":{"rendered":"<p><b>Plasticulture Magazine 1996 - N\u00b0109<\/b><\/p>\n<p class=\"p3\">Consacr\u00e9 aux asperges et aux arbres fruitiers, ce num\u00e9ro pr\u00e9sente l'int\u00e9gration des plastiques dans les syst\u00e8mes de cultures p\u00e9rennes. Des films de paillage noirs pour la culture des asperges aux structures de protection pour les bananiers et les arbres fruitiers au Japon, cette \u00e9dition explore les strat\u00e9gies d'am\u00e9lioration du rendement. Sont \u00e9galement pr\u00e9sent\u00e9es les technologies des pigments, le recyclage des films et des \u00e9tudes de cas mondiales, de l'Espagne au Sri Lanka.<\/p>\n<p><strong>Magazine Plasticulture 1996 - N\u00b0110<\/strong><\/p>\n<p>Plongez dans la photomorphogen\u00e8se en agriculture prot\u00e9g\u00e9e avec cette \u00e9dition de Plasticulture Magazine. D\u00e9couvrez comment la manipulation spectrale au moyen de couvertures de serre peut optimiser le d\u00e9veloppement des plantes. Ce num\u00e9ro couvre \u00e9galement les innovations en mati\u00e8re de paillis biod\u00e9gradable, la r\u00e9utilisation des caisses en plastique et les d\u00e9veloppements dans la production de l\u00e9gumes \u00e9gyptiens. Une ressource riche pour am\u00e9liorer la qualit\u00e9 des cultures gr\u00e2ce \u00e0 la science de la lumi\u00e8re et aux pratiques durables.<\/p>\n<p><strong>Magazine Plasticulture 1996 - N\u00b0111<\/strong><\/p>\n<p>D\u00e9couvrez les stabilisateurs avanc\u00e9s dans les agrofilms avec cette \u00e9dition 1996 de Plasticulture Magazine. Il pr\u00e9sente des HALS \u00e0 haute performance qui remplacent les additifs \u00e0 base de nickel et qui r\u00e9sistent aux conditions s\u00e9v\u00e8res des pesticides. D\u00e9couvrez les films de paillage r\u00e9fl\u00e9chissants pour les climats chauds, les \u00e9crans thermiques par temps doux et l'utilisation du polypropyl\u00e8ne photochromique dans la culture de la laitue. Les tendances et les \u00e9v\u00e9nements mondiaux compl\u00e8tent ce num\u00e9ro riche en informations techniques.<\/p>\n<p><strong>Plasticulture Magazine 1996 - N\u00b0112<\/strong><\/p>\n<p>Ce num\u00e9ro de Plasticulture Magazine met en lumi\u00e8re le leadership d'Isra\u00ebl en mati\u00e8re d'innovation dans le domaine de la plasticulture. Des couvertures de serre bloquant les UV et r\u00e9duisant les maladies transmises par les insectes aux paillis de plastique color\u00e9 s'attaquant aux virus de la tomate, cette \u00e9dition met en lumi\u00e8re la recherche appliqu\u00e9e transformant la protection des cultures. Sont \u00e9galement pr\u00e9sent\u00e9s des s\u00e9choirs solaires pour plantes m\u00e9dicinales, des poteries horticoles biod\u00e9gradables et des mises \u00e0 jour mondiales, de l'\u00c9gypte au Mexique. Un ouvrage incontournable pour les professionnels qui investissent dans l'agriculture durable et technologique.<\/p>\n<div id=\"gtx-trans\" style=\"position: absolute; left: 183px; top: 480px;\">\n<div class=\"gtx-trans-icon\"><\/div>\n<\/div>","protected":false},"excerpt":{"rendered":"<p>&nbsp;<\/p>\n<p>&nbsp;<\/p>\n<p>&nbsp;<\/p>","protected":false},"featured_media":12469,"comment_status":"closed","ping_status":"closed","template":"","meta":{"_acf_changed":false,"_themeisle_gutenberg_block_has_review":false},"product_brand":[],"product_cat":[15],"product_tag":[],"class_list":{"0":"post-12460","1":"product","2":"type-product","3":"status-publish","4":"has-post-thumbnail","6":"product_cat-uncategorized","8":"first","9":"instock","10":"shipping-taxable","11":"purchasable","12":"product-type-variable"},"acf":[],"aioseo_notices":[],"_links":{"self":[{"href":"https:\/\/cipa-plasticulture.com\/fr\/wp-json\/wp\/v2\/product\/12460","targetHints":{"allow":["GET"]}}],"collection":[{"href":"https:\/\/cipa-plasticulture.com\/fr\/wp-json\/wp\/v2\/product"}],"about":[{"href":"https:\/\/cipa-plasticulture.com\/fr\/wp-json\/wp\/v2\/types\/product"}],"replies":[{"embeddable":true,"href":"https:\/\/cipa-plasticulture.com\/fr\/wp-json\/wp\/v2\/comments?post=12460"}],"version-history":[{"count":1,"href":"https:\/\/cipa-plasticulture.com\/fr\/wp-json\/wp\/v2\/product\/12460\/revisions"}],"predecessor-version":[{"id":13988,"href":"https:\/\/cipa-plasticulture.com\/fr\/wp-json\/wp\/v2\/product\/12460\/revisions\/13988"}],"wp:featuredmedia":[{"embeddable":true,"href":"https:\/\/cipa-plasticulture.com\/fr\/wp-json\/wp\/v2\/media\/12469"}],"wp:attachment":[{"href":"https:\/\/cipa-plasticulture.com\/fr\/wp-json\/wp\/v2\/media?parent=12460"}],"wp:term":[{"taxonomy":"product_brand","embeddable":true,"href":"https:\/\/cipa-plasticulture.com\/fr\/wp-json\/wp\/v2\/product_brand?post=12460"},{"taxonomy":"product_cat","embeddable":true,"href":"https:\/\/cipa-plasticulture.com\/fr\/wp-json\/wp\/v2\/product_cat?post=12460"},{"taxonomy":"product_tag","embeddable":true,"href":"https:\/\/cipa-plasticulture.com\/fr\/wp-json\/wp\/v2\/product_tag?post=12460"}],"curies":[{"name":"wp","href":"https:\/\/api.w.org\/{rel}","templated":true}]}}