{"id":12451,"date":"2025-04-14T18:44:00","date_gmt":"2025-04-14T18:44:00","guid":{"rendered":"https:\/\/cipa-plasticulture.com\/?post_type=product&#038;p=12451"},"modified":"2026-01-18T23:03:10","modified_gmt":"2026-01-18T23:03:10","slug":"plasticulture-magazine-1997-n-113-114-115","status":"publish","type":"product","link":"https:\/\/cipa-plasticulture.com\/fr\/produit\/plasticulture-magazine-1997-n-113-114-115\/","title":{"rendered":"Plasticulture Magazine 1997 - N\u00b0 113-114-115"},"content":{"rendered":"<p><b>Plasticulture Magazine 1997 - N\u00b0113<\/b><\/p>\n<p class=\"p3\">D\u00e9couvrez l'\u00e9dition 1997 de <i>Magazine Plasticulture<\/i>, Le salon de l'agriculture, qui se tient \u00e0 Paris, pr\u00e9sente des innovations r\u00e9volutionnaires dans le domaine des films plastiques pour l'agriculture. D\u00e9couvrez les performances des films EVA mouss\u00e9s pour la couverture thermique des serres, les paillis biod\u00e9gradables pour la production de melons et les filets anti-gr\u00eale dans les vergers. Ce num\u00e9ro se penche \u00e9galement sur les simulations structurelles pour la s\u00e9curit\u00e9 des serres et met en lumi\u00e8re les d\u00e9veloppements mondiaux en mati\u00e8re de plasticulture en Italie, au Portugal, au Pakistan et au Royaume-Uni. Une ressource pr\u00e9cieuse pour les professionnels qui souhaitent am\u00e9liorer la qualit\u00e9 et la r\u00e9sistance des cultures gr\u00e2ce \u00e0 des solutions plastiques avanc\u00e9es.<\/p>\n<p><strong>Plasticulture Magazine 1997 - N\u00b0114<\/strong><\/p>\n<p>Cette \u00e9dition de Plasticulture Magazine explore le potentiel croissant des plastiques recycl\u00e9s dans l'agriculture. Il met en lumi\u00e8re des innovations m\u00e9caniques pour l'utilisation de poteaux en plastique recycl\u00e9 dans des structures l\u00e9g\u00e8res, l'am\u00e9lioration du contr\u00f4le de la condensation dans les serres gr\u00e2ce \u00e0 des films anti-gouttes, et l'utilisation de paillis en plastique dans la culture de l'ananas. En mettant l'accent sur les couvertures de serre \u00e0 longue dur\u00e9e de vie, les films d'ensilage coextrud\u00e9s et les solutions durables pour les b\u00e2timents d'\u00e9levage, ce num\u00e9ro est une ressource essentielle pour les professionnels de l'agriculture avant-gardistes qui se consacrent \u00e0 l'\u00e9conomie circulaire et \u00e0 la performance.<\/p>\n<p><strong>Plasticulture Magazine 1997 - N\u00b0115<\/strong><\/p>\n<p>D\u00e9couvrez l'\u00e9dition 1997 de Plasticulture Magazine, consacr\u00e9e \u00e0 l'avancement des films de poly\u00e9thyl\u00e8ne pour les applications en serre. Ce num\u00e9ro se penche sur la recherche de pointe en mati\u00e8re de comportement thermique, de stabilisation des UV et de performance anti-goutte afin d'optimiser les conditions de culture. Il examine \u00e9galement la fa\u00e7on dont les paillis plastiques affectent l'absorption des nutriments dans les cultures de courgettes et pr\u00e9sente des \u00e9tudes sur la diffusion de la lumi\u00e8re \u00e0 l'aide de films interf\u00e9rentiels. Des perspectives mondiales de la France, du Br\u00e9sil et d'autres pays compl\u00e8tent ce num\u00e9ro, ce qui en fait une lecture essentielle pour les professionnels engag\u00e9s dans des pratiques agricoles durables et \u00e0 haut rendement.<\/p>\n<div id=\"gtx-trans\" style=\"position: absolute; left: 144px; top: 353px;\">\n<div class=\"gtx-trans-icon\"><\/div>\n<\/div>","protected":false},"excerpt":{"rendered":"<p>&nbsp;<\/p>\n<p>&nbsp;<\/p>\n<p>&nbsp;<\/p>","protected":false},"featured_media":12459,"comment_status":"closed","ping_status":"closed","template":"","meta":{"_acf_changed":false,"_themeisle_gutenberg_block_has_review":false},"product_brand":[],"product_cat":[15],"product_tag":[],"class_list":{"0":"post-12451","1":"product","2":"type-product","3":"status-publish","4":"has-post-thumbnail","6":"product_cat-uncategorized","8":"first","9":"instock","10":"shipping-taxable","11":"purchasable","12":"product-type-variable"},"acf":[],"aioseo_notices":[],"_links":{"self":[{"href":"https:\/\/cipa-plasticulture.com\/fr\/wp-json\/wp\/v2\/product\/12451","targetHints":{"allow":["GET"]}}],"collection":[{"href":"https:\/\/cipa-plasticulture.com\/fr\/wp-json\/wp\/v2\/product"}],"about":[{"href":"https:\/\/cipa-plasticulture.com\/fr\/wp-json\/wp\/v2\/types\/product"}],"replies":[{"embeddable":true,"href":"https:\/\/cipa-plasticulture.com\/fr\/wp-json\/wp\/v2\/comments?post=12451"}],"version-history":[{"count":1,"href":"https:\/\/cipa-plasticulture.com\/fr\/wp-json\/wp\/v2\/product\/12451\/revisions"}],"predecessor-version":[{"id":13983,"href":"https:\/\/cipa-plasticulture.com\/fr\/wp-json\/wp\/v2\/product\/12451\/revisions\/13983"}],"wp:featuredmedia":[{"embeddable":true,"href":"https:\/\/cipa-plasticulture.com\/fr\/wp-json\/wp\/v2\/media\/12459"}],"wp:attachment":[{"href":"https:\/\/cipa-plasticulture.com\/fr\/wp-json\/wp\/v2\/media?parent=12451"}],"wp:term":[{"taxonomy":"product_brand","embeddable":true,"href":"https:\/\/cipa-plasticulture.com\/fr\/wp-json\/wp\/v2\/product_brand?post=12451"},{"taxonomy":"product_cat","embeddable":true,"href":"https:\/\/cipa-plasticulture.com\/fr\/wp-json\/wp\/v2\/product_cat?post=12451"},{"taxonomy":"product_tag","embeddable":true,"href":"https:\/\/cipa-plasticulture.com\/fr\/wp-json\/wp\/v2\/product_tag?post=12451"}],"curies":[{"name":"wp","href":"https:\/\/api.w.org\/{rel}","templated":true}]}}