{"id":12419,"date":"2025-04-05T11:41:20","date_gmt":"2025-04-05T11:41:20","guid":{"rendered":"https:\/\/cipa-plasticulture.com\/?post_type=product&#038;p=12419"},"modified":"2026-01-18T22:53:48","modified_gmt":"2026-01-18T22:53:48","slug":"plasticulture-magazine-1998-n-116","status":"publish","type":"product","link":"https:\/\/cipa-plasticulture.com\/fr\/produit\/plasticulture-magazine-1998-n-116\/","title":{"rendered":"Plasticulture Magazine 1998 - N\u00b0 116"},"content":{"rendered":"<p class=\"p1\"><b>Magazine Plasticulture 1998 - N\u00b0116<\/b><\/p>\n<p class=\"p3\">D\u00e9couvrez l'\u00e9dition 1998 de <i>Magazine Plasticulture<\/i>, une publication de r\u00e9f\u00e9rence pour les professionnels de l'agriculture durable. Ce num\u00e9ro met l'accent sur la culture de l\u00e9gumes tropicaux sous abris de serre, y compris les techniques avanc\u00e9es pour r\u00e9duire le stress thermique dans le climat de la Martinique. Parmi les sujets abord\u00e9s figurent l'utilisation de films de paillage r\u00e9fl\u00e9chissants et photos\u00e9lectifs, les innovations en mati\u00e8re de syst\u00e8mes de brumisation et de refroidissement, et les comparaisons de films de poly\u00e9thyl\u00e8ne en vue d'optimiser le rendement des cultures. Il traite \u00e9galement de la culture du poivron \u00e0 l'aide de films de paillage color\u00e9s et de la fertigation, et explore les plastiques recycl\u00e9s pour les textiles agricoles. Une lecture essentielle pour les experts des cultures prot\u00e9g\u00e9es, de la r\u00e9silience climatique et de l'agro-innovation.<\/p>","protected":false},"excerpt":{"rendered":"<p>&nbsp;<\/p>\n<p>&nbsp;<\/p>\n<p>&nbsp;<\/p>","protected":false},"featured_media":12421,"comment_status":"closed","ping_status":"closed","template":"","meta":{"_acf_changed":false,"_themeisle_gutenberg_block_has_review":false},"product_brand":[],"product_cat":[15],"product_tag":[],"class_list":{"0":"post-12419","1":"product","2":"type-product","3":"status-publish","4":"has-post-thumbnail","6":"product_cat-uncategorized","8":"first","9":"instock","10":"shipping-taxable","11":"purchasable","12":"product-type-variable"},"acf":[],"aioseo_notices":[],"_links":{"self":[{"href":"https:\/\/cipa-plasticulture.com\/fr\/wp-json\/wp\/v2\/product\/12419","targetHints":{"allow":["GET"]}}],"collection":[{"href":"https:\/\/cipa-plasticulture.com\/fr\/wp-json\/wp\/v2\/product"}],"about":[{"href":"https:\/\/cipa-plasticulture.com\/fr\/wp-json\/wp\/v2\/types\/product"}],"replies":[{"embeddable":true,"href":"https:\/\/cipa-plasticulture.com\/fr\/wp-json\/wp\/v2\/comments?post=12419"}],"version-history":[{"count":1,"href":"https:\/\/cipa-plasticulture.com\/fr\/wp-json\/wp\/v2\/product\/12419\/revisions"}],"predecessor-version":[{"id":13979,"href":"https:\/\/cipa-plasticulture.com\/fr\/wp-json\/wp\/v2\/product\/12419\/revisions\/13979"}],"wp:featuredmedia":[{"embeddable":true,"href":"https:\/\/cipa-plasticulture.com\/fr\/wp-json\/wp\/v2\/media\/12421"}],"wp:attachment":[{"href":"https:\/\/cipa-plasticulture.com\/fr\/wp-json\/wp\/v2\/media?parent=12419"}],"wp:term":[{"taxonomy":"product_brand","embeddable":true,"href":"https:\/\/cipa-plasticulture.com\/fr\/wp-json\/wp\/v2\/product_brand?post=12419"},{"taxonomy":"product_cat","embeddable":true,"href":"https:\/\/cipa-plasticulture.com\/fr\/wp-json\/wp\/v2\/product_cat?post=12419"},{"taxonomy":"product_tag","embeddable":true,"href":"https:\/\/cipa-plasticulture.com\/fr\/wp-json\/wp\/v2\/product_tag?post=12419"}],"curies":[{"name":"wp","href":"https:\/\/api.w.org\/{rel}","templated":true}]}}