{"id":12412,"date":"2025-04-05T11:14:22","date_gmt":"2025-04-05T11:14:22","guid":{"rendered":"https:\/\/cipa-plasticulture.com\/?post_type=product&#038;p=12412"},"modified":"2026-01-18T22:50:47","modified_gmt":"2026-01-18T22:50:47","slug":"plasticulture-magazine-1999-n-117-118","status":"publish","type":"product","link":"https:\/\/cipa-plasticulture.com\/fr\/produit\/plasticulture-magazine-1999-n-117-118\/","title":{"rendered":"Plasticulture Magazine 1999 - N\u00b0 117-118"},"content":{"rendered":"<p class=\"p1\"><b>Magazine Plasticulture 1999 - N\u00b0117<\/b><\/p>\n<p class=\"p3\">D\u00e9couvrez l'\u00e9dition 1999 de <i>Magazine Plasticulture<\/i>, Ce num\u00e9ro est consacr\u00e9 aux effets d'additifs innovants sur les films de serre en poly\u00e9thyl\u00e8ne. Ce num\u00e9ro pr\u00e9sente des recherches d\u00e9taill\u00e9es sur les stabilisateurs photochromatiques et thermochromatiques, offrant un aper\u00e7u de leur impact sur la durabilit\u00e9 des films et la productivit\u00e9 des plantes. Il traite \u00e9galement de la culture des fraises en Chine sous diff\u00e9rents syst\u00e8mes de plasticulture, de l'impact environnemental et du recyclage des plastiques agricoles usag\u00e9s, ainsi que des nouveaux mat\u00e9riaux polyol\u00e9fines pour des applications avanc\u00e9es. Une source riche d'expertise technique et de perspectives mondiales sur l'utilisation durable des plastiques dans l'agriculture.<\/p>\n<p><strong>Magazine Plasticulture 1999 - N\u00b0118<\/strong><\/p>\n<p>D\u00e9couvrez l'\u00e9dition 1999 de Plasticulture Magazine, une ressource essentielle qui met en lumi\u00e8re les innovations de la plasticulture en mati\u00e8re de lutte contre les ravageurs, de solarisation des sols et d'agriculture durable. Ce num\u00e9ro pr\u00e9sente des essais en plein champ sur le melon musqu\u00e9 utilisant des paillis de poly\u00e9thyl\u00e8ne, des couvertures de rang\u00e9es flottantes et des microtunnels pour r\u00e9duire les populations de pucerons et d'aleurodes tout en augmentant les rendements. D\u00e9couvrez l'utilisation de couvertures non tiss\u00e9es pour l'exclusion des virus dans les courges, de films thermiques pour am\u00e9liorer le chauffage du sol, ainsi que des informations sur les r\u00e9sidus de pesticides dans les plastiques usag\u00e9s. Avec des rapports internationaux provenant de France, d'Isra\u00ebl, du Kenya et de Suisse, cette \u00e9dition est incontournable pour les professionnels qui souhaitent optimiser la protection des cultures et l'impact sur l'environnement.<\/p>\n<p>&nbsp;<\/p>\n<div id=\"gtx-trans\" style=\"position: absolute; left: 76px; top: 224px;\">\n<div class=\"gtx-trans-icon\"><\/div>\n<\/div>","protected":false},"excerpt":{"rendered":"<p>&nbsp;<\/p>\n<p>&nbsp;<\/p>\n<p>&nbsp;<\/p>","protected":false},"featured_media":12415,"comment_status":"closed","ping_status":"closed","template":"","meta":{"_acf_changed":false,"_themeisle_gutenberg_block_has_review":false},"product_brand":[],"product_cat":[15],"product_tag":[],"class_list":{"0":"post-12412","1":"product","2":"type-product","3":"status-publish","4":"has-post-thumbnail","6":"product_cat-uncategorized","8":"first","9":"instock","10":"shipping-taxable","11":"purchasable","12":"product-type-variable"},"acf":[],"aioseo_notices":[],"_links":{"self":[{"href":"https:\/\/cipa-plasticulture.com\/fr\/wp-json\/wp\/v2\/product\/12412","targetHints":{"allow":["GET"]}}],"collection":[{"href":"https:\/\/cipa-plasticulture.com\/fr\/wp-json\/wp\/v2\/product"}],"about":[{"href":"https:\/\/cipa-plasticulture.com\/fr\/wp-json\/wp\/v2\/types\/product"}],"replies":[{"embeddable":true,"href":"https:\/\/cipa-plasticulture.com\/fr\/wp-json\/wp\/v2\/comments?post=12412"}],"version-history":[{"count":1,"href":"https:\/\/cipa-plasticulture.com\/fr\/wp-json\/wp\/v2\/product\/12412\/revisions"}],"predecessor-version":[{"id":13976,"href":"https:\/\/cipa-plasticulture.com\/fr\/wp-json\/wp\/v2\/product\/12412\/revisions\/13976"}],"wp:featuredmedia":[{"embeddable":true,"href":"https:\/\/cipa-plasticulture.com\/fr\/wp-json\/wp\/v2\/media\/12415"}],"wp:attachment":[{"href":"https:\/\/cipa-plasticulture.com\/fr\/wp-json\/wp\/v2\/media?parent=12412"}],"wp:term":[{"taxonomy":"product_brand","embeddable":true,"href":"https:\/\/cipa-plasticulture.com\/fr\/wp-json\/wp\/v2\/product_brand?post=12412"},{"taxonomy":"product_cat","embeddable":true,"href":"https:\/\/cipa-plasticulture.com\/fr\/wp-json\/wp\/v2\/product_cat?post=12412"},{"taxonomy":"product_tag","embeddable":true,"href":"https:\/\/cipa-plasticulture.com\/fr\/wp-json\/wp\/v2\/product_tag?post=12412"}],"curies":[{"name":"wp","href":"https:\/\/api.w.org\/{rel}","templated":true}]}}