{"id":12392,"date":"2025-04-02T11:07:23","date_gmt":"2025-04-02T11:07:23","guid":{"rendered":"https:\/\/cipa-plasticulture.com\/?post_type=product&#038;p=12392"},"modified":"2026-01-18T22:46:50","modified_gmt":"2026-01-18T22:46:50","slug":"plasticulture-magazine-2000-n-119","status":"publish","type":"product","link":"https:\/\/cipa-plasticulture.com\/fr\/produit\/plasticulture-magazine-2000-n-119\/","title":{"rendered":"Magazine Plasticulture 2000 - N\u00b0 119"},"content":{"rendered":"<p class=\"p1\"><b>Magazine Plasticulture 2000 - N\u00b0119<\/b><\/p>\n<p class=\"p3\">D\u00e9couvrez l'\u00e9dition 2000 de <i>Magazine Plasticulture<\/i>, Ce num\u00e9ro retrace l'histoire et les \u00e9tapes importantes de la plasticulture. Ce num\u00e9ro retrace l'histoire et les \u00e9tapes importantes de la plasticulture, avec un accent particulier sur les couvertures de serres utilisant des films stabilis\u00e9s HALS avanc\u00e9s, les syst\u00e8mes horticoles modernes dans le sud de l'Espagne et les applications plastiques dans la production animale. Il contient \u00e9galement des articles techniques sur la gestion de l'eau d'irrigation \u00e0 l'aide de mat\u00e9riaux plastiques et sur l'utilisation de rev\u00eatements en PVC-P pour les r\u00e9servoirs agricoles. Une lecture essentielle pour les professionnels qui font progresser les syst\u00e8mes agricoles durables et performants.<\/p>","protected":false},"excerpt":{"rendered":"<p>&nbsp;<\/p>\n<p>&nbsp;<\/p>\n<p>&nbsp;<\/p>","protected":false},"featured_media":12395,"comment_status":"closed","ping_status":"closed","template":"","meta":{"_acf_changed":false,"_themeisle_gutenberg_block_has_review":false},"product_brand":[],"product_cat":[15],"product_tag":[],"class_list":{"0":"post-12392","1":"product","2":"type-product","3":"status-publish","4":"has-post-thumbnail","6":"product_cat-uncategorized","8":"first","9":"instock","10":"shipping-taxable","11":"purchasable","12":"product-type-variable"},"acf":[],"aioseo_notices":[],"_links":{"self":[{"href":"https:\/\/cipa-plasticulture.com\/fr\/wp-json\/wp\/v2\/product\/12392","targetHints":{"allow":["GET"]}}],"collection":[{"href":"https:\/\/cipa-plasticulture.com\/fr\/wp-json\/wp\/v2\/product"}],"about":[{"href":"https:\/\/cipa-plasticulture.com\/fr\/wp-json\/wp\/v2\/types\/product"}],"replies":[{"embeddable":true,"href":"https:\/\/cipa-plasticulture.com\/fr\/wp-json\/wp\/v2\/comments?post=12392"}],"version-history":[{"count":1,"href":"https:\/\/cipa-plasticulture.com\/fr\/wp-json\/wp\/v2\/product\/12392\/revisions"}],"predecessor-version":[{"id":13973,"href":"https:\/\/cipa-plasticulture.com\/fr\/wp-json\/wp\/v2\/product\/12392\/revisions\/13973"}],"wp:featuredmedia":[{"embeddable":true,"href":"https:\/\/cipa-plasticulture.com\/fr\/wp-json\/wp\/v2\/media\/12395"}],"wp:attachment":[{"href":"https:\/\/cipa-plasticulture.com\/fr\/wp-json\/wp\/v2\/media?parent=12392"}],"wp:term":[{"taxonomy":"product_brand","embeddable":true,"href":"https:\/\/cipa-plasticulture.com\/fr\/wp-json\/wp\/v2\/product_brand?post=12392"},{"taxonomy":"product_cat","embeddable":true,"href":"https:\/\/cipa-plasticulture.com\/fr\/wp-json\/wp\/v2\/product_cat?post=12392"},{"taxonomy":"product_tag","embeddable":true,"href":"https:\/\/cipa-plasticulture.com\/fr\/wp-json\/wp\/v2\/product_tag?post=12392"}],"curies":[{"name":"wp","href":"https:\/\/api.w.org\/{rel}","templated":true}]}}