{"id":12352,"date":"2025-04-02T11:03:34","date_gmt":"2025-04-02T11:03:34","guid":{"rendered":"https:\/\/cipa-plasticulture.com\/?post_type=product&#038;p=12352"},"modified":"2026-01-18T22:46:18","modified_gmt":"2026-01-18T22:46:18","slug":"plasticulture-magazine-2001-n-120","status":"publish","type":"product","link":"https:\/\/cipa-plasticulture.com\/fr\/produit\/plasticulture-magazine-2001-n-120\/","title":{"rendered":"Magazine Plasticulture 2001 - N\u00b0 120"},"content":{"rendered":"<p class=\"p1\"><b>Magazine Plasticulture 2001 - N\u00b0120<\/b><\/p>\n<p class=\"p3\">D\u00e9couvrez l'\u00e9dition 2001 de <i>Magazine Plasticulture<\/i>, L'\u00e9dition 2009 de l'exposition \u201cLes serres en film plastique\u201d est un num\u00e9ro \u00e0 ne pas manquer, qui pr\u00e9sente un aper\u00e7u international des serres en film plastique et de leur r\u00f4le dans l'agriculture mondiale. Les principaux articles traitent de la conception des serres modernes, des techniques d'\u00e9conomie d'\u00e9nergie et de la culture des roses selon la technique du \"pliage\". Cette \u00e9dition explore \u00e9galement la micro-irrigation en Inde, la production de concombres sous plastique au N\u00e9pal et les principales conclusions du 15e Congr\u00e8s international sur les plastiques dans l'agriculture aux \u00c9tats-Unis. Une riche source de connaissances d'experts pour des pratiques de plasticulture durables, efficaces et pertinentes \u00e0 l'\u00e9chelle mondiale.<\/p>","protected":false},"excerpt":{"rendered":"<p>&nbsp;<\/p>\n<p>&nbsp;<\/p>\n<p>&nbsp;<\/p>","protected":false},"featured_media":12355,"comment_status":"closed","ping_status":"closed","template":"","meta":{"_acf_changed":false,"_themeisle_gutenberg_block_has_review":false},"product_brand":[],"product_cat":[15],"product_tag":[],"class_list":{"0":"post-12352","1":"product","2":"type-product","3":"status-publish","4":"has-post-thumbnail","6":"product_cat-uncategorized","8":"first","9":"instock","10":"shipping-taxable","11":"purchasable","12":"product-type-variable"},"acf":[],"aioseo_notices":[],"_links":{"self":[{"href":"https:\/\/cipa-plasticulture.com\/fr\/wp-json\/wp\/v2\/product\/12352","targetHints":{"allow":["GET"]}}],"collection":[{"href":"https:\/\/cipa-plasticulture.com\/fr\/wp-json\/wp\/v2\/product"}],"about":[{"href":"https:\/\/cipa-plasticulture.com\/fr\/wp-json\/wp\/v2\/types\/product"}],"replies":[{"embeddable":true,"href":"https:\/\/cipa-plasticulture.com\/fr\/wp-json\/wp\/v2\/comments?post=12352"}],"version-history":[{"count":1,"href":"https:\/\/cipa-plasticulture.com\/fr\/wp-json\/wp\/v2\/product\/12352\/revisions"}],"predecessor-version":[{"id":13972,"href":"https:\/\/cipa-plasticulture.com\/fr\/wp-json\/wp\/v2\/product\/12352\/revisions\/13972"}],"wp:featuredmedia":[{"embeddable":true,"href":"https:\/\/cipa-plasticulture.com\/fr\/wp-json\/wp\/v2\/media\/12355"}],"wp:attachment":[{"href":"https:\/\/cipa-plasticulture.com\/fr\/wp-json\/wp\/v2\/media?parent=12352"}],"wp:term":[{"taxonomy":"product_brand","embeddable":true,"href":"https:\/\/cipa-plasticulture.com\/fr\/wp-json\/wp\/v2\/product_brand?post=12352"},{"taxonomy":"product_cat","embeddable":true,"href":"https:\/\/cipa-plasticulture.com\/fr\/wp-json\/wp\/v2\/product_cat?post=12352"},{"taxonomy":"product_tag","embeddable":true,"href":"https:\/\/cipa-plasticulture.com\/fr\/wp-json\/wp\/v2\/product_tag?post=12352"}],"curies":[{"name":"wp","href":"https:\/\/api.w.org\/{rel}","templated":true}]}}