{"id":12314,"date":"2025-04-02T11:01:40","date_gmt":"2025-04-02T11:01:40","guid":{"rendered":"https:\/\/cipa-plasticulture.com\/?post_type=product&#038;p=12314"},"modified":"2026-01-18T22:45:52","modified_gmt":"2026-01-18T22:45:52","slug":"plasticulture-magazine-2002-n-121","status":"publish","type":"product","link":"https:\/\/cipa-plasticulture.com\/fr\/produit\/plasticulture-magazine-2002-n-121\/","title":{"rendered":"Magazine Plasticulture 2002 - N\u00b0 121"},"content":{"rendered":"<p class=\"p1\"><b>Magazine Plasticulture 2002 - N\u00b0121<\/b><\/p>\n<p class=\"p3\">D\u00e9couvrez l'\u00e9dition 2002 de <i>Magazine Plasticulture<\/i>, Ce num\u00e9ro pr\u00e9sente des recherches approfondies et des d\u00e9veloppements internationaux dans le domaine des plastiques agricoles. Ce num\u00e9ro pr\u00e9sente des r\u00e9sultats critiques sur le noircissement des p\u00e9tales de rose sous diff\u00e9rentes couvertures de serre, l'impact des films de paillage color\u00e9s sur la production de poireaux et la lutte contre les ravageurs, et le r\u00f4le des plastiques dans la d\u00e9sinfection des sols. Il met \u00e9galement en lumi\u00e8re le stockage du fourrage et des c\u00e9r\u00e9ales \u00e0 l'aide de plastiques en Argentine, les techniques de coextrusion pour les films souffl\u00e9s et la croissance de la plasticulture en Am\u00e9rique latine. Un ouvrage incontournable pour les professionnels et les chercheurs qui s'int\u00e9ressent aux pratiques agricoles efficaces, de haute technologie et durables.<\/p>","protected":false},"excerpt":{"rendered":"<p>&nbsp;<\/p>\n<p>&nbsp;<\/p>\n<p>&nbsp;<\/p>","protected":false},"featured_media":12349,"comment_status":"closed","ping_status":"closed","template":"","meta":{"_acf_changed":false,"_themeisle_gutenberg_block_has_review":false},"product_brand":[],"product_cat":[15],"product_tag":[],"class_list":{"0":"post-12314","1":"product","2":"type-product","3":"status-publish","4":"has-post-thumbnail","6":"product_cat-uncategorized","8":"first","9":"instock","10":"shipping-taxable","11":"purchasable","12":"product-type-variable"},"acf":[],"aioseo_notices":[],"_links":{"self":[{"href":"https:\/\/cipa-plasticulture.com\/fr\/wp-json\/wp\/v2\/product\/12314","targetHints":{"allow":["GET"]}}],"collection":[{"href":"https:\/\/cipa-plasticulture.com\/fr\/wp-json\/wp\/v2\/product"}],"about":[{"href":"https:\/\/cipa-plasticulture.com\/fr\/wp-json\/wp\/v2\/types\/product"}],"replies":[{"embeddable":true,"href":"https:\/\/cipa-plasticulture.com\/fr\/wp-json\/wp\/v2\/comments?post=12314"}],"version-history":[{"count":1,"href":"https:\/\/cipa-plasticulture.com\/fr\/wp-json\/wp\/v2\/product\/12314\/revisions"}],"predecessor-version":[{"id":13971,"href":"https:\/\/cipa-plasticulture.com\/fr\/wp-json\/wp\/v2\/product\/12314\/revisions\/13971"}],"wp:featuredmedia":[{"embeddable":true,"href":"https:\/\/cipa-plasticulture.com\/fr\/wp-json\/wp\/v2\/media\/12349"}],"wp:attachment":[{"href":"https:\/\/cipa-plasticulture.com\/fr\/wp-json\/wp\/v2\/media?parent=12314"}],"wp:term":[{"taxonomy":"product_brand","embeddable":true,"href":"https:\/\/cipa-plasticulture.com\/fr\/wp-json\/wp\/v2\/product_brand?post=12314"},{"taxonomy":"product_cat","embeddable":true,"href":"https:\/\/cipa-plasticulture.com\/fr\/wp-json\/wp\/v2\/product_cat?post=12314"},{"taxonomy":"product_tag","embeddable":true,"href":"https:\/\/cipa-plasticulture.com\/fr\/wp-json\/wp\/v2\/product_tag?post=12314"}],"curies":[{"name":"wp","href":"https:\/\/api.w.org\/{rel}","templated":true}]}}