{"id":12239,"date":"2025-04-02T10:54:32","date_gmt":"2025-04-02T10:54:32","guid":{"rendered":"https:\/\/cipa-plasticulture.com\/?post_type=product&#038;p=12239"},"modified":"2026-01-18T22:45:26","modified_gmt":"2026-01-18T22:45:26","slug":"plasticulture-magazine-2003-n-122","status":"publish","type":"product","link":"https:\/\/cipa-plasticulture.com\/fr\/produit\/plasticulture-magazine-2003-n-122\/","title":{"rendered":"Magazine Plasticulture 2003 - N\u00b0 122"},"content":{"rendered":"<p class=\"p1\"><b>Magazine Plasticulture 2003 - N\u00b0122<\/b><\/p>\n<p class=\"p3\">D\u00e9couvrez l'\u00e9dition 2003 de <i>Magazine Plasticulture<\/i>, La revue est une riche source de connaissances pour les professionnels de l'agriculture prot\u00e9g\u00e9e. Ce num\u00e9ro met l'accent sur le rayonnement solaire et son influence sur les films plastiques de serre, avec une analyse d\u00e9taill\u00e9e des spectres de lumi\u00e8re et de leurs effets sur la croissance des cultures. Les additifs intelligents pour la production de roses, l'\u00e9volution de la plasticulture en Am\u00e9rique du Nord, en Cor\u00e9e et en Allemagne, ainsi qu'un aper\u00e7u du 16e Congr\u00e8s mondial sur les plastiques dans l'agriculture sont autant d'\u00e9l\u00e9ments cl\u00e9s de ce num\u00e9ro. Avec des aper\u00e7us sur les films de paillage biod\u00e9gradables et la conception avanc\u00e9e des serres, cette \u00e9dition propose des solutions pratiques et scientifiques pour l'agriculture moderne.<\/p>","protected":false},"excerpt":{"rendered":"<p>&nbsp;<\/p>\n<p>&nbsp;<\/p>\n<p>&nbsp;<\/p>","protected":false},"featured_media":12243,"comment_status":"closed","ping_status":"closed","template":"","meta":{"_acf_changed":false,"_themeisle_gutenberg_block_has_review":false},"product_brand":[],"product_cat":[15],"product_tag":[],"class_list":{"0":"post-12239","1":"product","2":"type-product","3":"status-publish","4":"has-post-thumbnail","6":"product_cat-uncategorized","8":"first","9":"instock","10":"shipping-taxable","11":"purchasable","12":"product-type-variable"},"acf":[],"aioseo_notices":[],"_links":{"self":[{"href":"https:\/\/cipa-plasticulture.com\/fr\/wp-json\/wp\/v2\/product\/12239","targetHints":{"allow":["GET"]}}],"collection":[{"href":"https:\/\/cipa-plasticulture.com\/fr\/wp-json\/wp\/v2\/product"}],"about":[{"href":"https:\/\/cipa-plasticulture.com\/fr\/wp-json\/wp\/v2\/types\/product"}],"replies":[{"embeddable":true,"href":"https:\/\/cipa-plasticulture.com\/fr\/wp-json\/wp\/v2\/comments?post=12239"}],"version-history":[{"count":1,"href":"https:\/\/cipa-plasticulture.com\/fr\/wp-json\/wp\/v2\/product\/12239\/revisions"}],"predecessor-version":[{"id":13970,"href":"https:\/\/cipa-plasticulture.com\/fr\/wp-json\/wp\/v2\/product\/12239\/revisions\/13970"}],"wp:featuredmedia":[{"embeddable":true,"href":"https:\/\/cipa-plasticulture.com\/fr\/wp-json\/wp\/v2\/media\/12243"}],"wp:attachment":[{"href":"https:\/\/cipa-plasticulture.com\/fr\/wp-json\/wp\/v2\/media?parent=12239"}],"wp:term":[{"taxonomy":"product_brand","embeddable":true,"href":"https:\/\/cipa-plasticulture.com\/fr\/wp-json\/wp\/v2\/product_brand?post=12239"},{"taxonomy":"product_cat","embeddable":true,"href":"https:\/\/cipa-plasticulture.com\/fr\/wp-json\/wp\/v2\/product_cat?post=12239"},{"taxonomy":"product_tag","embeddable":true,"href":"https:\/\/cipa-plasticulture.com\/fr\/wp-json\/wp\/v2\/product_tag?post=12239"}],"curies":[{"name":"wp","href":"https:\/\/api.w.org\/{rel}","templated":true}]}}