{"id":12234,"date":"2025-04-02T10:43:58","date_gmt":"2025-04-02T10:43:58","guid":{"rendered":"https:\/\/cipa-plasticulture.com\/?post_type=product&#038;p=12234"},"modified":"2026-01-18T22:30:02","modified_gmt":"2026-01-18T22:30:02","slug":"plasticulture-magazine-2004-n-123","status":"publish","type":"product","link":"https:\/\/cipa-plasticulture.com\/fr\/produit\/plasticulture-magazine-2004-n-123\/","title":{"rendered":"Magazine Plasticulture 2004 - N\u00b0 123"},"content":{"rendered":"<p class=\"p1\"><b>Magazine Plasticulture 2004 - N\u00b0123<\/b><\/p>\n<p class=\"p3\">D\u00e9couvrez l'\u00e9dition 2004 de <i>Magazine Plasticulture<\/i>, Ce num\u00e9ro est une r\u00e9f\u00e9rence pour les professionnels des plastiques agricoles. Ce volume explore les r\u00e9glementations relatives au paillage biod\u00e9gradable en France, les avanc\u00e9es en mati\u00e8re de filets agricoles extrud\u00e9s et l'impact des films photos\u00e9lectifs sur le rendement et le d\u00e9veloppement des l\u00e9gumes. Il met \u00e9galement en lumi\u00e8re l'\u00e9volution des pratiques mondiales en mati\u00e8re de plasticulture, l'utilisation de copolym\u00e8res EVA dans les films de serre et les approches novatrices de la culture de bananes sous abri. Un ouvrage incontournable pour les chercheurs et les cultivateurs \u00e0 la recherche de solutions durables, efficaces et conformes \u00e0 la r\u00e9glementation dans le domaine de l'agriculture moderne.<\/p>","protected":false},"excerpt":{"rendered":"<p>&nbsp;<\/p>\n<p>&nbsp;<\/p>\n<p>&nbsp;<\/p>","protected":false},"featured_media":12236,"comment_status":"closed","ping_status":"closed","template":"","meta":{"_acf_changed":false,"_themeisle_gutenberg_block_has_review":false},"product_brand":[],"product_cat":[15],"product_tag":[],"class_list":{"0":"post-12234","1":"product","2":"type-product","3":"status-publish","4":"has-post-thumbnail","6":"product_cat-uncategorized","8":"first","9":"instock","10":"shipping-taxable","11":"purchasable","12":"product-type-variable"},"acf":[],"aioseo_notices":[],"_links":{"self":[{"href":"https:\/\/cipa-plasticulture.com\/fr\/wp-json\/wp\/v2\/product\/12234","targetHints":{"allow":["GET"]}}],"collection":[{"href":"https:\/\/cipa-plasticulture.com\/fr\/wp-json\/wp\/v2\/product"}],"about":[{"href":"https:\/\/cipa-plasticulture.com\/fr\/wp-json\/wp\/v2\/types\/product"}],"replies":[{"embeddable":true,"href":"https:\/\/cipa-plasticulture.com\/fr\/wp-json\/wp\/v2\/comments?post=12234"}],"version-history":[{"count":1,"href":"https:\/\/cipa-plasticulture.com\/fr\/wp-json\/wp\/v2\/product\/12234\/revisions"}],"predecessor-version":[{"id":13965,"href":"https:\/\/cipa-plasticulture.com\/fr\/wp-json\/wp\/v2\/product\/12234\/revisions\/13965"}],"wp:featuredmedia":[{"embeddable":true,"href":"https:\/\/cipa-plasticulture.com\/fr\/wp-json\/wp\/v2\/media\/12236"}],"wp:attachment":[{"href":"https:\/\/cipa-plasticulture.com\/fr\/wp-json\/wp\/v2\/media?parent=12234"}],"wp:term":[{"taxonomy":"product_brand","embeddable":true,"href":"https:\/\/cipa-plasticulture.com\/fr\/wp-json\/wp\/v2\/product_brand?post=12234"},{"taxonomy":"product_cat","embeddable":true,"href":"https:\/\/cipa-plasticulture.com\/fr\/wp-json\/wp\/v2\/product_cat?post=12234"},{"taxonomy":"product_tag","embeddable":true,"href":"https:\/\/cipa-plasticulture.com\/fr\/wp-json\/wp\/v2\/product_tag?post=12234"}],"curies":[{"name":"wp","href":"https:\/\/api.w.org\/{rel}","templated":true}]}}