{"id":12229,"date":"2025-04-02T10:39:06","date_gmt":"2025-04-02T10:39:06","guid":{"rendered":"https:\/\/cipa-plasticulture.com\/?post_type=product&#038;p=12229"},"modified":"2026-01-18T22:29:41","modified_gmt":"2026-01-18T22:29:41","slug":"plasticulture-magazine-2005-n-124","status":"publish","type":"product","link":"https:\/\/cipa-plasticulture.com\/fr\/produit\/plasticulture-magazine-2005-n-124\/","title":{"rendered":"Magazine Plasticulture 2005 - N\u00b0 124"},"content":{"rendered":"<p class=\"p1\"><b>Magazine Plasticulture 2005 - N\u00b0124<\/b><\/p>\n<p class=\"p3\">D\u00e9couvrez l'\u00e9dition 2005 de <i>Magazine Plasticulture<\/i>, une ressource essentielle pour les professionnels des plastiques agricoles. Ce num\u00e9ro pr\u00e9sente une plong\u00e9e technique dans l'utilisation des g\u00e9omembranes HDPE pour l'\u00e9tanch\u00e9it\u00e9 des r\u00e9servoirs d'irrigation, ainsi que des \u00e9tudes CFD avanc\u00e9es sur la ventilation des serres et l'optimisation du climat. Parmi les autres points forts, citons les films de serre \u00e0 haute transmission lumineuse pour les cultures de g\u00e9raniums et de tomates, les innovations dans la production de fraises en Espagne, et les structures de serre adapt\u00e9es aux climats d\u00e9sertiques froids. Une source compl\u00e8te d'expertise pour une plasticulture efficace et r\u00e9sistante au climat.<\/p>","protected":false},"excerpt":{"rendered":"<p>&nbsp;<\/p>\n<p>&nbsp;<\/p>\n<p>&nbsp;<\/p>","protected":false},"featured_media":12231,"comment_status":"closed","ping_status":"closed","template":"","meta":{"_acf_changed":false,"_themeisle_gutenberg_block_has_review":false},"product_brand":[],"product_cat":[15],"product_tag":[],"class_list":{"0":"post-12229","1":"product","2":"type-product","3":"status-publish","4":"has-post-thumbnail","6":"product_cat-uncategorized","8":"first","9":"instock","10":"shipping-taxable","11":"purchasable","12":"product-type-variable"},"acf":[],"aioseo_notices":[],"_links":{"self":[{"href":"https:\/\/cipa-plasticulture.com\/fr\/wp-json\/wp\/v2\/product\/12229","targetHints":{"allow":["GET"]}}],"collection":[{"href":"https:\/\/cipa-plasticulture.com\/fr\/wp-json\/wp\/v2\/product"}],"about":[{"href":"https:\/\/cipa-plasticulture.com\/fr\/wp-json\/wp\/v2\/types\/product"}],"replies":[{"embeddable":true,"href":"https:\/\/cipa-plasticulture.com\/fr\/wp-json\/wp\/v2\/comments?post=12229"}],"version-history":[{"count":1,"href":"https:\/\/cipa-plasticulture.com\/fr\/wp-json\/wp\/v2\/product\/12229\/revisions"}],"predecessor-version":[{"id":13964,"href":"https:\/\/cipa-plasticulture.com\/fr\/wp-json\/wp\/v2\/product\/12229\/revisions\/13964"}],"wp:featuredmedia":[{"embeddable":true,"href":"https:\/\/cipa-plasticulture.com\/fr\/wp-json\/wp\/v2\/media\/12231"}],"wp:attachment":[{"href":"https:\/\/cipa-plasticulture.com\/fr\/wp-json\/wp\/v2\/media?parent=12229"}],"wp:term":[{"taxonomy":"product_brand","embeddable":true,"href":"https:\/\/cipa-plasticulture.com\/fr\/wp-json\/wp\/v2\/product_brand?post=12229"},{"taxonomy":"product_cat","embeddable":true,"href":"https:\/\/cipa-plasticulture.com\/fr\/wp-json\/wp\/v2\/product_cat?post=12229"},{"taxonomy":"product_tag","embeddable":true,"href":"https:\/\/cipa-plasticulture.com\/fr\/wp-json\/wp\/v2\/product_tag?post=12229"}],"curies":[{"name":"wp","href":"https:\/\/api.w.org\/{rel}","templated":true}]}}