{"id":12224,"date":"2025-04-02T10:35:02","date_gmt":"2025-04-02T10:35:02","guid":{"rendered":"https:\/\/cipa-plasticulture.com\/?post_type=product&#038;p=12224"},"modified":"2026-01-18T22:28:52","modified_gmt":"2026-01-18T22:28:52","slug":"plasticulture-magazine-2006-n-125","status":"publish","type":"product","link":"https:\/\/cipa-plasticulture.com\/fr\/produit\/plasticulture-magazine-2006-n-125\/","title":{"rendered":"Plasticulture Magazine 2006 - N\u00b0 125"},"content":{"rendered":"<p class=\"p1\"><b>Plasticulture Magazine 2006 - N\u00b0125<\/b><\/p>\n<p class=\"p3\">D\u00e9couvrez l'\u00e9dition 2006 de <i>Magazine Plasticulture<\/i>Ce num\u00e9ro est consacr\u00e9 \u00e0 l'\u00e9volution des structures des serres et \u00e0 leur r\u00f4le dans l'agriculture prot\u00e9g\u00e9e moderne. Ce num\u00e9ro met en lumi\u00e8re des innovations majeures dans le domaine de la stabilisation des plastiques pour une utilisation agricole \u00e0 long terme, des films plastiques avanc\u00e9s pour la d\u00e9sinfection des sols et l'avenir du march\u00e9 europ\u00e9en de l'ensilage. Il pr\u00e9sente \u00e9galement des informations sur les mati\u00e8res premi\u00e8res plastiques pour les syst\u00e8mes d'irrigation et les r\u00e9sultats du deuxi\u00e8me symposium international sur l'utilisation des plastiques dans l'agriculture. Une ressource compl\u00e8te pour les chercheurs, les professionnels de l'agrotechnique et les agriculteurs \u00e0 la recherche de solutions durables et efficaces en mati\u00e8re de plasticulture.<\/p>","protected":false},"excerpt":{"rendered":"<p>&nbsp;<\/p>\n<p>&nbsp;<\/p>\n<p>&nbsp;<\/p>","protected":false},"featured_media":12226,"comment_status":"closed","ping_status":"closed","template":"","meta":{"_acf_changed":false,"_themeisle_gutenberg_block_has_review":false},"product_brand":[],"product_cat":[15],"product_tag":[],"class_list":{"0":"post-12224","1":"product","2":"type-product","3":"status-publish","4":"has-post-thumbnail","6":"product_cat-uncategorized","8":"first","9":"instock","10":"shipping-taxable","11":"purchasable","12":"product-type-variable"},"acf":[],"aioseo_notices":[],"_links":{"self":[{"href":"https:\/\/cipa-plasticulture.com\/fr\/wp-json\/wp\/v2\/product\/12224","targetHints":{"allow":["GET"]}}],"collection":[{"href":"https:\/\/cipa-plasticulture.com\/fr\/wp-json\/wp\/v2\/product"}],"about":[{"href":"https:\/\/cipa-plasticulture.com\/fr\/wp-json\/wp\/v2\/types\/product"}],"replies":[{"embeddable":true,"href":"https:\/\/cipa-plasticulture.com\/fr\/wp-json\/wp\/v2\/comments?post=12224"}],"version-history":[{"count":1,"href":"https:\/\/cipa-plasticulture.com\/fr\/wp-json\/wp\/v2\/product\/12224\/revisions"}],"predecessor-version":[{"id":13961,"href":"https:\/\/cipa-plasticulture.com\/fr\/wp-json\/wp\/v2\/product\/12224\/revisions\/13961"}],"wp:featuredmedia":[{"embeddable":true,"href":"https:\/\/cipa-plasticulture.com\/fr\/wp-json\/wp\/v2\/media\/12226"}],"wp:attachment":[{"href":"https:\/\/cipa-plasticulture.com\/fr\/wp-json\/wp\/v2\/media?parent=12224"}],"wp:term":[{"taxonomy":"product_brand","embeddable":true,"href":"https:\/\/cipa-plasticulture.com\/fr\/wp-json\/wp\/v2\/product_brand?post=12224"},{"taxonomy":"product_cat","embeddable":true,"href":"https:\/\/cipa-plasticulture.com\/fr\/wp-json\/wp\/v2\/product_cat?post=12224"},{"taxonomy":"product_tag","embeddable":true,"href":"https:\/\/cipa-plasticulture.com\/fr\/wp-json\/wp\/v2\/product_tag?post=12224"}],"curies":[{"name":"wp","href":"https:\/\/api.w.org\/{rel}","templated":true}]}}