{"id":12218,"date":"2025-04-02T10:27:36","date_gmt":"2025-04-02T10:27:36","guid":{"rendered":"https:\/\/cipa-plasticulture.com\/?post_type=product&#038;p=12218"},"modified":"2026-01-18T22:27:30","modified_gmt":"2026-01-18T22:27:30","slug":"plasticulture-magazine-2013-n-132","status":"publish","type":"product","link":"https:\/\/cipa-plasticulture.com\/fr\/produit\/plasticulture-magazine-2013-n-132\/","title":{"rendered":"Magazine Plasticulture 2013 - N\u00b0 132"},"content":{"rendered":"<p class=\"p1\"><b>Magazine Plasticulture 2013 - N\u00b0132<\/b><\/p>\n<p class=\"p3\">D\u00e9couvrez l'\u00e9dition 2013 de <i>Magazine Plasticulture<\/i>Ce num\u00e9ro pr\u00e9sente des recherches de pointe sur les films plastiques nanostructur\u00e9s pour les serres et leur impact sur les microclimats et la productivit\u00e9 des cultures. Ce num\u00e9ro pr\u00e9sente des innovations dans les formulations de poly\u00e9thyl\u00e8ne avec des nanoparticules d'oxyde de zinc, am\u00e9liorant la transmission de la lumi\u00e8re et le rendement des concombres. Il traite \u00e9galement des pratiques durables dans la culture des arbres fruitiers en Espagne, des techniques de solarisation des sols, de l'\u00e9valuation des paillis plastiques pour les oignons et de la lutte contre les maladies \u00e0 l'aide du poly\u00e9thyl\u00e8ne. Une ressource pr\u00e9cieuse pour les professionnels \u00e0 la recherche de mat\u00e9riaux avanc\u00e9s et de m\u00e9thodes durables dans le domaine des plastiques agricoles.<\/p>","protected":false},"excerpt":{"rendered":"<p>&nbsp;<\/p>\n<p>&nbsp;<\/p>\n<p>&nbsp;<\/p>","protected":false},"featured_media":12221,"comment_status":"closed","ping_status":"closed","template":"","meta":{"_acf_changed":false,"_themeisle_gutenberg_block_has_review":false},"product_brand":[],"product_cat":[15],"product_tag":[],"class_list":{"0":"post-12218","1":"product","2":"type-product","3":"status-publish","4":"has-post-thumbnail","6":"product_cat-uncategorized","8":"first","9":"instock","10":"shipping-taxable","11":"purchasable","12":"product-type-variable"},"acf":[],"aioseo_notices":[],"_links":{"self":[{"href":"https:\/\/cipa-plasticulture.com\/fr\/wp-json\/wp\/v2\/product\/12218","targetHints":{"allow":["GET"]}}],"collection":[{"href":"https:\/\/cipa-plasticulture.com\/fr\/wp-json\/wp\/v2\/product"}],"about":[{"href":"https:\/\/cipa-plasticulture.com\/fr\/wp-json\/wp\/v2\/types\/product"}],"replies":[{"embeddable":true,"href":"https:\/\/cipa-plasticulture.com\/fr\/wp-json\/wp\/v2\/comments?post=12218"}],"version-history":[{"count":1,"href":"https:\/\/cipa-plasticulture.com\/fr\/wp-json\/wp\/v2\/product\/12218\/revisions"}],"predecessor-version":[{"id":13958,"href":"https:\/\/cipa-plasticulture.com\/fr\/wp-json\/wp\/v2\/product\/12218\/revisions\/13958"}],"wp:featuredmedia":[{"embeddable":true,"href":"https:\/\/cipa-plasticulture.com\/fr\/wp-json\/wp\/v2\/media\/12221"}],"wp:attachment":[{"href":"https:\/\/cipa-plasticulture.com\/fr\/wp-json\/wp\/v2\/media?parent=12218"}],"wp:term":[{"taxonomy":"product_brand","embeddable":true,"href":"https:\/\/cipa-plasticulture.com\/fr\/wp-json\/wp\/v2\/product_brand?post=12218"},{"taxonomy":"product_cat","embeddable":true,"href":"https:\/\/cipa-plasticulture.com\/fr\/wp-json\/wp\/v2\/product_cat?post=12218"},{"taxonomy":"product_tag","embeddable":true,"href":"https:\/\/cipa-plasticulture.com\/fr\/wp-json\/wp\/v2\/product_tag?post=12218"}],"curies":[{"name":"wp","href":"https:\/\/api.w.org\/{rel}","templated":true}]}}