{"id":12211,"date":"2025-04-02T10:22:11","date_gmt":"2025-04-02T10:22:11","guid":{"rendered":"https:\/\/cipa-plasticulture.com\/?post_type=product&#038;p=12211"},"modified":"2026-01-18T22:23:36","modified_gmt":"2026-01-18T22:23:36","slug":"plasticulture-magazine-2014-n-133","status":"publish","type":"product","link":"https:\/\/cipa-plasticulture.com\/fr\/produit\/plasticulture-magazine-2014-n-133\/","title":{"rendered":"Magazine Plasticulture 2014 - N\u00b0 133"},"content":{"rendered":"<p class=\"p1\"><b>Magazine Plasticulture 2014 - N\u00b0133<\/b><\/p>\n<p class=\"p3\">Plongez dans l'\u00e9dition 2014 de <i>Magazine Plasticulture<\/i>est un ouvrage incontournable pour les professionnels des plastiques agricoles. Ce num\u00e9ro offre un aper\u00e7u complet de l'\u00e9tat de la plasticulture en Argentine, en mettant l'accent sur les syst\u00e8mes de cultures prot\u00e9g\u00e9es, les innovations en mati\u00e8re de serres et les techniques durables de paillage et de tunnel. Les principales caract\u00e9ristiques comprennent la recherche sur les plastiques biod\u00e9gradables, les m\u00e9thodes de solarisation pour la sant\u00e9 des sols et les mat\u00e9riaux de couverture avanc\u00e9s adapt\u00e9s aux conditions climatiques. Avec des \u00e9tudes de cas r\u00e9els et des \u00e9valuations agronomiques, cette \u00e9dition offre des informations pr\u00e9cieuses pour les cultivateurs, les chercheurs et les innovateurs en agrotechnologie qui s'engagent \u00e0 pratiquer une agriculture efficace et respectueuse de l'environnement.<\/p>","protected":false},"excerpt":{"rendered":"<p>&nbsp;<\/p>\n<p>&nbsp;<\/p>\n<p>&nbsp;<\/p>","protected":false},"featured_media":12214,"comment_status":"closed","ping_status":"closed","template":"","meta":{"_acf_changed":false,"_themeisle_gutenberg_block_has_review":false},"product_brand":[],"product_cat":[15],"product_tag":[],"class_list":{"0":"post-12211","1":"product","2":"type-product","3":"status-publish","4":"has-post-thumbnail","6":"product_cat-uncategorized","8":"first","9":"instock","10":"shipping-taxable","11":"purchasable","12":"product-type-variable"},"acf":[],"aioseo_notices":[],"_links":{"self":[{"href":"https:\/\/cipa-plasticulture.com\/fr\/wp-json\/wp\/v2\/product\/12211","targetHints":{"allow":["GET"]}}],"collection":[{"href":"https:\/\/cipa-plasticulture.com\/fr\/wp-json\/wp\/v2\/product"}],"about":[{"href":"https:\/\/cipa-plasticulture.com\/fr\/wp-json\/wp\/v2\/types\/product"}],"replies":[{"embeddable":true,"href":"https:\/\/cipa-plasticulture.com\/fr\/wp-json\/wp\/v2\/comments?post=12211"}],"version-history":[{"count":1,"href":"https:\/\/cipa-plasticulture.com\/fr\/wp-json\/wp\/v2\/product\/12211\/revisions"}],"predecessor-version":[{"id":13953,"href":"https:\/\/cipa-plasticulture.com\/fr\/wp-json\/wp\/v2\/product\/12211\/revisions\/13953"}],"wp:featuredmedia":[{"embeddable":true,"href":"https:\/\/cipa-plasticulture.com\/fr\/wp-json\/wp\/v2\/media\/12214"}],"wp:attachment":[{"href":"https:\/\/cipa-plasticulture.com\/fr\/wp-json\/wp\/v2\/media?parent=12211"}],"wp:term":[{"taxonomy":"product_brand","embeddable":true,"href":"https:\/\/cipa-plasticulture.com\/fr\/wp-json\/wp\/v2\/product_brand?post=12211"},{"taxonomy":"product_cat","embeddable":true,"href":"https:\/\/cipa-plasticulture.com\/fr\/wp-json\/wp\/v2\/product_cat?post=12211"},{"taxonomy":"product_tag","embeddable":true,"href":"https:\/\/cipa-plasticulture.com\/fr\/wp-json\/wp\/v2\/product_tag?post=12211"}],"curies":[{"name":"wp","href":"https:\/\/api.w.org\/{rel}","templated":true}]}}