{"id":12102,"date":"2025-04-02T09:34:48","date_gmt":"2025-04-02T09:34:48","guid":{"rendered":"https:\/\/cipa-plasticulture.com\/?post_type=product&#038;p=12102"},"modified":"2026-01-18T22:26:04","modified_gmt":"2026-01-18T22:26:04","slug":"plasticulture-magazine-2015-n-134","status":"publish","type":"product","link":"https:\/\/cipa-plasticulture.com\/fr\/produit\/plasticulture-magazine-2015-n-134\/","title":{"rendered":"Magazine Plasticulture 2015 - N\u00b0 134"},"content":{"rendered":"<p class=\"p1\"><b>Magazine Plasticulture 2015 - N\u00b0134<\/b><\/p>\n<p class=\"p3\">D\u00e9couvrez l'\u00e9dition 2015 de <i>Magazine Plasticulture<\/i>une r\u00e9f\u00e9rence cl\u00e9 pour les professionnels de l'agriculture prot\u00e9g\u00e9e. Ce num\u00e9ro pr\u00e9sente une \u00e9tude approfondie sur l'utilisation de l'\u00e9nergie solaire pour optimiser les conditions microclimatiques dans les tunnels en plastique, ce qui a permis d'augmenter consid\u00e9rablement le rendement et la qualit\u00e9 des poivrons. Il explore \u00e9galement des techniques avanc\u00e9es de recirculation hydroponique, l'utilisation de tissus non tiss\u00e9s biod\u00e9gradables et le stockage efficace des c\u00e9r\u00e9ales dans des sacs en plastique. Remplie d'informations scientifiques et d'innovations pratiques, cette \u00e9dition soutient l'agriculture durable gr\u00e2ce \u00e0 une utilisation plus intelligente du plastique et \u00e0 des solutions en mati\u00e8re d'\u00e9nergie renouvelable. Un ouvrage incontournable pour les experts en agrotechnique, les cultivateurs et les chercheurs qui s'int\u00e9ressent \u00e0 la productivit\u00e9 des cultures et \u00e0 la responsabilit\u00e9 environnementale.<\/p>","protected":false},"excerpt":{"rendered":"<p>&nbsp;<\/p>\n<p>&nbsp;<\/p>\n<p>&nbsp;<\/p>","protected":false},"featured_media":12135,"comment_status":"closed","ping_status":"closed","template":"","meta":{"_acf_changed":false,"_themeisle_gutenberg_block_has_review":false},"product_brand":[],"product_cat":[15],"product_tag":[],"class_list":{"0":"post-12102","1":"product","2":"type-product","3":"status-publish","4":"has-post-thumbnail","6":"product_cat-uncategorized","8":"first","9":"instock","10":"shipping-taxable","11":"purchasable","12":"product-type-variable"},"acf":[],"aioseo_notices":[],"_links":{"self":[{"href":"https:\/\/cipa-plasticulture.com\/fr\/wp-json\/wp\/v2\/product\/12102","targetHints":{"allow":["GET"]}}],"collection":[{"href":"https:\/\/cipa-plasticulture.com\/fr\/wp-json\/wp\/v2\/product"}],"about":[{"href":"https:\/\/cipa-plasticulture.com\/fr\/wp-json\/wp\/v2\/types\/product"}],"replies":[{"embeddable":true,"href":"https:\/\/cipa-plasticulture.com\/fr\/wp-json\/wp\/v2\/comments?post=12102"}],"version-history":[{"count":1,"href":"https:\/\/cipa-plasticulture.com\/fr\/wp-json\/wp\/v2\/product\/12102\/revisions"}],"predecessor-version":[{"id":13956,"href":"https:\/\/cipa-plasticulture.com\/fr\/wp-json\/wp\/v2\/product\/12102\/revisions\/13956"}],"wp:featuredmedia":[{"embeddable":true,"href":"https:\/\/cipa-plasticulture.com\/fr\/wp-json\/wp\/v2\/media\/12135"}],"wp:attachment":[{"href":"https:\/\/cipa-plasticulture.com\/fr\/wp-json\/wp\/v2\/media?parent=12102"}],"wp:term":[{"taxonomy":"product_brand","embeddable":true,"href":"https:\/\/cipa-plasticulture.com\/fr\/wp-json\/wp\/v2\/product_brand?post=12102"},{"taxonomy":"product_cat","embeddable":true,"href":"https:\/\/cipa-plasticulture.com\/fr\/wp-json\/wp\/v2\/product_cat?post=12102"},{"taxonomy":"product_tag","embeddable":true,"href":"https:\/\/cipa-plasticulture.com\/fr\/wp-json\/wp\/v2\/product_tag?post=12102"}],"curies":[{"name":"wp","href":"https:\/\/api.w.org\/{rel}","templated":true}]}}