{"id":10393,"date":"2025-03-06T18:34:45","date_gmt":"2025-03-06T18:34:45","guid":{"rendered":"https:\/\/cipa-plasticulture.com\/?page_id=10393"},"modified":"2025-03-06T18:38:12","modified_gmt":"2025-03-06T18:38:12","slug":"schema-pluriannuel","status":"publish","type":"page","link":"https:\/\/cipa-plasticulture.com\/fr\/schema-pluriannuel\/","title":{"rendered":"Sch\u00e9ma Pluriannuel"},"content":{"rendered":"<div data-elementor-type=\"wp-page\" data-elementor-id=\"10393\" class=\"elementor elementor-10393\" data-elementor-post-type=\"page\">\n\t\t\t\t<div class=\"wd-negative-gap elementor-element elementor-element-e282c43 e-flex e-con-boxed e-con e-parent\" data-id=\"e282c43\" data-element_type=\"container\" data-e-type=\"container\">\n\t\t\t\t\t<div class=\"e-con-inner\">\n\t\t\t\t<div class=\"elementor-element elementor-element-3ba0377 elementor-widget elementor-widget-heading\" data-id=\"3ba0377\" data-element_type=\"widget\" data-e-type=\"widget\" data-widget_type=\"heading.default\">\n\t\t\t\t<div class=\"elementor-widget-container\">\n\t\t\t\t\t<h1 class=\"elementor-heading-title elementor-size-default\">Notre engagement pour l'accessibilit\u00e9 num\u00e9rique<\/h1>\t\t\t\t<\/div>\n\t\t\t\t<\/div>\n\t\t\t\t<div class=\"elementor-element elementor-element-ed02577 elementor-widget elementor-widget-wd_text_block\" data-id=\"ed02577\" data-element_type=\"widget\" data-e-type=\"widget\" data-widget_type=\"wd_text_block.default\">\n\t\t\t\t<div class=\"elementor-widget-container\">\n\t\t\t\t\t\t\t<div class=\"wd-text-block reset-last-child text-left\">\n\t\t\t\n\t\t\t<p class=\"p1\"><b>Faciliter l'acc\u00e8s \u00e0 l'information pour tous<\/b><\/p><p class=\"p3\">Le <span class=\"s1\"><b>CIPA<\/b><\/span> s'engage \u00e0 rendre son site <span style=\"text-decoration: underline;\"><a href=\"https:\/\/cipa-plasticulture.com\/fr\/\"><strong>www.<span class=\"s1\">cipa-plasticulture.com<\/span><\/strong><\/a><\/span> accessible \u00e0 tous, conform\u00e9ment aux exigences du <span class=\"s1\"><b>R\u00e9f\u00e9rentiel G\u00e9n\u00e9ral d'Am\u00e9lioration de l'Accessibilit\u00e9 (RGAA)<\/b><\/span>. Nous mettons tout en \u0153uvre pour offrir une exp\u00e9rience de navigation fluide et inclusive, notamment pour les personnes en situation de handicap.<\/p><p class=\"p3\">Nous avons ainsi d\u00e9fini un <span class=\"s1\"><b>sch\u00e9ma pluriannuel d'accessibilit\u00e9<\/b><\/span> pour assurer la mise en conformit\u00e9 progressive de notre site et am\u00e9liorer continuellement l'exp\u00e9rience utilisateur.<\/p>\n\t\t\t\t\t<\/div>\n\t\t\t\t\t\t<\/div>\n\t\t\t\t<\/div>\n\t\t\t\t<div class=\"elementor-element elementor-element-f697024 elementor-widget elementor-widget-wd_text_block\" data-id=\"f697024\" data-element_type=\"widget\" data-e-type=\"widget\" data-widget_type=\"wd_text_block.default\">\n\t\t\t\t<div class=\"elementor-widget-container\">\n\t\t\t\t\t\t\t<div class=\"wd-text-block reset-last-child text-left\">\n\t\t\t\n\t\t\t<p class=\"p1\"><b>Notre sch\u00e9ma pluriannuel d'accessibilit\u00e9<\/b><\/p><p class=\"p3\">Le <span class=\"s1\"><b>CIPA<\/b><\/span> a mis en place un plan d'action couvrant <span class=\"s1\"><b>trois ans<\/b><\/span> afin d'assurer une <span class=\"s1\"><b>accessibilit\u00e9 optimale<\/b><\/span> de son site Internet. Ce plan repose sur plusieurs axes d'am\u00e9lioration :<\/p><p class=\"p4\"><b>Nos engagements<\/b><\/p><p class=\"p3\">Optimiser la navigation pour une meilleure accessibilit\u00e9 aux lecteurs d'\u00e9cran et aux outils d'assistance.<\/p><p class=\"p3\">Assurer des contrastes et des tailles de texte conformes aux recommandations d'accessibilit\u00e9.<\/p><p class=\"p3\">Structurer nos contenus pour une lecture fluide et compr\u00e9hensible.<\/p><p class=\"p3\">Am\u00e9liorer l'acc\u00e8s aux documents PDF et autres ressources mises \u00e0 disposition.<\/p><p class=\"p3\">Former nos \u00e9quipes \u00e0 la mise en \u0153uvre des bonnes pratiques d'accessibilit\u00e9.<\/p><p class=\"p3\">R\u00e9aliser des audits r\u00e9guliers pour \u00e9valuer notre progression et corriger les non-conformit\u00e9s.<\/p>\n\t\t\t\t\t<\/div>\n\t\t\t\t\t\t<\/div>\n\t\t\t\t<\/div>\n\t\t\t\t<div class=\"elementor-element elementor-element-90ca44a elementor-widget elementor-widget-wd_text_block\" data-id=\"90ca44a\" data-element_type=\"widget\" data-e-type=\"widget\" data-widget_type=\"wd_text_block.default\">\n\t\t\t\t<div class=\"elementor-widget-container\">\n\t\t\t\t\t\t\t<div class=\"wd-text-block reset-last-child text-left\">\n\t\t\t\n\t\t\t<p class=\"p1\"><b>Actions d\u00e9j\u00e0 mises en place<\/b><\/p><p class=\"p3\"><span class=\"s1\"><b>Navigation simplifi\u00e9e<\/b><\/span> et adapt\u00e9e aux technologies d'assistance.<\/p><p class=\"p3\"><span class=\"s1\"><b>Am\u00e9lioration des contrastes<\/b><\/span> pour garantir une meilleure lisibilit\u00e9.<\/p><p class=\"p3\"><span class=\"s1\"><b>Ajout de descriptions textuelles<\/b><\/span> sur les images et contenus non textuels.<\/p><p class=\"p3\"><span class=\"s1\"><b>Compatibilit\u00e9 avec la navigation au clavier<\/b><\/span> et am\u00e9lioration des raccourcis d'accessibilit\u00e9.<\/p><p class=\"p3\"><span class=\"s1\"><b>Optimisation progressive des documents PDF<\/b><\/span> pour assurer une meilleure lisibilit\u00e9 aux outils de lecture automatique.<\/p><p class=\"p4\"><b>Mise \u00e0 jour de notre d\u00e9claration d'accessibilit\u00e9<\/b><span class=\"s2\">consultable <span style=\"text-decoration: underline;\"><strong><a href=\"https:\/\/cipa-plasticulture.com\/fr\/declaration-daccessibilite\/\">ici<\/a><\/strong><\/span>.<\/span><\/p>\n\t\t\t\t\t<\/div>\n\t\t\t\t\t\t<\/div>\n\t\t\t\t<\/div>\n\t\t\t\t<div class=\"elementor-element elementor-element-b9c35e2 elementor-widget elementor-widget-wd_text_block\" data-id=\"b9c35e2\" data-element_type=\"widget\" data-e-type=\"widget\" data-widget_type=\"wd_text_block.default\">\n\t\t\t\t<div class=\"elementor-widget-container\">\n\t\t\t\t\t\t\t<div class=\"wd-text-block reset-last-child text-left\">\n\t\t\t\n\t\t\t<p class=\"p1\"><b>Nos prochaines \u00e9tapes<\/b><\/p><p class=\"p3\"><span class=\"s1\"><b>2025<\/b><\/span> - Finalisation de la mise en conformit\u00e9 avec le RGAA et corrections des derni\u00e8res non-conformit\u00e9s.<\/p><p class=\"p3\"><span class=\"s1\"><b>2026<\/b><\/span> - Mise en place d'un dispositif de retour utilisateur pour identifier et corriger les probl\u00e8mes d'accessibilit\u00e9.<\/p><p class=\"p3\"><span class=\"s1\"><b>2027<\/b><\/span> - Mise \u00e0 jour continue et maintien de la conformit\u00e9 aux nouvelles normes en vigueur.<\/p><p class=\"p3\">Nous nous engageons \u00e0 publier <span class=\"s1\"><b>un bilan annuel<\/b><\/span> de nos avanc\u00e9es en mati\u00e8re d'accessibilit\u00e9 num\u00e9rique et \u00e0 int\u00e9grer les retours des utilisateurs pour une am\u00e9lioration continue.<\/p>\n\t\t\t\t\t<\/div>\n\t\t\t\t\t\t<\/div>\n\t\t\t\t<\/div>\n\t\t\t\t<div class=\"elementor-element elementor-element-4ecf58f elementor-widget elementor-widget-wd_text_block\" data-id=\"4ecf58f\" data-element_type=\"widget\" data-e-type=\"widget\" data-widget_type=\"wd_text_block.default\">\n\t\t\t\t<div class=\"elementor-widget-container\">\n\t\t\t\t\t\t\t<div class=\"wd-text-block reset-last-child text-left\">\n\t\t\t\n\t\t\t<p class=\"p1\"><b>Signaler un probl\u00e8me d'accessibilit\u00e9<\/b><\/p><p class=\"p3\">Si vous rencontrez des difficult\u00e9s \u00e0 naviguer sur notre site ou souhaitez nous faire part de suggestions d'am\u00e9lioration, vous pouvez nous contacter :<\/p><p class=\"p3\">\ud83d\udce7 <span class=\"s1\"><b>Courriel<\/b><\/span> : <a href=\"mailto:alex@avangardism.com\"><span style=\"text-decoration: underline;\"><strong>alex@avangardism.com<\/strong><\/span><\/a><\/p><p class=\"p3\">Nous nous engageons \u00e0 r\u00e9pondre dans les meilleurs d\u00e9lais et \u00e0 prendre en compte vos retours pour am\u00e9liorer l'accessibilit\u00e9 de nos services.<\/p><p class=\"p4\"><strong>C<\/strong><b>onsulter notre d\u00e9claration d'accessibilit\u00e9 officielle<\/b><span class=\"s2\"> : <a href=\"https:\/\/cipa-plasticulture.com\/fr\/declaration-daccessibilite\/\">Lien vers la page<\/a><\/span><\/p>\n\t\t\t\t\t<\/div>\n\t\t\t\t\t\t<\/div>\n\t\t\t\t<\/div>\n\t\t\t\t\t<\/div>\n\t\t\t\t<\/div>\n\t\t\t\t<\/div>","protected":false},"excerpt":{"rendered":"<p>Notre engagement pour l'accessibilit\u00e9 num\u00e9rique Faciliter l'acc\u00e8s \u00e0 l'information pour tous Le CIPA s'engage \u00e0 rendre son site www.cipa-plasticulture.com accessible<\/p>","protected":false},"author":1,"featured_media":0,"parent":0,"menu_order":0,"comment_status":"closed","ping_status":"closed","template":"","meta":{"_acf_changed":false,"_themeisle_gutenberg_block_has_review":false,"footnotes":""},"class_list":["post-10393","page","type-page","status-publish","hentry"],"acf":[],"aioseo_notices":[],"_links":{"self":[{"href":"https:\/\/cipa-plasticulture.com\/fr\/wp-json\/wp\/v2\/pages\/10393","targetHints":{"allow":["GET"]}}],"collection":[{"href":"https:\/\/cipa-plasticulture.com\/fr\/wp-json\/wp\/v2\/pages"}],"about":[{"href":"https:\/\/cipa-plasticulture.com\/fr\/wp-json\/wp\/v2\/types\/page"}],"author":[{"embeddable":true,"href":"https:\/\/cipa-plasticulture.com\/fr\/wp-json\/wp\/v2\/users\/1"}],"replies":[{"embeddable":true,"href":"https:\/\/cipa-plasticulture.com\/fr\/wp-json\/wp\/v2\/comments?post=10393"}],"version-history":[{"count":0,"href":"https:\/\/cipa-plasticulture.com\/fr\/wp-json\/wp\/v2\/pages\/10393\/revisions"}],"wp:attachment":[{"href":"https:\/\/cipa-plasticulture.com\/fr\/wp-json\/wp\/v2\/media?parent=10393"}],"curies":[{"name":"wp","href":"https:\/\/api.w.org\/{rel}","templated":true}]}}