{"id":10382,"date":"2025-03-06T18:00:36","date_gmt":"2025-03-06T18:00:36","guid":{"rendered":"https:\/\/cipa-plasticulture.com\/?page_id=10382"},"modified":"2025-03-06T18:39:13","modified_gmt":"2025-03-06T18:39:13","slug":"declaration-daccessibilite","status":"publish","type":"page","link":"https:\/\/cipa-plasticulture.com\/en\/declaration-daccessibilite\/","title":{"rendered":"D\u00e9claration d&#8217;Accessibilit\u00e9"},"content":{"rendered":"\t\t<div data-elementor-type=\"wp-page\" data-elementor-id=\"10382\" class=\"elementor elementor-10382\" data-elementor-post-type=\"page\">\n\t\t\t\t<div class=\"wd-negative-gap elementor-element elementor-element-e282c43 e-flex e-con-boxed e-con e-parent\" data-id=\"e282c43\" data-element_type=\"container\" data-e-type=\"container\">\n\t\t\t\t\t<div class=\"e-con-inner\">\n\t\t\t\t<div class=\"elementor-element elementor-element-3ba0377 elementor-widget elementor-widget-heading\" data-id=\"3ba0377\" data-element_type=\"widget\" data-e-type=\"widget\" data-widget_type=\"heading.default\">\n\t\t\t\t<div class=\"elementor-widget-container\">\n\t\t\t\t\t<h1 class=\"elementor-heading-title elementor-size-default\">D\u00e9claration d'Accessibilit\u00e9<\/h1>\t\t\t\t<\/div>\n\t\t\t\t<\/div>\n\t\t\t\t<div class=\"elementor-element elementor-element-ed02577 elementor-widget elementor-widget-wd_text_block\" data-id=\"ed02577\" data-element_type=\"widget\" data-e-type=\"widget\" data-widget_type=\"wd_text_block.default\">\n\t\t\t\t<div class=\"elementor-widget-container\">\n\t\t\t\t\t\t\t<div class=\"wd-text-block reset-last-child text-left\">\n\t\t\t\n\t\t\t<main id=\"main\" class=\"layout\" tabindex=\"-1\" role=\"main\"><\/main><div class=\"dg-cover-container fr-container\"><div class=\"dg-content fr-px-2w\" data-v-d0e4f3b4=\"\"><section data-v-d0e4f3b4=\"\"><p data-v-d0e4f3b4=\"\"><strong><span class=\"tofill\" data-v-d0e4f3b4=\"\">Comit\u00e9 International du Plastique en Agriculture<\/span><\/strong>\u00a0s\u2019engage \u00e0 rendre ses sites internet, intranet, extranet et ses progiciels accessibles (et ses applications mobiles et mobilier urbain num\u00e9rique) conform\u00e9ment \u00e0 l\u2019article 47 de la loi n\u00b02005-102 du 11 f\u00e9vrier 2005.<\/p><p data-v-d0e4f3b4=\"\">\u00c0 cette fin, elle met en \u0153uvre la strat\u00e9gie et les actions suivantes :<\/p><ul data-v-d0e4f3b4=\"\"><li data-v-d0e4f3b4=\"\"><span style=\"text-decoration: underline;\"><span style=\"color: #04633e;\"><a style=\"color: #04633e; text-decoration: underline;\" href=\"https:\/\/cipa-plasticulture.com\/schema-pluriannuel\/\">Sch\u00e9ma pluriannuel de mise en accessibilit\u00e9<\/a><\/span><\/span><\/li><\/ul><p data-v-d0e4f3b4=\"\"><strong>Cette d\u00e9claration d\u2019accessibilit\u00e9 s\u2019applique \u00e0 <span style=\"text-decoration: underline;\"><span style=\"color: #04633e;\"><a style=\"color: #04633e; text-decoration: underline;\" href=\"http:\/\/www.cipa-plasticulture.com\">www.cipa-plasticulture.com<\/a><\/span><\/span>.<\/strong><\/p><h2 data-v-d0e4f3b4=\"\">\u00c9tat de conformit\u00e9<\/h2><p data-v-d0e4f3b4=\"\"><strong><span class=\"tofill\" data-v-d0e4f3b4=\"\">Comit\u00e9 International du Plastique en Agriculture<\/span><\/strong> est <span class=\"tofill\" data-v-d0e4f3b4=\"\">partiellement<\/span>\u00a0conforme avec le r\u00e9f\u00e9rentiel g\u00e9n\u00e9ral d\u2019am\u00e9lioration de l\u2019accessibilit\u00e9 (RGAA), version 4 en raison des non-conformit\u00e9s et des d\u00e9rogations \u00e9num\u00e9r\u00e9es ci-dessous.<\/p><h3 data-v-d0e4f3b4=\"\">R\u00e9sultats des tests<\/h3><p data-v-d0e4f3b4=\"\">L\u2019audit de conformit\u00e9 r\u00e9alis\u00e9 par\u00a0<span class=\"tofill\" data-v-d0e4f3b4=\"\">nom de l\u2019entit\u00e9 qui a r\u00e9alis\u00e9 l\u2019audit<\/span>\u00a0r\u00e9v\u00e8le que :<\/p><ul data-v-d0e4f3b4=\"\"><li data-v-d0e4f3b4=\"\"><strong><span class=\"tofill\" data-v-d0e4f3b4=\"\">84%<\/span><\/strong> des crit\u00e8res du RGAA version 4.1.2 sont respect\u00e9s<\/li><\/ul><h2 data-v-d0e4f3b4=\"\">Contenus non accessibles<\/h2><h3 data-v-d0e4f3b4=\"\"><span class=\"tofill\" data-v-d0e4f3b4=\"\">Non-conformit\u00e9s<\/span><\/h3><ul data-v-d0e4f3b4=\"\"><li data-v-d0e4f3b4=\"\">Toutes les images ne poss\u00e8dent pas de texte alternatif.<\/li><li data-v-d0e4f3b4=\"\">La connexion au compte personnel contient une v\u00e9rification que vous n\u2019\u00eates pas un robot avec un captcha visuel. Il est possible d\u2019effectuer sa d\u00e9marche par t\u00e9l\u00e9phone ou au guichet pour les personnes emp\u00each\u00e9es d\u2019acc\u00e9der \u00e0 leur compte.<\/li><\/ul><h2 data-v-d0e4f3b4=\"\">\u00c9tablissement de cette d\u00e9claration d\u2019accessibilit\u00e9<\/h2><p data-v-d0e4f3b4=\"\">Cette d\u00e9claration a \u00e9t\u00e9 \u00e9tablie le 17<span class=\"tofill\" data-v-d0e4f3b4=\"\">\/02\/2025<\/span>.<\/p><h3 data-v-d0e4f3b4=\"\">Technologies utilis\u00e9es pour la r\u00e9alisation de\u00a0<span class=\"tofill\" data-v-d0e4f3b4=\"\">CIPA<\/span><\/h3><ul data-v-d0e4f3b4=\"\"><li data-v-d0e4f3b4=\"\">HTML5<\/li><li data-v-d0e4f3b4=\"\">CSS<\/li><li data-v-d0e4f3b4=\"\"><span class=\"tofill\" data-v-d0e4f3b4=\"\">JavaScript<\/span><\/li><li data-v-d0e4f3b4=\"\">PHP<\/li><li data-v-d0e4f3b4=\"\">VueJS<\/li><li data-v-d0e4f3b4=\"\"><strong>WordPress<\/strong><\/li><\/ul><h3 data-v-d0e4f3b4=\"\">Environnement de test<\/h3><p data-v-d0e4f3b4=\"\">Les v\u00e9rifications de restitution de contenus ont \u00e9t\u00e9 r\u00e9alis\u00e9es sur la base de la combinaison fournie par la base de r\u00e9f\u00e9rence du RGAA, avec les versions suivantes :<\/p><ul data-v-d0e4f3b4=\"\"><li data-v-d0e4f3b4=\"\">NVDA 2023.1 avec Firefox 111.0.1<\/li><li data-v-d0e4f3b4=\"\">JAWS 2022.2211.7 avec Firefox 111.0.1<\/li><li data-v-d0e4f3b4=\"\">VoiceOver avec Safari 16.3<\/li><\/ul><h3 data-v-d0e4f3b4=\"\">Outils pour \u00e9valuer l\u2019accessibilit\u00e9<\/h3><ul data-v-d0e4f3b4=\"\"><li data-v-d0e4f3b4=\"\">Extension RGAA \u00e9dit\u00e9e par la DINUM pour Firefox<\/li><li data-v-d0e4f3b4=\"\">Inspecteur de code du navigateur (Firefox)<\/li><li data-v-d0e4f3b4=\"\">Contrast-Finder et Color Contrast Analyser pour tester les contrastes de couleurs.<\/li><li data-v-d0e4f3b4=\"\">Validateur du W3C : validator.w3.org<br \/>Extension HeadingsMap pour Firefox, pour visualiser la structuration par les titres.<\/li><li data-v-d0e4f3b4=\"\">Extension de navigateur Web Developer de Chris Pederick<\/li><li data-v-d0e4f3b4=\"\">ARCtoolkit sur Chrome pour de nombreux crit\u00e8res<\/li><li data-v-d0e4f3b4=\"\">Accessibilit\u00e9 PDF | PDF<\/li><\/ul><h3 data-v-d0e4f3b4=\"\">Pages du site ayant fait l\u2019objet de la v\u00e9rification de conformit\u00e9<\/h3><ol data-v-d0e4f3b4=\"\"><li data-v-d0e4f3b4=\"\"><span style=\"text-decoration: underline;\"><span style=\"color: #04633e;\"><a style=\"color: #04633e; text-decoration: underline;\" href=\"https:\/\/cipa-plasticulture.com\/\">page d\u2019accueil<\/a><\/span><\/span><\/li><li data-v-d0e4f3b4=\"\"><span style=\"text-decoration: underline;\"><span style=\"color: #04633e;\"><a style=\"color: #04633e; text-decoration: underline;\" href=\"https:\/\/cipa-plasticulture.com\/contact-us\/\">page contact<\/a><\/span><\/span><\/li><li data-v-d0e4f3b4=\"\"><span style=\"text-decoration: underline; color: #04633e;\"><a style=\"color: #04633e; text-decoration: underline;\" href=\"https:\/\/cipa-plasticulture.com\/wp-content\/uploads\/2025\/01\/Legals-Pricacy-Policies-CIPA.pdf\">page mentions l\u00e9gales<\/a><\/span><\/li><li data-v-d0e4f3b4=\"\"><span style=\"text-decoration: underline;\"><span style=\"color: #04633e;\"><a style=\"color: #04633e; text-decoration: underline;\" href=\"https:\/\/cipa-plasticulture.com\/page-sitemap.xml\">page plan du site<\/a><\/span><\/span><\/li><li data-v-d0e4f3b4=\"\"><span style=\"text-decoration: underline;\"><span style=\"color: #04633e;\"><a style=\"color: #04633e; text-decoration: underline;\" href=\"https:\/\/cipa-plasticulture.com\/our-mission-values\/\">\u00e0 propos de nous<\/a><\/span><\/span><\/li><li data-v-d0e4f3b4=\"\"><span style=\"text-decoration: underline;\"><span style=\"color: #04633e;\"><a style=\"color: #04633e; text-decoration: underline;\" href=\"https:\/\/cipa-plasticulture.com\/subscription\/\">page abonnement<\/a><\/span><\/span><\/li><\/ol><h2 data-v-d0e4f3b4=\"\">Retour d\u2019information et contact<\/h2><p data-v-d0e4f3b4=\"\">Si vous n\u2019arrivez pas \u00e0 acc\u00e9der \u00e0 un contenu ou \u00e0 un service, vous pouvez contacter le responsable de la <strong><span style=\"text-decoration: underline;\"><span style=\"color: #04633e; text-decoration: underline;\"><a style=\"color: #04633e; text-decoration: underline;\" href=\"https:\/\/www.avangardism.com\/\">mise en ligne du CIPA - Alexandre Bessis<\/a><\/span><\/span><\/strong>\u00a0pour \u00eatre orient\u00e9 vers une alternative accessible ou obtenir le contenu sous une autre forme.<\/p><ul data-v-d0e4f3b4=\"\"><li data-v-d0e4f3b4=\"\">Envoyer un message<span class=\"tofill\" data-v-d0e4f3b4=\"\">\u00a0du formulaire en ligne<\/span><\/li><\/ul><h2 data-v-d0e4f3b4=\"\">Voies de recours<\/h2><p data-v-d0e4f3b4=\"\">Si vous constatez un d\u00e9faut d\u2019accessibilit\u00e9 vous emp\u00eachant d\u2019acc\u00e9der \u00e0 un contenu ou une fonctionnalit\u00e9 du site, que vous nous le signalez et que vous ne parvenez pas \u00e0 obtenir une r\u00e9ponse de notre part, vous \u00eates en droit de faire parvenir vos dol\u00e9ances ou une demande de saisine au D\u00e9fenseur des droits.<\/p><p data-v-d0e4f3b4=\"\">Plusieurs moyens sont \u00e0 votre disposition :<\/p><ul data-v-d0e4f3b4=\"\"><li data-v-d0e4f3b4=\"\"><a href=\"https:\/\/formulaire.defenseurdesdroits.fr\/\" data-v-d0e4f3b4=\"\">\u00c9crire un message au D\u00e9fenseur des droits<\/a><\/li><li data-v-d0e4f3b4=\"\"><a href=\"https:\/\/www.defenseurdesdroits.fr\/saisir\/delegues\" data-v-d0e4f3b4=\"\">Contacter le d\u00e9l\u00e9gu\u00e9 du D\u00e9fenseur des droits dans votre r\u00e9gion<\/a><\/li><li data-v-d0e4f3b4=\"\">Envoyer un courrier par la poste (gratuit, ne pas mettre de timbre)<br data-v-d0e4f3b4=\"\" \/>D\u00e9fenseur des droits<br data-v-d0e4f3b4=\"\" \/>Libre r\u00e9ponse 71120<br data-v-d0e4f3b4=\"\" \/>75342 Paris CEDEX 07<\/li><\/ul><\/section><\/div><\/div><div class=\"fr-mt-8w fr-mt-md-12w fr-follow\"><div class=\"fr-container\"><div class=\"fr-grid-row\"><div class=\"fr-col-12 fr-col-md-8\">\u00a0<\/div><\/div><\/div><\/div>\n\t\t\t\t\t<\/div>\n\t\t\t\t\t\t<\/div>\n\t\t\t\t<\/div>\n\t\t\t\t\t<\/div>\n\t\t\t\t<\/div>\n\t\t\t\t<\/div>\n\t\t","protected":false},"excerpt":{"rendered":"<p>D\u00e9claration d&#8217;Accessibilit\u00e9 Comit\u00e9 International du Plastique en Agriculture\u00a0s\u2019engage \u00e0 rendre ses sites internet, intranet, extranet et ses progiciels accessibles (et<\/p>\n","protected":false},"author":1,"featured_media":0,"parent":0,"menu_order":0,"comment_status":"closed","ping_status":"closed","template":"","meta":{"_acf_changed":false,"_themeisle_gutenberg_block_has_review":false,"footnotes":""},"class_list":["post-10382","page","type-page","status-publish","hentry"],"acf":[],"aioseo_notices":[],"_links":{"self":[{"href":"https:\/\/cipa-plasticulture.com\/en\/wp-json\/wp\/v2\/pages\/10382","targetHints":{"allow":["GET"]}}],"collection":[{"href":"https:\/\/cipa-plasticulture.com\/en\/wp-json\/wp\/v2\/pages"}],"about":[{"href":"https:\/\/cipa-plasticulture.com\/en\/wp-json\/wp\/v2\/types\/page"}],"author":[{"embeddable":true,"href":"https:\/\/cipa-plasticulture.com\/en\/wp-json\/wp\/v2\/users\/1"}],"replies":[{"embeddable":true,"href":"https:\/\/cipa-plasticulture.com\/en\/wp-json\/wp\/v2\/comments?post=10382"}],"version-history":[{"count":0,"href":"https:\/\/cipa-plasticulture.com\/en\/wp-json\/wp\/v2\/pages\/10382\/revisions"}],"wp:attachment":[{"href":"https:\/\/cipa-plasticulture.com\/en\/wp-json\/wp\/v2\/media?parent=10382"}],"curies":[{"name":"wp","href":"https:\/\/api.w.org\/{rel}","templated":true}]}}